{"id":3082,"date":"2024-09-04T12:59:19","date_gmt":"2024-09-04T10:59:19","guid":{"rendered":"https:\/\/simatek.com\/?page_id=3082"},"modified":"2026-02-04T20:23:21","modified_gmt":"2026-02-04T19:23:21","slug":"specialpulvere","status":"publish","type":"page","link":"https:\/\/simatek.com\/da\/industries\/specialty-powders\/","title":{"rendered":"Specialiserede pulvere"},"content":{"rendered":"\t\t<div data-elementor-type=\"wp-page\" data-elementor-id=\"3082\" class=\"elementor elementor-3082\" data-elementor-post-type=\"page\">\n\t\t\t\t<div class=\"has_ae_slider elementor-element elementor-element-48d04eb e-flex e-con-boxed ae-bg-gallery-type-default e-con e-parent\" data-id=\"48d04eb\" data-element_type=\"container\" data-e-type=\"container\" data-settings=\"{&quot;background_background&quot;:&quot;classic&quot;}\">\n\t\t\t\t\t<div class=\"e-con-inner\">\n\t\t\t\t\t<\/div>\n\t\t\t\t<\/div>\n\t\t<div class=\"has_ae_slider elementor-element elementor-element-f45a288 e-flex e-con-boxed ae-bg-gallery-type-default e-con e-parent\" data-id=\"f45a288\" data-element_type=\"container\" data-e-type=\"container\" data-settings=\"{&quot;background_background&quot;:&quot;classic&quot;}\">\n\t\t\t\t\t<div class=\"e-con-inner\">\n\t\t\t\t<div class=\"elementor-element elementor-element-9c2371a elementor-align-left elementor-mobile-align-left elementor-widget elementor-widget-breadcrumbs\" data-id=\"9c2371a\" data-element_type=\"widget\" data-e-type=\"widget\" data-widget_type=\"breadcrumbs.default\">\n\t\t\t\t<div class=\"elementor-widget-container\">\n\t\t\t\t\t<p id=\"breadcrumbs\"><span><span><a href=\"https:\/\/simatek.com\/\">Home<\/a><\/span><\/span><\/p>\t\t\t\t<\/div>\n\t\t\t\t<\/div>\n\t\t\t\t\t<\/div>\n\t\t\t\t<\/div>\n\t\t<div class=\"has_ae_slider elementor-element elementor-element-4adbe13 e-flex e-con-boxed ae-bg-gallery-type-default e-con e-parent\" data-id=\"4adbe13\" data-element_type=\"container\" data-e-type=\"container\">\n\t\t\t\t\t<div class=\"e-con-inner\">\n\t\t\t\t<div class=\"elementor-element elementor-element-5b69a0b elementor-grid-3 elementor-grid-tablet-2 elementor-grid-mobile-1 elementor-widget elementor-widget-loop-grid\" data-id=\"5b69a0b\" data-element_type=\"widget\" data-e-type=\"widget\" data-settings=\"{&quot;template_id&quot;:3150,&quot;row_gap_tablet&quot;:{&quot;unit&quot;:&quot;px&quot;,&quot;size&quot;:20,&quot;sizes&quot;:[]},&quot;_skin&quot;:&quot;post&quot;,&quot;columns&quot;:&quot;3&quot;,&quot;columns_tablet&quot;:&quot;2&quot;,&quot;columns_mobile&quot;:&quot;1&quot;,&quot;edit_handle_selector&quot;:&quot;[data-elementor-type=\\&quot;loop-item\\&quot;]&quot;,&quot;row_gap&quot;:{&quot;unit&quot;:&quot;px&quot;,&quot;size&quot;:&quot;&quot;,&quot;sizes&quot;:[]},&quot;row_gap_mobile&quot;:{&quot;unit&quot;:&quot;px&quot;,&quot;size&quot;:&quot;&quot;,&quot;sizes&quot;:[]}}\" data-widget_type=\"loop-grid.post\">\n\t\t\t\t<div class=\"elementor-widget-container\">\n\t\t\t\t\t\t\t<div class=\"elementor-loop-container elementor-grid\" role=\"list\">\n\t\t<style id=\"loop-3150\">.elementor-3150 .elementor-element.elementor-element-879683a{--display:flex;--min-height:470px;--flex-direction:column;--container-widget-width:100%;--container-widget-height:initial;--container-widget-flex-grow:0;--container-widget-align-self:initial;--flex-wrap-mobile:wrap;--gap:0px 0px;--row-gap:0px;--column-gap:0px;--overflow:hidden;--border-radius:8px 8px 8px 8px;}.elementor-widget-image .widget-image-caption{color:var( --e-global-color-text );font-family:var( --e-global-typography-text-font-family ), Sans-serif;font-size:var( --e-global-typography-text-font-size );font-style:var( --e-global-typography-text-font-style );text-decoration:var( --e-global-typography-text-text-decoration );}.elementor-3150 .elementor-element.elementor-element-682eba0 img{width:100%;height:200px;object-fit:cover;object-position:center center;}.elementor-3150 .elementor-element.elementor-element-f0d49a4{--display:flex;--justify-content:space-between;--gap:0px 0px;--row-gap:0px;--column-gap:0px;--padding-top:20px;--padding-bottom:20px;--padding-left:20px;--padding-right:20px;}.elementor-3150 .elementor-element.elementor-element-f0d49a4:not(.elementor-motion-effects-element-type-background), .elementor-3150 .elementor-element.elementor-element-f0d49a4 > .elementor-motion-effects-container > .elementor-motion-effects-layer{background-color:var( --e-global-color-71c100c9 );}.elementor-3150 .elementor-element.elementor-element-f0d49a4.e-con{--flex-grow:1;--flex-shrink:0;}.elementor-3150 .elementor-element.elementor-element-8ddcf1a{--display:flex;}.elementor-widget-heading .elementor-heading-title{font-family:var( --e-global-typography-primary-font-family ), Sans-serif;font-style:var( --e-global-typography-primary-font-style );text-decoration:var( --e-global-typography-primary-text-decoration );color:var( --e-global-color-primary );}.elementor-widget-text-editor{font-family:var( --e-global-typography-text-font-family ), Sans-serif;font-size:var( --e-global-typography-text-font-size );font-style:var( --e-global-typography-text-font-style );text-decoration:var( --e-global-typography-text-text-decoration );color:var( --e-global-color-text );}.elementor-widget-text-editor.elementor-drop-cap-view-stacked .elementor-drop-cap{background-color:var( --e-global-color-primary );}.elementor-widget-text-editor.elementor-drop-cap-view-framed .elementor-drop-cap, .elementor-widget-text-editor.elementor-drop-cap-view-default .elementor-drop-cap{color:var( --e-global-color-primary );border-color:var( --e-global-color-primary );}.elementor-3150 .elementor-element.elementor-element-ef117f1 > .elementor-widget-container{margin:0px 0px 30px 0px;}.elementor-3150 .elementor-element.elementor-element-ce3d315{--display:flex;}.elementor-widget-button .elementor-button{font-family:var( --e-global-typography-accent-font-family ), Sans-serif;font-size:var( --e-global-typography-accent-font-size );font-weight:var( --e-global-typography-accent-font-weight );font-style:var( --e-global-typography-accent-font-style );text-decoration:var( --e-global-typography-accent-text-decoration );letter-spacing:var( --e-global-typography-accent-letter-spacing );background-color:var( --e-global-color-accent );}.elementor-3150 .elementor-element.elementor-element-bc2aa10 .elementor-button{font-family:var( --e-global-typography-accent-font-family ), Sans-serif;font-size:var( --e-global-typography-accent-font-size );font-weight:var( --e-global-typography-accent-font-weight );font-style:var( --e-global-typography-accent-font-style );text-decoration:var( --e-global-typography-accent-text-decoration );letter-spacing:var( --e-global-typography-accent-letter-spacing );fill:var( --e-global-color-4e7aee4c );color:var( --e-global-color-4e7aee4c );background-color:var( --e-global-color-154c8f3 );border-style:solid;border-width:2px 2px 2px 2px;border-color:var( --e-global-color-154c8f3 );}.elementor-3150 .elementor-element.elementor-element-bc2aa10 .elementor-button:hover, .elementor-3150 .elementor-element.elementor-element-bc2aa10 .elementor-button:focus{color:var( --e-global-color-4e7aee4c );background-color:var( --e-global-color-74b9bde );border-color:var( --e-global-color-74b9bde );}.elementor-3150 .elementor-element.elementor-element-bc2aa10 .elementor-button:hover svg, .elementor-3150 .elementor-element.elementor-element-bc2aa10 .elementor-button:focus svg{fill:var( --e-global-color-4e7aee4c );}@media(max-width:1024px){.elementor-widget-image .widget-image-caption{font-size:var( --e-global-typography-text-font-size );}.elementor-widget-text-editor{font-size:var( --e-global-typography-text-font-size );}.elementor-widget-button .elementor-button{font-size:var( --e-global-typography-accent-font-size );letter-spacing:var( --e-global-typography-accent-letter-spacing );}.elementor-3150 .elementor-element.elementor-element-bc2aa10 .elementor-button{font-size:var( --e-global-typography-accent-font-size );letter-spacing:var( --e-global-typography-accent-letter-spacing );}}@media(max-width:767px){.elementor-widget-image .widget-image-caption{font-size:var( --e-global-typography-text-font-size );}.elementor-3150 .elementor-element.elementor-element-682eba0 img{height:150px;}.elementor-widget-text-editor{font-size:var( --e-global-typography-text-font-size );}.elementor-widget-button .elementor-button{font-size:var( --e-global-typography-accent-font-size );letter-spacing:var( --e-global-typography-accent-letter-spacing );}.elementor-3150 .elementor-element.elementor-element-bc2aa10 .elementor-button{font-size:var( --e-global-typography-accent-font-size );letter-spacing:var( --e-global-typography-accent-letter-spacing );}}<\/style>\t\t<div data-elementor-type=\"loop-item\" data-elementor-id=\"3150\" class=\"elementor elementor-3150 e-loop-item e-loop-item-3621 post-3621 industry type-industry status-publish has-post-thumbnail hentry industry-category-specialty-powders\" data-elementor-post-type=\"elementor_library\" data-custom-edit-handle=\"1\">\n\t\t\t<div class=\"has_ae_slider elementor-element elementor-element-879683a e-flex e-con-boxed ae-bg-gallery-type-default e-con e-parent\" data-id=\"879683a\" data-element_type=\"container\" data-e-type=\"container\">\n\t\t\t\t\t<div class=\"e-con-inner\">\n\t\t\t\t<div class=\"elementor-element elementor-element-682eba0 elementor-widget elementor-widget-image\" data-id=\"682eba0\" data-element_type=\"widget\" data-e-type=\"widget\" data-widget_type=\"image.default\">\n\t\t\t\t<div class=\"elementor-widget-container\">\n\t\t\t\t\t\t\t\t\t\t\t\t\t\t\t<img fetchpriority=\"high\" decoding=\"async\" width=\"800\" height=\"355\" src=\"https:\/\/simatek.com\/wp-content\/uploads\/Blood-powder-1024x455.jpg\" class=\"attachment-large size-large wp-image-4406\" alt=\"\" srcset=\"https:\/\/simatek.com\/wp-content\/uploads\/Blood-powder-1024x455.jpg 1024w, https:\/\/simatek.com\/wp-content\/uploads\/Blood-powder-300x133.jpg 300w, https:\/\/simatek.com\/wp-content\/uploads\/Blood-powder-768x341.jpg 768w, https:\/\/simatek.com\/wp-content\/uploads\/Blood-powder-1536x683.jpg 1536w, https:\/\/simatek.com\/wp-content\/uploads\/Blood-powder-scaled.jpg 2048w, https:\/\/simatek.com\/wp-content\/uploads\/Blood-powder-18x8.jpg 18w\" sizes=\"(max-width: 800px) 100vw, 800px\" \/>\t\t\t\t\t\t\t\t\t\t\t\t\t\t\t<\/div>\n\t\t\t\t<\/div>\n\t\t<div class=\"has_ae_slider elementor-element elementor-element-f0d49a4 e-con-full e-flex ae-bg-gallery-type-default e-con e-child\" data-id=\"f0d49a4\" data-element_type=\"container\" data-e-type=\"container\" data-settings=\"{&quot;background_background&quot;:&quot;classic&quot;}\">\n\t\t<div class=\"has_ae_slider elementor-element elementor-element-8ddcf1a e-con-full e-flex ae-bg-gallery-type-default e-con e-child\" data-id=\"8ddcf1a\" data-element_type=\"container\" data-e-type=\"container\">\n\t\t\t\t<div class=\"elementor-element elementor-element-e6afa12 elementor-widget elementor-widget-heading\" data-id=\"e6afa12\" data-element_type=\"widget\" data-e-type=\"widget\" data-widget_type=\"heading.default\">\n\t\t\t\t<div class=\"elementor-widget-container\">\n\t\t\t\t\t<h3 class=\"elementor-heading-title elementor-size-default\"><a href=\"https:\/\/simatek.com\/da\/industry\/blood-powder\/\">Blood Powder<\/a><\/h3>\t\t\t\t<\/div>\n\t\t\t\t<\/div>\n\t\t\t\t<div class=\"elementor-element elementor-element-ef117f1 elementor-widget elementor-widget-text-editor\" data-id=\"ef117f1\" data-element_type=\"widget\" data-e-type=\"widget\" data-widget_type=\"text-editor.default\">\n\t\t\t\t<div class=\"elementor-widget-container\">\n\t\t\t\t\t\t\t\t\tBag filters for efficient product recovery and emission control with or without CIP\t\t\t\t\t\t\t\t<\/div>\n\t\t\t\t<\/div>\n\t\t\t\t<\/div>\n\t\t<div class=\"has_ae_slider elementor-element elementor-element-ce3d315 e-con-full e-flex ae-bg-gallery-type-default e-con e-child\" data-id=\"ce3d315\" data-element_type=\"container\" data-e-type=\"container\">\n\t\t\t\t<div class=\"elementor-element elementor-element-bc2aa10 elementor-align-left elementor-mobile-align-center elementor-widget elementor-widget-button\" data-id=\"bc2aa10\" data-element_type=\"widget\" data-e-type=\"widget\" data-widget_type=\"button.default\">\n\t\t\t\t<div class=\"elementor-widget-container\">\n\t\t\t\t\t\t\t\t\t<div class=\"elementor-button-wrapper\">\n\t\t\t\t\t<a class=\"elementor-button elementor-button-link elementor-size-sm\" href=\"https:\/\/simatek.com\/da\/industry\/blood-powder\/\">\n\t\t\t\t\t\t<span class=\"elementor-button-content-wrapper\">\n\t\t\t\t\t\t\t\t\t<span class=\"elementor-button-text\">Read more<\/span>\n\t\t\t\t\t<\/span>\n\t\t\t\t\t<\/a>\n\t\t\t\t<\/div>\n\t\t\t\t\t\t\t\t<\/div>\n\t\t\t\t<\/div>\n\t\t\t\t<\/div>\n\t\t\t\t<\/div>\n\t\t\t\t\t<\/div>\n\t\t\t\t<\/div>\n\t\t\t\t<\/div>\n\t\t\t\t<div data-elementor-type=\"loop-item\" data-elementor-id=\"3150\" class=\"elementor elementor-3150 e-loop-item e-loop-item-3619 post-3619 industry type-industry status-publish has-post-thumbnail hentry industry-category-specialty-powders\" data-elementor-post-type=\"elementor_library\" data-custom-edit-handle=\"1\">\n\t\t\t<div class=\"has_ae_slider elementor-element elementor-element-879683a e-flex e-con-boxed ae-bg-gallery-type-default e-con e-parent\" data-id=\"879683a\" data-element_type=\"container\" data-e-type=\"container\">\n\t\t\t\t\t<div class=\"e-con-inner\">\n\t\t\t\t<div class=\"elementor-element elementor-element-682eba0 elementor-widget elementor-widget-image\" data-id=\"682eba0\" data-element_type=\"widget\" data-e-type=\"widget\" data-widget_type=\"image.default\">\n\t\t\t\t<div class=\"elementor-widget-container\">\n\t\t\t\t\t\t\t\t\t\t\t\t\t\t\t<img decoding=\"async\" width=\"800\" height=\"355\" src=\"https:\/\/simatek.com\/wp-content\/uploads\/Pharma-and-Nutraceuticals-1024x455.jpg\" class=\"attachment-large size-large wp-image-4416\" alt=\"\" srcset=\"https:\/\/simatek.com\/wp-content\/uploads\/Pharma-and-Nutraceuticals-1024x455.jpg 1024w, https:\/\/simatek.com\/wp-content\/uploads\/Pharma-and-Nutraceuticals-300x133.jpg 300w, https:\/\/simatek.com\/wp-content\/uploads\/Pharma-and-Nutraceuticals-768x341.jpg 768w, https:\/\/simatek.com\/wp-content\/uploads\/Pharma-and-Nutraceuticals-1536x683.jpg 1536w, https:\/\/simatek.com\/wp-content\/uploads\/Pharma-and-Nutraceuticals-scaled.jpg 2048w, https:\/\/simatek.com\/wp-content\/uploads\/Pharma-and-Nutraceuticals-18x8.jpg 18w\" sizes=\"(max-width: 800px) 100vw, 800px\" \/>\t\t\t\t\t\t\t\t\t\t\t\t\t\t\t<\/div>\n\t\t\t\t<\/div>\n\t\t<div class=\"has_ae_slider elementor-element elementor-element-f0d49a4 e-con-full e-flex ae-bg-gallery-type-default e-con e-child\" data-id=\"f0d49a4\" data-element_type=\"container\" data-e-type=\"container\" data-settings=\"{&quot;background_background&quot;:&quot;classic&quot;}\">\n\t\t<div class=\"has_ae_slider elementor-element elementor-element-8ddcf1a e-con-full e-flex ae-bg-gallery-type-default e-con e-child\" data-id=\"8ddcf1a\" data-element_type=\"container\" data-e-type=\"container\">\n\t\t\t\t<div class=\"elementor-element elementor-element-e6afa12 elementor-widget elementor-widget-heading\" data-id=\"e6afa12\" data-element_type=\"widget\" data-e-type=\"widget\" data-widget_type=\"heading.default\">\n\t\t\t\t<div class=\"elementor-widget-container\">\n\t\t\t\t\t<h3 class=\"elementor-heading-title elementor-size-default\"><a href=\"https:\/\/simatek.com\/da\/industry\/pharma-nutraceuticals\/\">Pharma &#038; Nutraceuticals<\/a><\/h3>\t\t\t\t<\/div>\n\t\t\t\t<\/div>\n\t\t\t\t<div class=\"elementor-element elementor-element-ef117f1 elementor-widget elementor-widget-text-editor\" data-id=\"ef117f1\" data-element_type=\"widget\" data-e-type=\"widget\" data-widget_type=\"text-editor.default\">\n\t\t\t\t<div class=\"elementor-widget-container\">\n\t\t\t\t\t\t\t\t\tHygienic bag filters for efficient product recovery and emission control with or without CIP\t\t\t\t\t\t\t\t<\/div>\n\t\t\t\t<\/div>\n\t\t\t\t<\/div>\n\t\t<div class=\"has_ae_slider elementor-element elementor-element-ce3d315 e-con-full e-flex ae-bg-gallery-type-default e-con e-child\" data-id=\"ce3d315\" data-element_type=\"container\" data-e-type=\"container\">\n\t\t\t\t<div class=\"elementor-element elementor-element-bc2aa10 elementor-align-left elementor-mobile-align-center elementor-widget elementor-widget-button\" data-id=\"bc2aa10\" data-element_type=\"widget\" data-e-type=\"widget\" data-widget_type=\"button.default\">\n\t\t\t\t<div class=\"elementor-widget-container\">\n\t\t\t\t\t\t\t\t\t<div class=\"elementor-button-wrapper\">\n\t\t\t\t\t<a class=\"elementor-button elementor-button-link elementor-size-sm\" href=\"https:\/\/simatek.com\/da\/industry\/pharma-nutraceuticals\/\">\n\t\t\t\t\t\t<span class=\"elementor-button-content-wrapper\">\n\t\t\t\t\t\t\t\t\t<span class=\"elementor-button-text\">Read more<\/span>\n\t\t\t\t\t<\/span>\n\t\t\t\t\t<\/a>\n\t\t\t\t<\/div>\n\t\t\t\t\t\t\t\t<\/div>\n\t\t\t\t<\/div>\n\t\t\t\t<\/div>\n\t\t\t\t<\/div>\n\t\t\t\t\t<\/div>\n\t\t\t\t<\/div>\n\t\t\t\t<\/div>\n\t\t\t\t<\/div>\n\t\t\n\t\t\t\t\t\t<\/div>\n\t\t\t\t<\/div>\n\t\t\t\t\t<\/div>\n\t\t\t\t<\/div>\n\t\t\t\t<\/div>\n\t\t","protected":false},"excerpt":{"rendered":"","protected":false},"author":1,"featured_media":0,"parent":1628,"menu_order":0,"comment_status":"closed","ping_status":"closed","template":"elementor_header_footer","meta":{"_acf_changed":false,"content-type":"","footnotes":""},"class_list":["post-3082","page","type-page","status-publish","hentry"],"acf":[],"yoast_head":"<!-- This site is optimized with the Yoast SEO plugin v27.3 - https:\/\/yoast.com\/product\/yoast-seo-wordpress\/ -->\n<title>Filtration for Specialty and Fine Powders | Simatek<\/title>\n<meta name=\"description\" content=\"Simatek designs bag filters for fine, abrasive or sensitive powders. Precise filtration for demanding processes.\" \/>\n<meta name=\"robots\" content=\"index, follow, max-snippet:-1, max-image-preview:large, max-video-preview:-1\" \/>\n<link rel=\"canonical\" href=\"https:\/\/simatek.com\/da\/industrier\/specialpulvere\/\" \/>\n<meta property=\"og:locale\" content=\"da_DK\" \/>\n<meta property=\"og:type\" content=\"article\" \/>\n<meta property=\"og:title\" content=\"Filtration for Specialty and Fine Powders | Simatek\" \/>\n<meta property=\"og:description\" content=\"Simatek designs bag filters for fine, abrasive or sensitive powders. Precise filtration for demanding processes.\" \/>\n<meta property=\"og:url\" content=\"https:\/\/simatek.com\/da\/industrier\/specialpulvere\/\" \/>\n<meta property=\"og:site_name\" content=\"Simatek\" \/>\n<meta property=\"article:modified_time\" content=\"2026-02-04T19:23:21+00:00\" \/>\n<meta name=\"twitter:card\" content=\"summary_large_image\" \/>\n<script type=\"application\/ld+json\" class=\"yoast-schema-graph\">{\"@context\":\"https:\\\/\\\/schema.org\",\"@graph\":[{\"@type\":\"WebPage\",\"@id\":\"https:\\\/\\\/simatek.com\\\/industries\\\/specialty-powders\\\/\",\"url\":\"https:\\\/\\\/simatek.com\\\/industries\\\/specialty-powders\\\/\",\"name\":\"Filtration for Specialty and Fine Powders | Simatek\",\"isPartOf\":{\"@id\":\"https:\\\/\\\/simatek.com\\\/#website\"},\"datePublished\":\"2024-09-04T10:59:19+00:00\",\"dateModified\":\"2026-02-04T19:23:21+00:00\",\"description\":\"Simatek designs bag filters for fine, abrasive or sensitive powders. Precise filtration for demanding processes.\",\"breadcrumb\":{\"@id\":\"https:\\\/\\\/simatek.com\\\/industries\\\/specialty-powders\\\/#breadcrumb\"},\"inLanguage\":\"da-DK\",\"potentialAction\":[{\"@type\":\"ReadAction\",\"target\":[\"https:\\\/\\\/simatek.com\\\/industries\\\/specialty-powders\\\/\"]}]},{\"@type\":\"BreadcrumbList\",\"@id\":\"https:\\\/\\\/simatek.com\\\/industries\\\/specialty-powders\\\/#breadcrumb\",\"itemListElement\":[{\"@type\":\"ListItem\",\"position\":1,\"name\":\"Home\",\"item\":\"https:\\\/\\\/simatek.com\\\/\"},{\"@type\":\"ListItem\",\"position\":2,\"name\":\"Industries\",\"item\":\"https:\\\/\\\/simatek.com\\\/industries\\\/\"},{\"@type\":\"ListItem\",\"position\":3,\"name\":\"Specialty Powders\"}]},{\"@type\":\"WebSite\",\"@id\":\"https:\\\/\\\/simatek.com\\\/#website\",\"url\":\"https:\\\/\\\/simatek.com\\\/\",\"name\":\"Simatek\",\"description\":\"Your partner for emission control\",\"publisher\":{\"@id\":\"https:\\\/\\\/simatek.com\\\/#organization\"},\"potentialAction\":[{\"@type\":\"SearchAction\",\"target\":{\"@type\":\"EntryPoint\",\"urlTemplate\":\"https:\\\/\\\/simatek.com\\\/?s={search_term_string}\"},\"query-input\":{\"@type\":\"PropertyValueSpecification\",\"valueRequired\":true,\"valueName\":\"search_term_string\"}}],\"inLanguage\":\"da-DK\"},{\"@type\":\"Organization\",\"@id\":\"https:\\\/\\\/simatek.com\\\/#organization\",\"name\":\"Simatek\",\"url\":\"https:\\\/\\\/simatek.com\\\/\",\"logo\":{\"@type\":\"ImageObject\",\"inLanguage\":\"da-DK\",\"@id\":\"https:\\\/\\\/simatek.com\\\/#\\\/schema\\\/logo\\\/image\\\/\",\"url\":\"https:\\\/\\\/simatek.com\\\/wp-content\\\/uploads\\\/simatek-logo-text.svg\",\"contentUrl\":\"https:\\\/\\\/simatek.com\\\/wp-content\\\/uploads\\\/simatek-logo-text.svg\",\"width\":283,\"height\":80,\"caption\":\"Simatek\"},\"image\":{\"@id\":\"https:\\\/\\\/simatek.com\\\/#\\\/schema\\\/logo\\\/image\\\/\"}}]}<\/script>\n<!-- \/ Yoast SEO plugin. -->","yoast_head_json":{"title":"Filtrering af specielle og fine pulvere | Simatek","description":"Simatek designer posefiltre til fine, slibende eller f\u00f8lsomme pulvere. Pr\u00e6cis filtrering til kr\u00e6vende processer.","robots":{"index":"index","follow":"follow","max-snippet":"max-snippet:-1","max-image-preview":"max-image-preview:large","max-video-preview":"max-video-preview:-1"},"canonical":"https:\/\/simatek.com\/da\/industrier\/specialpulvere\/","og_locale":"da_DK","og_type":"article","og_title":"Filtration for Specialty and Fine Powders | Simatek","og_description":"Simatek designs bag filters for fine, abrasive or sensitive powders. Precise filtration for demanding processes.","og_url":"https:\/\/simatek.com\/da\/industrier\/specialpulvere\/","og_site_name":"Simatek","article_modified_time":"2026-02-04T19:23:21+00:00","twitter_card":"summary_large_image","schema":{"@context":"https:\/\/schema.org","@graph":[{"@type":"WebPage","@id":"https:\/\/simatek.com\/industries\/specialty-powders\/","url":"https:\/\/simatek.com\/industries\/specialty-powders\/","name":"Filtrering af specielle og fine pulvere | Simatek","isPartOf":{"@id":"https:\/\/simatek.com\/#website"},"datePublished":"2024-09-04T10:59:19+00:00","dateModified":"2026-02-04T19:23:21+00:00","description":"Simatek designer posefiltre til fine, slibende eller f\u00f8lsomme pulvere. Pr\u00e6cis filtrering til kr\u00e6vende processer.","breadcrumb":{"@id":"https:\/\/simatek.com\/industries\/specialty-powders\/#breadcrumb"},"inLanguage":"da-DK","potentialAction":[{"@type":"ReadAction","target":["https:\/\/simatek.com\/industries\/specialty-powders\/"]}]},{"@type":"BreadcrumbList","@id":"https:\/\/simatek.com\/industries\/specialty-powders\/#breadcrumb","itemListElement":[{"@type":"ListItem","position":1,"name":"Home","item":"https:\/\/simatek.com\/"},{"@type":"ListItem","position":2,"name":"Industries","item":"https:\/\/simatek.com\/industries\/"},{"@type":"ListItem","position":3,"name":"Specialty Powders"}]},{"@type":"WebSite","@id":"https:\/\/simatek.com\/#website","url":"https:\/\/simatek.com\/","name":"Simatek","description":"Din partner til emissionskontrol","publisher":{"@id":"https:\/\/simatek.com\/#organization"},"potentialAction":[{"@type":"SearchAction","target":{"@type":"EntryPoint","urlTemplate":"https:\/\/simatek.com\/?s={search_term_string}"},"query-input":{"@type":"PropertyValueSpecification","valueRequired":true,"valueName":"search_term_string"}}],"inLanguage":"da-DK"},{"@type":"Organization","@id":"https:\/\/simatek.com\/#organization","name":"Simatek","url":"https:\/\/simatek.com\/","logo":{"@type":"ImageObject","inLanguage":"da-DK","@id":"https:\/\/simatek.com\/#\/schema\/logo\/image\/","url":"https:\/\/simatek.com\/wp-content\/uploads\/simatek-logo-text.svg","contentUrl":"https:\/\/simatek.com\/wp-content\/uploads\/simatek-logo-text.svg","width":283,"height":80,"caption":"Simatek"},"image":{"@id":"https:\/\/simatek.com\/#\/schema\/logo\/image\/"}}]}},"_links":{"self":[{"href":"https:\/\/simatek.com\/da\/wp-json\/wp\/v2\/pages\/3082","targetHints":{"allow":["GET"]}}],"collection":[{"href":"https:\/\/simatek.com\/da\/wp-json\/wp\/v2\/pages"}],"about":[{"href":"https:\/\/simatek.com\/da\/wp-json\/wp\/v2\/types\/page"}],"author":[{"embeddable":true,"href":"https:\/\/simatek.com\/da\/wp-json\/wp\/v2\/users\/1"}],"replies":[{"embeddable":true,"href":"https:\/\/simatek.com\/da\/wp-json\/wp\/v2\/comments?post=3082"}],"version-history":[{"count":8,"href":"https:\/\/simatek.com\/da\/wp-json\/wp\/v2\/pages\/3082\/revisions"}],"predecessor-version":[{"id":5283,"href":"https:\/\/simatek.com\/da\/wp-json\/wp\/v2\/pages\/3082\/revisions\/5283"}],"up":[{"embeddable":true,"href":"https:\/\/simatek.com\/da\/wp-json\/wp\/v2\/pages\/1628"}],"wp:attachment":[{"href":"https:\/\/simatek.com\/da\/wp-json\/wp\/v2\/media?parent=3082"}],"curies":[{"name":"wp","href":"https:\/\/api.w.org\/{rel}","templated":true}]}}