{"id":4979,"date":"2025-10-27T12:24:23","date_gmt":"2025-10-27T11:24:23","guid":{"rendered":"https:\/\/simatek.com\/?page_id=4979"},"modified":"2025-12-16T06:57:59","modified_gmt":"2025-12-16T05:57:59","slug":"repraesentanter-og-agenter","status":"publish","type":"page","link":"https:\/\/simatek.com\/da\/contact\/representatives-and-agents\/","title":{"rendered":"Repr\u00e6sentanter og agenter"},"content":{"rendered":"<div data-elementor-type=\"wp-page\" data-elementor-id=\"4979\" class=\"elementor elementor-4979\" data-elementor-post-type=\"page\">\n\t\t\t\t<div class=\"has_ae_slider elementor-element elementor-element-b30fc9b e-flex e-con-boxed ae-bg-gallery-type-default e-con e-parent\" data-id=\"b30fc9b\" data-element_type=\"container\" data-e-type=\"container\" data-settings=\"{&quot;background_background&quot;:&quot;classic&quot;}\">\n\t\t\t\t\t<div class=\"e-con-inner\">\n\t\t\t\t<div class=\"elementor-element elementor-element-b02ed9b elementor-widget elementor-widget-heading\" data-id=\"b02ed9b\" data-element_type=\"widget\" data-e-type=\"widget\" data-widget_type=\"heading.default\">\n\t\t\t\t<div class=\"elementor-widget-container\">\n\t\t\t\t\t<h1 class=\"elementor-heading-title elementor-size-default\">Kontakter og adresser<\/h1>\t\t\t\t<\/div>\n\t\t\t\t<\/div>\n\t\t\t\t<div class=\"elementor-element elementor-element-e8189fd elementor-widget elementor-widget-heading\" data-id=\"e8189fd\" data-element_type=\"widget\" data-e-type=\"widget\" data-widget_type=\"heading.default\">\n\t\t\t\t<div class=\"elementor-widget-container\">\n\t\t\t\t\t<h2 class=\"elementor-heading-title elementor-size-default\">Find os her.<\/h2>\t\t\t\t<\/div>\n\t\t\t\t<\/div>\n\t\t\t\t\t<\/div>\n\t\t\t\t<\/div>\n\t\t<div class=\"has_ae_slider elementor-element elementor-element-e95273e e-flex e-con-boxed ae-bg-gallery-type-default e-con e-parent\" data-id=\"e95273e\" data-element_type=\"container\" data-e-type=\"container\" data-settings=\"{&quot;background_background&quot;:&quot;classic&quot;}\">\n\t\t\t\t\t<div class=\"e-con-inner\">\n\t\t\t\t<div class=\"elementor-element elementor-element-3227080 elementor-align-left elementor-mobile-align-left elementor-widget elementor-widget-breadcrumbs\" data-id=\"3227080\" data-element_type=\"widget\" data-e-type=\"widget\" data-widget_type=\"breadcrumbs.default\">\n\t\t\t\t<div class=\"elementor-widget-container\">\n\t\t\t\t\t<p id=\"breadcrumbs\"><span><span><a href=\"https:\/\/simatek.com\/da\/\">Hjem<\/a><\/span><\/span><\/p>\t\t\t\t<\/div>\n\t\t\t\t<\/div>\n\t\t\t\t\t<\/div>\n\t\t\t\t<\/div>\n\t\t<div class=\"has_ae_slider elementor-element elementor-element-b0f9e26 e-flex e-con-boxed ae-bg-gallery-type-default e-con e-parent\" data-id=\"b0f9e26\" data-element_type=\"container\" data-e-type=\"container\" data-settings=\"{&quot;background_background&quot;:&quot;classic&quot;}\">\n\t\t\t\t\t<div class=\"e-con-inner\">\n\t\t<div class=\"has_ae_slider elementor-element elementor-element-f22a4e5 e-con-full e-flex ae-bg-gallery-type-default e-con e-child\" data-id=\"f22a4e5\" data-element_type=\"container\" data-e-type=\"container\" data-settings=\"{&quot;background_background&quot;:&quot;classic&quot;}\">\n\t\t\t\t<div class=\"elementor-element elementor-element-a226750 elementor-nav-menu--dropdown-none page-menu elementor-widget elementor-widget-nav-menu\" data-id=\"a226750\" data-element_type=\"widget\" data-e-type=\"widget\" data-settings=\"{&quot;layout&quot;:&quot;vertical&quot;,&quot;submenu_icon&quot;:{&quot;value&quot;:&quot;&lt;i class=\\&quot;fas fa-caret-down\\&quot; aria-hidden=\\&quot;true\\&quot;&gt;&lt;\\\/i&gt;&quot;,&quot;library&quot;:&quot;fa-solid&quot;}}\" data-widget_type=\"nav-menu.default\">\n\t\t\t\t<div class=\"elementor-widget-container\">\n\t\t\t\t\t\t\t\t<nav aria-label=\"Menu\" class=\"elementor-nav-menu--main elementor-nav-menu__container elementor-nav-menu--layout-vertical e--pointer-background e--animation-fade\">\n\t\t\t\t<ul id=\"menu-1-a226750\" class=\"elementor-nav-menu sm-vertical\"><li class=\"menu-item menu-item-type-post_type menu-item-object-page menu-item-2220\"><a href=\"https:\/\/simatek.com\/da\/contact\/contact-and-adresses\/\" class=\"elementor-item\">Kontakt og adresser<\/a><\/li>\n<li class=\"menu-item menu-item-type-post_type menu-item-object-page menu-item-4981\"><a href=\"https:\/\/simatek.com\/da\/contact\/representatives-and-agents\/\" class=\"elementor-item\">Repr\u00e6sentanter og agenter<\/a><\/li>\n<li class=\"menu-item menu-item-type-post_type menu-item-object-page menu-item-2221\"><a href=\"https:\/\/simatek.com\/da\/contact\/key-people\/\" class=\"elementor-item\">N\u00f8glepersoner<\/a><\/li>\n<\/ul>\t\t\t<\/nav>\n\t\t\t\t\t\t<nav class=\"elementor-nav-menu--dropdown elementor-nav-menu__container\" aria-hidden=\"true\">\n\t\t\t\t<ul id=\"menu-2-a226750\" class=\"elementor-nav-menu sm-vertical\"><li class=\"menu-item menu-item-type-post_type menu-item-object-page menu-item-2220\"><a href=\"https:\/\/simatek.com\/da\/contact\/contact-and-adresses\/\" class=\"elementor-item\" tabindex=\"-1\">Kontakt og adresser<\/a><\/li>\n<li class=\"menu-item menu-item-type-post_type menu-item-object-page menu-item-4981\"><a href=\"https:\/\/simatek.com\/da\/contact\/representatives-and-agents\/\" class=\"elementor-item\" tabindex=\"-1\">Repr\u00e6sentanter og agenter<\/a><\/li>\n<li class=\"menu-item menu-item-type-post_type menu-item-object-page menu-item-2221\"><a href=\"https:\/\/simatek.com\/da\/contact\/key-people\/\" class=\"elementor-item\" tabindex=\"-1\">N\u00f8glepersoner<\/a><\/li>\n<\/ul>\t\t\t<\/nav>\n\t\t\t\t\t\t<\/div>\n\t\t\t\t<\/div>\n\t\t\t\t<\/div>\n\t\t<div class=\"has_ae_slider elementor-element elementor-element-6db01c3 e-con-full e-flex ae-bg-gallery-type-default e-con e-child\" data-id=\"6db01c3\" data-element_type=\"container\" data-e-type=\"container\">\n\t\t<div class=\"has_ae_slider elementor-element elementor-element-a8b90cc e-con-full e-flex ae-bg-gallery-type-default e-con e-child\" data-id=\"a8b90cc\" data-element_type=\"container\" data-e-type=\"container\">\n\t\t\t\t<div class=\"elementor-element elementor-element-5ab9773 elementor-widget elementor-widget-heading\" data-id=\"5ab9773\" data-element_type=\"widget\" data-e-type=\"widget\" data-widget_type=\"heading.default\">\n\t\t\t\t<div class=\"elementor-widget-container\">\n\t\t\t\t\t<h2 class=\"elementor-heading-title elementor-size-default\">Repr\u00e6sentanter og agenter<\/h2>\t\t\t\t<\/div>\n\t\t\t\t<\/div>\n\t\t\t\t<\/div>\n\t\t<div class=\"has_ae_slider elementor-element elementor-element-572868d e-con-full e-flex ae-bg-gallery-type-default e-con e-child\" data-id=\"572868d\" data-element_type=\"container\" data-e-type=\"container\">\n\t\t<div class=\"has_ae_slider elementor-element elementor-element-12b5c87 e-con-full e-flex ae-bg-gallery-type-default e-con e-child\" data-id=\"12b5c87\" data-element_type=\"container\" data-e-type=\"container\">\n\t\t\t\t<div class=\"elementor-element elementor-element-b79a81e elementor-widget elementor-widget-heading\" data-id=\"b79a81e\" data-element_type=\"widget\" data-e-type=\"widget\" data-widget_type=\"heading.default\">\n\t\t\t\t<div class=\"elementor-widget-container\">\n\t\t\t\t\t<h3 class=\"elementor-heading-title elementor-size-default\">Vi har partnere i f\u00f8lgende lande:<\/h3>\t\t\t\t<\/div>\n\t\t\t\t<\/div>\n\t\t\t\t<\/div>\n\t\t<div class=\"has_ae_slider elementor-element elementor-element-9ecc8c7 e-grid e-con-full ae-bg-gallery-type-default e-con e-child\" data-id=\"9ecc8c7\" data-element_type=\"container\" data-e-type=\"container\">\n\t\t<div class=\"has_ae_slider elementor-element elementor-element-1ccb361 e-con-full e-flex ae-bg-gallery-type-default e-con e-child\" data-id=\"1ccb361\" data-element_type=\"container\" data-e-type=\"container\">\n\t\t<div class=\"has_ae_slider elementor-element elementor-element-c3346eb e-con-full e-flex ae-bg-gallery-type-default e-con e-child\" data-id=\"c3346eb\" data-element_type=\"container\" data-e-type=\"container\">\n\t\t\t\t<div class=\"elementor-element elementor-element-eb6ec0b elementor-widget__width-inherit elementor-widget elementor-widget-text-editor\" data-id=\"eb6ec0b\" data-element_type=\"widget\" data-e-type=\"widget\" data-widget_type=\"text-editor.default\">\n\t\t\t\t<div class=\"elementor-widget-container\">\n\t\t\t\t\t\t\t\t\t<p>Argentina<\/p><p>Brasilien<\/p><p>Baltiske lande<\/p><p>Chile<\/p><p>Colombia<\/p><p>Egypten<\/p><p>Finland<\/p><p>Tyskland<\/p><p>Gr\u00e6kenland<\/p><p>Indien<\/p><p>Irak<\/p><p>Pakistan<\/p><p>Spanien<\/p><p>Thailand<\/p><p>Ukraine<\/p>\t\t\t\t\t\t\t\t<\/div>\n\t\t\t\t<\/div>\n\t\t\t\t<\/div>\n\t\t\t\t<\/div>\n\t\t\t\t<\/div>\n\t\t\t\t<div class=\"elementor-element elementor-element-fa26ffe elementor-widget__width-initial elementor-widget elementor-widget-heading\" data-id=\"fa26ffe\" data-element_type=\"widget\" data-e-type=\"widget\" data-widget_type=\"heading.default\">\n\t\t\t\t<div class=\"elementor-widget-container\">\n\t\t\t\t\t<h3 class=\"elementor-heading-title elementor-size-default\">Brug venligst vores kontaktformular for partneroplysninger.<\/h3>\t\t\t\t<\/div>\n\t\t\t\t<\/div>\n\t\t<div class=\"has_ae_slider elementor-element elementor-element-a42a756 e-con-full e-flex ae-bg-gallery-type-default e-con e-child\" data-id=\"a42a756\" data-element_type=\"container\" data-e-type=\"container\">\n\t\t\t\t<div class=\"elementor-element elementor-element-ad08198 elementor-widget elementor-widget-shortcode\" data-id=\"ad08198\" data-element_type=\"widget\" data-e-type=\"widget\" data-widget_type=\"shortcode.default\">\n\t\t\t\t<div class=\"elementor-widget-container\">\n\t\t\t\t\t\t\t<div class=\"elementor-shortcode\"><script charset=\"utf-8\" type=\"text\/javascript\" src=\"\/\/js.hsforms.net\/forms\/embed\/v2.js\"><\/script>\n\t\t\t\t<script>\n\t\t\t\t  hbspt.forms.create({\n\t\t\t\t\tportalId: \"5203398\",\n\t\t\t\t\tformId: \"1f691a76-9237-4f99-92d7-b264bb05eeaf\",\n\t\t\t\t\tregion: \"na1\"\n\t\t\t\t  });\n\t\t\t\t<\/script><\/div>\n\t\t\t\t\t\t<\/div>\n\t\t\t\t<\/div>\n\t\t\t\t<div class=\"elementor-element elementor-element-344ad01 elementor-widget-divider--view-line elementor-widget elementor-widget-divider\" data-id=\"344ad01\" data-element_type=\"widget\" data-e-type=\"widget\" data-widget_type=\"divider.default\">\n\t\t\t\t<div class=\"elementor-widget-container\">\n\t\t\t\t\t\t\t<div class=\"elementor-divider\">\n\t\t\t<span class=\"elementor-divider-separator\">\n\t\t\t\t\t\t<\/span>\n\t\t<\/div>\n\t\t\t\t\t\t<\/div>\n\t\t\t\t<\/div>\n\t\t\t\t<\/div>\n\t\t\t\t<\/div>\n\t\t\t\t<\/div>\n\t\t\t\t\t<\/div>\n\t\t\t\t<\/div>\n\t\t\t\t<\/div>","protected":false},"excerpt":{"rendered":"<p>Kontaktpersoner og adresser Find os her. Repr\u00e6sentanter og agenter Vi har partnere i f\u00f8lgende lande: Argentina Brasilien Baltikum Chile Colombia Egypten Finland Tyskland Gr\u00e6kenland Indien Irak Pakistan Spanien Thailand Ukraine Brug venligst vores kontaktformular for partneroplysninger.<\/p>","protected":false},"author":2,"featured_media":0,"parent":1088,"menu_order":0,"comment_status":"closed","ping_status":"closed","template":"elementor_header_footer","meta":{"_acf_changed":false,"content-type":"","footnotes":""},"class_list":["post-4979","page","type-page","status-publish","hentry"],"acf":[],"yoast_head":"<!-- This site is optimized with the Yoast SEO plugin v27.4 - https:\/\/yoast.com\/product\/yoast-seo-wordpress\/ -->\n<title>Representatives and Agents | Simatek<\/title>\n<meta name=\"robots\" content=\"index, follow, max-snippet:-1, max-image-preview:large, max-video-preview:-1\" \/>\n<link rel=\"canonical\" href=\"https:\/\/simatek.com\/da\/kontakt\/repraesentanter-og-agenter\/\" \/>\n<meta property=\"og:locale\" content=\"da_DK\" \/>\n<meta property=\"og:type\" content=\"article\" \/>\n<meta property=\"og:title\" content=\"Representatives and Agents | Simatek\" \/>\n<meta property=\"og:description\" content=\"Contacts and addresses Find us here. Representatives and Agents We have partners in the following countries: Argentina Brazil Baltic countries Chile Colombia Egypt Finland Germany Greece India Iraq Pakistan Spain Thailand Ukraine Please use our contact form for partner details.\" \/>\n<meta property=\"og:url\" content=\"https:\/\/simatek.com\/da\/kontakt\/repraesentanter-og-agenter\/\" \/>\n<meta property=\"og:site_name\" content=\"Simatek\" \/>\n<meta property=\"article:modified_time\" content=\"2025-12-16T05:57:59+00:00\" \/>\n<meta name=\"twitter:card\" content=\"summary_large_image\" \/>\n<meta name=\"twitter:label1\" content=\"Estimeret l\u00e6setid\" \/>\n\t<meta name=\"twitter:data1\" content=\"1 minut\" \/>\n<script type=\"application\/ld+json\" class=\"yoast-schema-graph\">{\"@context\":\"https:\\\/\\\/schema.org\",\"@graph\":[{\"@type\":\"WebPage\",\"@id\":\"https:\\\/\\\/simatek.com\\\/contact\\\/representatives-and-agents\\\/\",\"url\":\"https:\\\/\\\/simatek.com\\\/contact\\\/representatives-and-agents\\\/\",\"name\":\"Representatives and Agents | Simatek\",\"isPartOf\":{\"@id\":\"https:\\\/\\\/simatek.com\\\/#website\"},\"datePublished\":\"2025-10-27T11:24:23+00:00\",\"dateModified\":\"2025-12-16T05:57:59+00:00\",\"breadcrumb\":{\"@id\":\"https:\\\/\\\/simatek.com\\\/contact\\\/representatives-and-agents\\\/#breadcrumb\"},\"inLanguage\":\"da-DK\",\"potentialAction\":[{\"@type\":\"ReadAction\",\"target\":[\"https:\\\/\\\/simatek.com\\\/contact\\\/representatives-and-agents\\\/\"]}]},{\"@type\":\"BreadcrumbList\",\"@id\":\"https:\\\/\\\/simatek.com\\\/contact\\\/representatives-and-agents\\\/#breadcrumb\",\"itemListElement\":[{\"@type\":\"ListItem\",\"position\":1,\"name\":\"Home\",\"item\":\"https:\\\/\\\/simatek.com\\\/\"},{\"@type\":\"ListItem\",\"position\":2,\"name\":\"Contact\",\"item\":\"https:\\\/\\\/simatek.com\\\/contact\\\/\"},{\"@type\":\"ListItem\",\"position\":3,\"name\":\"Representatives and Agents\"}]},{\"@type\":\"WebSite\",\"@id\":\"https:\\\/\\\/simatek.com\\\/#website\",\"url\":\"https:\\\/\\\/simatek.com\\\/\",\"name\":\"Simatek\",\"description\":\"Your partner for emission control\",\"publisher\":{\"@id\":\"https:\\\/\\\/simatek.com\\\/#organization\"},\"potentialAction\":[{\"@type\":\"SearchAction\",\"target\":{\"@type\":\"EntryPoint\",\"urlTemplate\":\"https:\\\/\\\/simatek.com\\\/?s={search_term_string}\"},\"query-input\":{\"@type\":\"PropertyValueSpecification\",\"valueRequired\":true,\"valueName\":\"search_term_string\"}}],\"inLanguage\":\"da-DK\"},{\"@type\":\"Organization\",\"@id\":\"https:\\\/\\\/simatek.com\\\/#organization\",\"name\":\"Simatek\",\"url\":\"https:\\\/\\\/simatek.com\\\/\",\"logo\":{\"@type\":\"ImageObject\",\"inLanguage\":\"da-DK\",\"@id\":\"https:\\\/\\\/simatek.com\\\/#\\\/schema\\\/logo\\\/image\\\/\",\"url\":\"https:\\\/\\\/simatek.com\\\/wp-content\\\/uploads\\\/simatek-logo-text.svg\",\"contentUrl\":\"https:\\\/\\\/simatek.com\\\/wp-content\\\/uploads\\\/simatek-logo-text.svg\",\"width\":283,\"height\":80,\"caption\":\"Simatek\"},\"image\":{\"@id\":\"https:\\\/\\\/simatek.com\\\/#\\\/schema\\\/logo\\\/image\\\/\"}}]}<\/script>\n<!-- \/ Yoast SEO plugin. -->","yoast_head_json":{"title":"Repr\u00e6sentanter og agenter | Simatek","robots":{"index":"index","follow":"follow","max-snippet":"max-snippet:-1","max-image-preview":"max-image-preview:large","max-video-preview":"max-video-preview:-1"},"canonical":"https:\/\/simatek.com\/da\/kontakt\/repraesentanter-og-agenter\/","og_locale":"da_DK","og_type":"article","og_title":"Representatives and Agents | Simatek","og_description":"Contacts and addresses Find us here. Representatives and Agents We have partners in the following countries: Argentina Brazil Baltic countries Chile Colombia Egypt Finland Germany Greece India Iraq Pakistan Spain Thailand Ukraine Please use our contact form for partner details.","og_url":"https:\/\/simatek.com\/da\/kontakt\/repraesentanter-og-agenter\/","og_site_name":"Simatek","article_modified_time":"2025-12-16T05:57:59+00:00","twitter_card":"summary_large_image","twitter_misc":{"Estimeret l\u00e6setid":"1 minut"},"schema":{"@context":"https:\/\/schema.org","@graph":[{"@type":"WebPage","@id":"https:\/\/simatek.com\/contact\/representatives-and-agents\/","url":"https:\/\/simatek.com\/contact\/representatives-and-agents\/","name":"Repr\u00e6sentanter og agenter | Simatek","isPartOf":{"@id":"https:\/\/simatek.com\/#website"},"datePublished":"2025-10-27T11:24:23+00:00","dateModified":"2025-12-16T05:57:59+00:00","breadcrumb":{"@id":"https:\/\/simatek.com\/contact\/representatives-and-agents\/#breadcrumb"},"inLanguage":"da-DK","potentialAction":[{"@type":"ReadAction","target":["https:\/\/simatek.com\/contact\/representatives-and-agents\/"]}]},{"@type":"BreadcrumbList","@id":"https:\/\/simatek.com\/contact\/representatives-and-agents\/#breadcrumb","itemListElement":[{"@type":"ListItem","position":1,"name":"Home","item":"https:\/\/simatek.com\/"},{"@type":"ListItem","position":2,"name":"Contact","item":"https:\/\/simatek.com\/contact\/"},{"@type":"ListItem","position":3,"name":"Representatives and Agents"}]},{"@type":"WebSite","@id":"https:\/\/simatek.com\/#website","url":"https:\/\/simatek.com\/","name":"Simatek","description":"Din partner til emissionskontrol","publisher":{"@id":"https:\/\/simatek.com\/#organization"},"potentialAction":[{"@type":"SearchAction","target":{"@type":"EntryPoint","urlTemplate":"https:\/\/simatek.com\/?s={search_term_string}"},"query-input":{"@type":"PropertyValueSpecification","valueRequired":true,"valueName":"search_term_string"}}],"inLanguage":"da-DK"},{"@type":"Organization","@id":"https:\/\/simatek.com\/#organization","name":"Simatek","url":"https:\/\/simatek.com\/","logo":{"@type":"ImageObject","inLanguage":"da-DK","@id":"https:\/\/simatek.com\/#\/schema\/logo\/image\/","url":"https:\/\/simatek.com\/wp-content\/uploads\/simatek-logo-text.svg","contentUrl":"https:\/\/simatek.com\/wp-content\/uploads\/simatek-logo-text.svg","width":283,"height":80,"caption":"Simatek"},"image":{"@id":"https:\/\/simatek.com\/#\/schema\/logo\/image\/"}}]}},"_links":{"self":[{"href":"https:\/\/simatek.com\/da\/wp-json\/wp\/v2\/pages\/4979","targetHints":{"allow":["GET"]}}],"collection":[{"href":"https:\/\/simatek.com\/da\/wp-json\/wp\/v2\/pages"}],"about":[{"href":"https:\/\/simatek.com\/da\/wp-json\/wp\/v2\/types\/page"}],"author":[{"embeddable":true,"href":"https:\/\/simatek.com\/da\/wp-json\/wp\/v2\/users\/2"}],"replies":[{"embeddable":true,"href":"https:\/\/simatek.com\/da\/wp-json\/wp\/v2\/comments?post=4979"}],"version-history":[{"count":51,"href":"https:\/\/simatek.com\/da\/wp-json\/wp\/v2\/pages\/4979\/revisions"}],"predecessor-version":[{"id":5790,"href":"https:\/\/simatek.com\/da\/wp-json\/wp\/v2\/pages\/4979\/revisions\/5790"}],"up":[{"embeddable":true,"href":"https:\/\/simatek.com\/da\/wp-json\/wp\/v2\/pages\/1088"}],"wp:attachment":[{"href":"https:\/\/simatek.com\/da\/wp-json\/wp\/v2\/media?parent=4979"}],"curies":[{"name":"wp","href":"https:\/\/api.w.org\/{rel}","templated":true}]}}