{"id":2125,"date":"2024-09-02T11:29:51","date_gmt":"2024-09-02T09:29:51","guid":{"rendered":"https:\/\/simatek.com\/?page_id=2125"},"modified":"2026-01-30T14:41:40","modified_gmt":"2026-01-30T13:41:40","slug":"emissionsvorschriften","status":"publish","type":"page","link":"https:\/\/simatek.com\/de\/standards\/production-quality-standards\/emission-legislation\/","title":{"rendered":"EU- emissionsgesetz"},"content":{"rendered":"<div data-elementor-type=\"wp-page\" data-elementor-id=\"2125\" class=\"elementor elementor-2125\" data-elementor-post-type=\"page\">\n\t\t\t\t<div class=\"has_ae_slider elementor-element elementor-element-aa77f7c e-flex e-con-boxed ae-bg-gallery-type-default e-con e-parent\" data-id=\"aa77f7c\" data-element_type=\"container\" data-e-type=\"container\" data-settings=\"{&quot;background_background&quot;:&quot;classic&quot;}\">\n\t\t\t\t\t<div class=\"e-con-inner\">\n\t\t\t\t<div class=\"elementor-element elementor-element-89ae682 elementor-widget elementor-widget-heading\" data-id=\"89ae682\" data-element_type=\"widget\" data-e-type=\"widget\" data-widget_type=\"heading.default\">\n\t\t\t\t<div class=\"elementor-widget-container\">\n\t\t\t\t\t<h1 class=\"elementor-heading-title elementor-size-default\">EU-Staubemissionsgesetz<\/h1>\t\t\t\t<\/div>\n\t\t\t\t<\/div>\n\t\t\t\t<div class=\"elementor-element elementor-element-bfaf253 elementor-widget elementor-widget-heading\" data-id=\"bfaf253\" data-element_type=\"widget\" data-e-type=\"widget\" data-widget_type=\"heading.default\">\n\t\t\t\t<div class=\"elementor-widget-container\">\n\t\t\t\t\t<h2 class=\"elementor-heading-title elementor-size-default\">Qualit\u00e4t in allem, was wir tun.<\/h2>\t\t\t\t<\/div>\n\t\t\t\t<\/div>\n\t\t\t\t\t<\/div>\n\t\t\t\t<\/div>\n\t\t<div class=\"has_ae_slider elementor-element elementor-element-477b896 e-flex e-con-boxed ae-bg-gallery-type-default e-con e-parent\" data-id=\"477b896\" data-element_type=\"container\" data-e-type=\"container\" data-settings=\"{&quot;background_background&quot;:&quot;classic&quot;}\">\n\t\t\t\t\t<div class=\"e-con-inner\">\n\t\t\t\t<div class=\"elementor-element elementor-element-7bbaf14 elementor-align-left elementor-mobile-align-left elementor-widget elementor-widget-breadcrumbs\" data-id=\"7bbaf14\" data-element_type=\"widget\" data-e-type=\"widget\" data-widget_type=\"breadcrumbs.default\">\n\t\t\t\t<div class=\"elementor-widget-container\">\n\t\t\t\t\t<p id=\"breadcrumbs\"><span><span><a href=\"https:\/\/simatek.com\/de\/\">Startseite<\/a><\/span><\/span><\/p>\t\t\t\t<\/div>\n\t\t\t\t<\/div>\n\t\t\t\t\t<\/div>\n\t\t\t\t<\/div>\n\t\t<div class=\"has_ae_slider elementor-element elementor-element-f9229fc e-flex e-con-boxed ae-bg-gallery-type-default e-con e-parent\" data-id=\"f9229fc\" data-element_type=\"container\" data-e-type=\"container\" data-settings=\"{&quot;background_background&quot;:&quot;classic&quot;}\">\n\t\t\t\t\t<div class=\"e-con-inner\">\n\t\t<div class=\"has_ae_slider elementor-element elementor-element-9bfdf9d e-con-full e-flex ae-bg-gallery-type-default e-con e-child\" data-id=\"9bfdf9d\" data-element_type=\"container\" data-e-type=\"container\" data-settings=\"{&quot;background_background&quot;:&quot;classic&quot;}\">\n\t\t\t\t<div class=\"elementor-element elementor-element-d093f5f elementor-nav-menu--dropdown-none page-menu elementor-widget elementor-widget-nav-menu\" data-id=\"d093f5f\" data-element_type=\"widget\" data-e-type=\"widget\" data-settings=\"{&quot;layout&quot;:&quot;vertical&quot;,&quot;submenu_icon&quot;:{&quot;value&quot;:&quot;&lt;i class=\\&quot;fas fa-caret-down\\&quot; aria-hidden=\\&quot;true\\&quot;&gt;&lt;\\\/i&gt;&quot;,&quot;library&quot;:&quot;fa-solid&quot;}}\" data-widget_type=\"nav-menu.default\">\n\t\t\t\t<div class=\"elementor-widget-container\">\n\t\t\t\t\t\t\t\t<nav aria-label=\"Men\u00fc\" class=\"elementor-nav-menu--main elementor-nav-menu__container elementor-nav-menu--layout-vertical e--pointer-background e--animation-fade\">\n\t\t\t\t<ul id=\"menu-1-d093f5f\" class=\"elementor-nav-menu sm-vertical\"><li class=\"menu-item menu-item-type-post_type menu-item-object-page menu-item-2131\"><a href=\"https:\/\/simatek.com\/de\/standards\/production-quality-standards\/product-quality-standards\/\" class=\"elementor-item\">Produktqualit\u00e4t und Standards<\/a><\/li>\n<li class=\"menu-item menu-item-type-post_type menu-item-object-page menu-item-2130\"><a href=\"https:\/\/simatek.com\/de\/standards\/production-quality-standards\/standards-and-certificates\/\" class=\"elementor-item\">Normen und Zertifikate<\/a><\/li>\n<li class=\"menu-item menu-item-type-post_type menu-item-object-page menu-item-2129\"><a href=\"https:\/\/simatek.com\/de\/standards\/\" class=\"elementor-item\">Dokumentation<\/a><\/li>\n<li class=\"menu-item menu-item-type-post_type menu-item-object-page menu-item-2128\"><a href=\"https:\/\/simatek.com\/de\/standards\/production-quality-standards\/emission-legislation\/\" class=\"elementor-item\">EU- emissionsgesetz<\/a><\/li>\n<\/ul>\t\t\t<\/nav>\n\t\t\t\t\t\t<nav class=\"elementor-nav-menu--dropdown elementor-nav-menu__container\" aria-hidden=\"true\">\n\t\t\t\t<ul id=\"menu-2-d093f5f\" class=\"elementor-nav-menu sm-vertical\"><li class=\"menu-item menu-item-type-post_type menu-item-object-page menu-item-2131\"><a href=\"https:\/\/simatek.com\/de\/standards\/production-quality-standards\/product-quality-standards\/\" class=\"elementor-item\" tabindex=\"-1\">Produktqualit\u00e4t und Standards<\/a><\/li>\n<li class=\"menu-item menu-item-type-post_type menu-item-object-page menu-item-2130\"><a href=\"https:\/\/simatek.com\/de\/standards\/production-quality-standards\/standards-and-certificates\/\" class=\"elementor-item\" tabindex=\"-1\">Normen und Zertifikate<\/a><\/li>\n<li class=\"menu-item menu-item-type-post_type menu-item-object-page menu-item-2129\"><a href=\"https:\/\/simatek.com\/de\/standards\/\" class=\"elementor-item\" tabindex=\"-1\">Dokumentation<\/a><\/li>\n<li class=\"menu-item menu-item-type-post_type menu-item-object-page menu-item-2128\"><a href=\"https:\/\/simatek.com\/de\/standards\/production-quality-standards\/emission-legislation\/\" class=\"elementor-item\" tabindex=\"-1\">EU- emissionsgesetz<\/a><\/li>\n<\/ul>\t\t\t<\/nav>\n\t\t\t\t\t\t<\/div>\n\t\t\t\t<\/div>\n\t\t\t\t<\/div>\n\t\t<div class=\"has_ae_slider elementor-element elementor-element-47b25a4 e-con-full e-flex ae-bg-gallery-type-default e-con e-child\" data-id=\"47b25a4\" data-element_type=\"container\" data-e-type=\"container\">\n\t\t\t\t<div class=\"elementor-element elementor-element-01eae72 elementor-widget elementor-widget-heading\" data-id=\"01eae72\" data-element_type=\"widget\" data-e-type=\"widget\" data-widget_type=\"heading.default\">\n\t\t\t\t<div class=\"elementor-widget-container\">\n\t\t\t\t\t<h2 class=\"elementor-heading-title elementor-size-default\">Alle Massnahmen - einschl. der Genehmigungen - die zur Einhaltung der neuen Anforderungen der Staub- und Pulveremissionen erforderlich sind, m\u00fcssen am 4. Dezember 2023 vollst\u00e4ndig umgesetzt und genehmigt werden.<\/h2>\t\t\t\t<\/div>\n\t\t\t\t<\/div>\n\t\t\t\t<div class=\"elementor-element elementor-element-551d682 elementor-widget elementor-widget-text-editor\" data-id=\"551d682\" data-element_type=\"widget\" data-e-type=\"widget\" data-widget_type=\"text-editor.default\">\n\t\t\t\t<div class=\"elementor-widget-container\">\n\t\t\t\t\t\t\t\t\t<p>Folglich m\u00fcssen alle Verarbeiter und Hersteller, die unter diese Gesetzgebung fallen, ihre Zulassungen \u00fcberpr\u00fcfen lassen und sicherstellen, dass die neuen Emissionsanforderungen bis zum 4. Dezember 2023 erf\u00fcllt werden.<\/p><p>Diese Rechtsvorschriften beruhen auf den EU-Richtlinien:<\/p>\t\t\t\t\t\t\t\t<\/div>\n\t\t\t\t<\/div>\n\t\t\t\t<div class=\"elementor-element elementor-element-6d71c95 elementor-icon-list--layout-traditional elementor-list-item-link-full_width elementor-widget elementor-widget-icon-list\" data-id=\"6d71c95\" data-element_type=\"widget\" data-e-type=\"widget\" data-widget_type=\"icon-list.default\">\n\t\t\t\t<div class=\"elementor-widget-container\">\n\t\t\t\t\t\t\t<ul class=\"elementor-icon-list-items\">\n\t\t\t\t\t\t\t<li class=\"elementor-icon-list-item\">\n\t\t\t\t\t\t\t\t\t\t\t<a href=\"https:\/\/eur-lex.europa.eu\/legal-content\/EN\/TXT\/PDF\/?uri=CELEX:32010L0075&#038;from=EN\" target=\"_blank\">\n\n\t\t\t\t\t\t\t\t\t\t\t\t<span class=\"elementor-icon-list-icon\">\n\t\t\t\t\t\t\t<i aria-hidden=\"true\" class=\"fas fa-circle\"><\/i>\t\t\t\t\t\t<\/span>\n\t\t\t\t\t\t\t\t\t\t<span class=\"elementor-icon-list-text\">EU-Richtlinie 2010\/75\/EU vom 24. November 2010<\/span>\n\t\t\t\t\t\t\t\t\t\t\t<\/a>\n\t\t\t\t\t\t\t\t\t<\/li>\n\t\t\t\t\t\t\t\t<li class=\"elementor-icon-list-item\">\n\t\t\t\t\t\t\t\t\t\t\t<a href=\"https:\/\/eur-lex.europa.eu\/legal-content\/EN\/TXT\/PDF\/?uri=CELEX:32019D2031&#038;from=EN\" target=\"_blank\">\n\n\t\t\t\t\t\t\t\t\t\t\t\t<span class=\"elementor-icon-list-icon\">\n\t\t\t\t\t\t\t<i aria-hidden=\"true\" class=\"fas fa-circle\"><\/i>\t\t\t\t\t\t<\/span>\n\t\t\t\t\t\t\t\t\t\t<span class=\"elementor-icon-list-text\">Durchf\u00fchrungsbeschluss (EU) 2019\/2031 der Kommission vom 12. November 2019<\/span>\n\t\t\t\t\t\t\t\t\t\t\t<\/a>\n\t\t\t\t\t\t\t\t\t<\/li>\n\t\t\t\t\t\t<\/ul>\n\t\t\t\t\t\t<\/div>\n\t\t\t\t<\/div>\n\t\t\t\t<div class=\"elementor-element elementor-element-78f55e8 elementor-widget elementor-widget-text-editor\" data-id=\"78f55e8\" data-element_type=\"widget\" data-e-type=\"widget\" data-widget_type=\"text-editor.default\">\n\t\t\t\t<div class=\"elementor-widget-container\">\n\t\t\t\t\t\t\t\t\t<p>Es wurde eine Reihe neuer BVT (beste verf\u00fcgbare Technologien) vorgeschlagen.<\/p><p>(<a href=\"https:\/\/f.hubspotusercontent40.net\/hubfs\/5203398\/GB%20BAT%20conclusions.pdf\">Auszug aus dem BVT-Dokument<\/a>)<\/p>\t\t\t\t\t\t\t\t<\/div>\n\t\t\t\t<\/div>\n\t\t\t\t<\/div>\n\t\t\t\t\t<\/div>\n\t\t\t\t<\/div>\n\t\t\t\t<\/div>","protected":false},"excerpt":{"rendered":"<p>New Emission Legislation Quality in everything we do. New European Union legislation on dust and powder emissions from processes takes effect no later than December 4th 2023. Consequently it is a requirement that all processors and manufacturers covered by this legislation are required to have their approvals evaluated and ensure that the new emission requirements [&hellip;]<\/p>\n","protected":false},"author":1,"featured_media":0,"parent":2117,"menu_order":0,"comment_status":"closed","ping_status":"closed","template":"elementor_header_footer","meta":{"_acf_changed":false,"content-type":"","footnotes":""},"class_list":["post-2125","page","type-page","status-publish","hentry"],"acf":[],"yoast_head":"<!-- This site is optimized with the Yoast SEO plugin v27.3 - https:\/\/yoast.com\/product\/yoast-seo-wordpress\/ -->\n<title>Environmental Compliance | Simatek<\/title>\n<meta name=\"description\" content=\"Simatek complies with European regulations on industrial emissions to ensure responsible operation and production.\" \/>\n<meta name=\"robots\" content=\"index, follow, max-snippet:-1, max-image-preview:large, max-video-preview:-1\" \/>\n<link rel=\"canonical\" href=\"https:\/\/simatek.com\/de\/normen\/qualitatsstandards-fur-die-produktion\/emissionsvorschriften\/\" \/>\n<meta property=\"og:locale\" content=\"de_DE\" \/>\n<meta property=\"og:type\" content=\"article\" \/>\n<meta property=\"og:title\" content=\"Environmental Compliance | Simatek\" \/>\n<meta property=\"og:description\" content=\"Simatek complies with European regulations on industrial emissions to ensure responsible operation and production.\" \/>\n<meta property=\"og:url\" content=\"https:\/\/simatek.com\/de\/normen\/qualitatsstandards-fur-die-produktion\/emissionsvorschriften\/\" \/>\n<meta property=\"og:site_name\" content=\"Simatek\" \/>\n<meta property=\"article:modified_time\" content=\"2026-01-30T13:41:40+00:00\" \/>\n<meta name=\"twitter:card\" content=\"summary_large_image\" \/>\n<meta name=\"twitter:label1\" content=\"Gesch\u00e4tzte Lesezeit\" \/>\n\t<meta name=\"twitter:data1\" content=\"1\u00a0Minute\" \/>\n<script type=\"application\/ld+json\" class=\"yoast-schema-graph\">{\"@context\":\"https:\\\/\\\/schema.org\",\"@graph\":[{\"@type\":\"WebPage\",\"@id\":\"https:\\\/\\\/simatek.com\\\/standards\\\/production-quality-standards\\\/emission-legislation\\\/\",\"url\":\"https:\\\/\\\/simatek.com\\\/standards\\\/production-quality-standards\\\/emission-legislation\\\/\",\"name\":\"Environmental Compliance | Simatek\",\"isPartOf\":{\"@id\":\"https:\\\/\\\/simatek.com\\\/#website\"},\"datePublished\":\"2024-09-02T09:29:51+00:00\",\"dateModified\":\"2026-01-30T13:41:40+00:00\",\"description\":\"Simatek complies with European regulations on industrial emissions to ensure responsible operation and production.\",\"breadcrumb\":{\"@id\":\"https:\\\/\\\/simatek.com\\\/standards\\\/production-quality-standards\\\/emission-legislation\\\/#breadcrumb\"},\"inLanguage\":\"de\",\"potentialAction\":[{\"@type\":\"ReadAction\",\"target\":[\"https:\\\/\\\/simatek.com\\\/standards\\\/production-quality-standards\\\/emission-legislation\\\/\"]}]},{\"@type\":\"BreadcrumbList\",\"@id\":\"https:\\\/\\\/simatek.com\\\/standards\\\/production-quality-standards\\\/emission-legislation\\\/#breadcrumb\",\"itemListElement\":[{\"@type\":\"ListItem\",\"position\":1,\"name\":\"Home\",\"item\":\"https:\\\/\\\/simatek.com\\\/\"},{\"@type\":\"ListItem\",\"position\":2,\"name\":\"Documentation\",\"item\":\"https:\\\/\\\/simatek.com\\\/standards\\\/\"},{\"@type\":\"ListItem\",\"position\":3,\"name\":\"Production Quality and Standards\",\"item\":\"https:\\\/\\\/simatek.com\\\/standards\\\/production-quality-standards\\\/\"},{\"@type\":\"ListItem\",\"position\":4,\"name\":\"Emission Legislation\"}]},{\"@type\":\"WebSite\",\"@id\":\"https:\\\/\\\/simatek.com\\\/#website\",\"url\":\"https:\\\/\\\/simatek.com\\\/\",\"name\":\"Simatek\",\"description\":\"Your partner for emission control\",\"publisher\":{\"@id\":\"https:\\\/\\\/simatek.com\\\/#organization\"},\"potentialAction\":[{\"@type\":\"SearchAction\",\"target\":{\"@type\":\"EntryPoint\",\"urlTemplate\":\"https:\\\/\\\/simatek.com\\\/?s={search_term_string}\"},\"query-input\":{\"@type\":\"PropertyValueSpecification\",\"valueRequired\":true,\"valueName\":\"search_term_string\"}}],\"inLanguage\":\"de\"},{\"@type\":\"Organization\",\"@id\":\"https:\\\/\\\/simatek.com\\\/#organization\",\"name\":\"Simatek\",\"url\":\"https:\\\/\\\/simatek.com\\\/\",\"logo\":{\"@type\":\"ImageObject\",\"inLanguage\":\"de\",\"@id\":\"https:\\\/\\\/simatek.com\\\/#\\\/schema\\\/logo\\\/image\\\/\",\"url\":\"https:\\\/\\\/simatek.com\\\/wp-content\\\/uploads\\\/simatek-logo-text.svg\",\"contentUrl\":\"https:\\\/\\\/simatek.com\\\/wp-content\\\/uploads\\\/simatek-logo-text.svg\",\"width\":283,\"height\":80,\"caption\":\"Simatek\"},\"image\":{\"@id\":\"https:\\\/\\\/simatek.com\\\/#\\\/schema\\\/logo\\\/image\\\/\"}}]}<\/script>\n<!-- \/ Yoast SEO plugin. -->","yoast_head_json":{"title":"Einhaltung der Umweltvorschriften | Simatek","description":"Simatek h\u00e4lt die europ\u00e4ischen Vorschriften f\u00fcr Industrieemissionen ein, um einen verantwortungsvollen Betrieb und eine verantwortungsvolle Produktion zu gew\u00e4hrleisten.","robots":{"index":"index","follow":"follow","max-snippet":"max-snippet:-1","max-image-preview":"max-image-preview:large","max-video-preview":"max-video-preview:-1"},"canonical":"https:\/\/simatek.com\/de\/normen\/qualitatsstandards-fur-die-produktion\/emissionsvorschriften\/","og_locale":"de_DE","og_type":"article","og_title":"Environmental Compliance | Simatek","og_description":"Simatek complies with European regulations on industrial emissions to ensure responsible operation and production.","og_url":"https:\/\/simatek.com\/de\/normen\/qualitatsstandards-fur-die-produktion\/emissionsvorschriften\/","og_site_name":"Simatek","article_modified_time":"2026-01-30T13:41:40+00:00","twitter_card":"summary_large_image","twitter_misc":{"Gesch\u00e4tzte Lesezeit":"1\u00a0Minute"},"schema":{"@context":"https:\/\/schema.org","@graph":[{"@type":"WebPage","@id":"https:\/\/simatek.com\/standards\/production-quality-standards\/emission-legislation\/","url":"https:\/\/simatek.com\/standards\/production-quality-standards\/emission-legislation\/","name":"Einhaltung der Umweltvorschriften | Simatek","isPartOf":{"@id":"https:\/\/simatek.com\/#website"},"datePublished":"2024-09-02T09:29:51+00:00","dateModified":"2026-01-30T13:41:40+00:00","description":"Simatek h\u00e4lt die europ\u00e4ischen Vorschriften f\u00fcr Industrieemissionen ein, um einen verantwortungsvollen Betrieb und eine verantwortungsvolle Produktion zu gew\u00e4hrleisten.","breadcrumb":{"@id":"https:\/\/simatek.com\/standards\/production-quality-standards\/emission-legislation\/#breadcrumb"},"inLanguage":"de","potentialAction":[{"@type":"ReadAction","target":["https:\/\/simatek.com\/standards\/production-quality-standards\/emission-legislation\/"]}]},{"@type":"BreadcrumbList","@id":"https:\/\/simatek.com\/standards\/production-quality-standards\/emission-legislation\/#breadcrumb","itemListElement":[{"@type":"ListItem","position":1,"name":"Home","item":"https:\/\/simatek.com\/"},{"@type":"ListItem","position":2,"name":"Documentation","item":"https:\/\/simatek.com\/standards\/"},{"@type":"ListItem","position":3,"name":"Production Quality and Standards","item":"https:\/\/simatek.com\/standards\/production-quality-standards\/"},{"@type":"ListItem","position":4,"name":"Emission Legislation"}]},{"@type":"WebSite","@id":"https:\/\/simatek.com\/#website","url":"https:\/\/simatek.com\/","name":"Simatek","description":"Ihr Partner f\u00fcr die Emissionskontrolle","publisher":{"@id":"https:\/\/simatek.com\/#organization"},"potentialAction":[{"@type":"SearchAction","target":{"@type":"EntryPoint","urlTemplate":"https:\/\/simatek.com\/?s={search_term_string}"},"query-input":{"@type":"PropertyValueSpecification","valueRequired":true,"valueName":"search_term_string"}}],"inLanguage":"de"},{"@type":"Organization","@id":"https:\/\/simatek.com\/#organization","name":"Simatek","url":"https:\/\/simatek.com\/","logo":{"@type":"ImageObject","inLanguage":"de","@id":"https:\/\/simatek.com\/#\/schema\/logo\/image\/","url":"https:\/\/simatek.com\/wp-content\/uploads\/simatek-logo-text.svg","contentUrl":"https:\/\/simatek.com\/wp-content\/uploads\/simatek-logo-text.svg","width":283,"height":80,"caption":"Simatek"},"image":{"@id":"https:\/\/simatek.com\/#\/schema\/logo\/image\/"}}]}},"_links":{"self":[{"href":"https:\/\/simatek.com\/de\/wp-json\/wp\/v2\/pages\/2125","targetHints":{"allow":["GET"]}}],"collection":[{"href":"https:\/\/simatek.com\/de\/wp-json\/wp\/v2\/pages"}],"about":[{"href":"https:\/\/simatek.com\/de\/wp-json\/wp\/v2\/types\/page"}],"author":[{"embeddable":true,"href":"https:\/\/simatek.com\/de\/wp-json\/wp\/v2\/users\/1"}],"replies":[{"embeddable":true,"href":"https:\/\/simatek.com\/de\/wp-json\/wp\/v2\/comments?post=2125"}],"version-history":[{"count":19,"href":"https:\/\/simatek.com\/de\/wp-json\/wp\/v2\/pages\/2125\/revisions"}],"predecessor-version":[{"id":4602,"href":"https:\/\/simatek.com\/de\/wp-json\/wp\/v2\/pages\/2125\/revisions\/4602"}],"up":[{"embeddable":true,"href":"https:\/\/simatek.com\/de\/wp-json\/wp\/v2\/pages\/2117"}],"wp:attachment":[{"href":"https:\/\/simatek.com\/de\/wp-json\/wp\/v2\/media?parent=2125"}],"curies":[{"name":"wp","href":"https:\/\/api.w.org\/{rel}","templated":true}]}}