{"id":2625,"date":"2024-09-04T08:40:32","date_gmt":"2024-09-04T06:40:32","guid":{"rendered":"https:\/\/simatek.com\/?page_id=2625"},"modified":"2026-02-26T12:08:25","modified_gmt":"2026-02-26T11:08:25","slug":"vision-mission-und-werte","status":"publish","type":"page","link":"https:\/\/simatek.com\/de\/about\/vision-mission-and-values\/","title":{"rendered":"Vision, Auftrag und Werte"},"content":{"rendered":"<div data-elementor-type=\"wp-page\" data-elementor-id=\"2625\" class=\"elementor elementor-2625\" data-elementor-post-type=\"page\">\n\t\t\t\t<div class=\"has_ae_slider elementor-element elementor-element-849104a e-flex e-con-boxed ae-bg-gallery-type-default e-con e-parent\" data-id=\"849104a\" data-element_type=\"container\" data-e-type=\"container\" data-settings=\"{&quot;background_background&quot;:&quot;classic&quot;}\">\n\t\t\t\t\t<div class=\"e-con-inner\">\n\t\t\t\t<div class=\"elementor-element elementor-element-78b5eef elementor-widget elementor-widget-heading\" data-id=\"78b5eef\" data-element_type=\"widget\" data-e-type=\"widget\" data-widget_type=\"heading.default\">\n\t\t\t\t<div class=\"elementor-widget-container\">\n\t\t\t\t\t<h1 class=\"elementor-heading-title elementor-size-default\">Vision, Auftrag und Werte<\/h1>\t\t\t\t<\/div>\n\t\t\t\t<\/div>\n\t\t\t\t\t<\/div>\n\t\t\t\t<\/div>\n\t\t<div class=\"has_ae_slider elementor-element elementor-element-b9600c3 e-flex e-con-boxed ae-bg-gallery-type-default e-con e-parent\" data-id=\"b9600c3\" data-element_type=\"container\" data-e-type=\"container\" data-settings=\"{&quot;background_background&quot;:&quot;classic&quot;}\">\n\t\t\t\t\t<div class=\"e-con-inner\">\n\t\t\t\t<div class=\"elementor-element elementor-element-3d34695 elementor-align-left elementor-mobile-align-left elementor-widget elementor-widget-breadcrumbs\" data-id=\"3d34695\" data-element_type=\"widget\" data-e-type=\"widget\" data-widget_type=\"breadcrumbs.default\">\n\t\t\t\t<div class=\"elementor-widget-container\">\n\t\t\t\t\t<p id=\"breadcrumbs\"><span><span><a href=\"https:\/\/simatek.com\/de\/\">Startseite<\/a><\/span><\/span><\/p>\t\t\t\t<\/div>\n\t\t\t\t<\/div>\n\t\t\t\t\t<\/div>\n\t\t\t\t<\/div>\n\t\t<div class=\"has_ae_slider elementor-element elementor-element-52233f2 e-flex e-con-boxed ae-bg-gallery-type-default e-con e-parent\" data-id=\"52233f2\" data-element_type=\"container\" data-e-type=\"container\" data-settings=\"{&quot;background_background&quot;:&quot;classic&quot;}\">\n\t\t\t\t\t<div class=\"e-con-inner\">\n\t\t<div class=\"has_ae_slider elementor-element elementor-element-7e1875d e-con-full e-flex ae-bg-gallery-type-default e-con e-child\" data-id=\"7e1875d\" data-element_type=\"container\" data-e-type=\"container\" data-settings=\"{&quot;background_background&quot;:&quot;classic&quot;}\">\n\t\t\t\t<div class=\"elementor-element elementor-element-bce051e elementor-nav-menu--dropdown-none page-menu elementor-widget elementor-widget-nav-menu\" data-id=\"bce051e\" data-element_type=\"widget\" data-e-type=\"widget\" data-settings=\"{&quot;layout&quot;:&quot;vertical&quot;,&quot;submenu_icon&quot;:{&quot;value&quot;:&quot;&lt;i class=\\&quot;fas fa-caret-down\\&quot; aria-hidden=\\&quot;true\\&quot;&gt;&lt;\\\/i&gt;&quot;,&quot;library&quot;:&quot;fa-solid&quot;}}\" data-widget_type=\"nav-menu.default\">\n\t\t\t\t<div class=\"elementor-widget-container\">\n\t\t\t\t\t\t\t\t<nav aria-label=\"Men\u00fc\" class=\"elementor-nav-menu--main elementor-nav-menu__container elementor-nav-menu--layout-vertical e--pointer-background e--animation-fade\">\n\t\t\t\t<ul id=\"menu-1-bce051e\" class=\"elementor-nav-menu sm-vertical\"><li class=\"menu-item menu-item-type-post_type menu-item-object-page menu-item-2624\"><a href=\"https:\/\/simatek.com\/de\/about\/\" class=\"elementor-item\">\u00dcber<\/a><\/li>\n<li class=\"menu-item menu-item-type-post_type menu-item-object-page menu-item-2648\"><a href=\"https:\/\/simatek.com\/de\/about\/vision-mission-and-values\/\" class=\"elementor-item\">Vision, Auftrag und Werte<\/a><\/li>\n<li class=\"menu-item menu-item-type-post_type menu-item-object-page menu-item-2644\"><a href=\"https:\/\/simatek.com\/de\/about\/our-history-en\/\" class=\"elementor-item\">Unsere Geschichte<\/a><\/li>\n<li class=\"menu-item menu-item-type-post_type menu-item-object-page menu-item-2641\"><a href=\"https:\/\/simatek.com\/de\/about\/acquisition-of-flsmidth-fabric-filter-business\/\" class=\"elementor-item\">Erwerb des FLSmidth-Gewebefiltergesch\u00e4fts<\/a><\/li>\n<li class=\"menu-item menu-item-type-post_type menu-item-object-page menu-item-2647\"><a href=\"https:\/\/simatek.com\/de\/about\/trade-fairs\/\" class=\"elementor-item\">Messen<\/a><\/li>\n<li class=\"menu-item menu-item-type-post_type menu-item-object-page menu-item-2643\"><a href=\"https:\/\/simatek.com\/de\/about\/jobs\/\" class=\"elementor-item\">Karriere<\/a><\/li>\n<li class=\"menu-item menu-item-type-post_type menu-item-object-page menu-item-2649\"><a href=\"https:\/\/simatek.com\/de\/about\/whistleblower\/\" class=\"elementor-item\">Whistleblower-System<\/a><\/li>\n<li class=\"menu-item menu-item-type-post_type menu-item-object-page menu-item-2642\"><a href=\"https:\/\/simatek.com\/de\/about\/cookie-and-data-privacy-policy\/\" class=\"elementor-item\">Cookie- und Datenschutzrichtlinie<\/a><\/li>\n<li class=\"menu-item menu-item-type-custom menu-item-object-custom menu-item-3899\"><a target=\"_blank\" href=\"https:\/\/simatek.com\/wp-content\/uploads\/9730001C_GENERAL-TERMS-OF-PURCHASE.pdf\" class=\"elementor-item\">Allgemeine Einkaufsbedingungen (EN)<\/a><\/li>\n<li class=\"menu-item menu-item-type-post_type menu-item-object-page menu-item-2646\"><a href=\"https:\/\/simatek.com\/de\/about\/retention-of-title\/\" class=\"elementor-item\">Beibehaltung des Titels<\/a><\/li>\n<\/ul>\t\t\t<\/nav>\n\t\t\t\t\t\t<nav class=\"elementor-nav-menu--dropdown elementor-nav-menu__container\" aria-hidden=\"true\">\n\t\t\t\t<ul id=\"menu-2-bce051e\" class=\"elementor-nav-menu sm-vertical\"><li class=\"menu-item menu-item-type-post_type menu-item-object-page menu-item-2624\"><a href=\"https:\/\/simatek.com\/de\/about\/\" class=\"elementor-item\" tabindex=\"-1\">\u00dcber<\/a><\/li>\n<li class=\"menu-item menu-item-type-post_type menu-item-object-page menu-item-2648\"><a href=\"https:\/\/simatek.com\/de\/about\/vision-mission-and-values\/\" class=\"elementor-item\" tabindex=\"-1\">Vision, Auftrag und Werte<\/a><\/li>\n<li class=\"menu-item menu-item-type-post_type menu-item-object-page menu-item-2644\"><a href=\"https:\/\/simatek.com\/de\/about\/our-history-en\/\" class=\"elementor-item\" tabindex=\"-1\">Unsere Geschichte<\/a><\/li>\n<li class=\"menu-item menu-item-type-post_type menu-item-object-page menu-item-2641\"><a href=\"https:\/\/simatek.com\/de\/about\/acquisition-of-flsmidth-fabric-filter-business\/\" class=\"elementor-item\" tabindex=\"-1\">Erwerb des FLSmidth-Gewebefiltergesch\u00e4fts<\/a><\/li>\n<li class=\"menu-item menu-item-type-post_type menu-item-object-page menu-item-2647\"><a href=\"https:\/\/simatek.com\/de\/about\/trade-fairs\/\" class=\"elementor-item\" tabindex=\"-1\">Messen<\/a><\/li>\n<li class=\"menu-item menu-item-type-post_type menu-item-object-page menu-item-2643\"><a href=\"https:\/\/simatek.com\/de\/about\/jobs\/\" class=\"elementor-item\" tabindex=\"-1\">Karriere<\/a><\/li>\n<li class=\"menu-item menu-item-type-post_type menu-item-object-page menu-item-2649\"><a href=\"https:\/\/simatek.com\/de\/about\/whistleblower\/\" class=\"elementor-item\" tabindex=\"-1\">Whistleblower-System<\/a><\/li>\n<li class=\"menu-item menu-item-type-post_type menu-item-object-page menu-item-2642\"><a href=\"https:\/\/simatek.com\/de\/about\/cookie-and-data-privacy-policy\/\" class=\"elementor-item\" tabindex=\"-1\">Cookie- und Datenschutzrichtlinie<\/a><\/li>\n<li class=\"menu-item menu-item-type-custom menu-item-object-custom menu-item-3899\"><a target=\"_blank\" href=\"https:\/\/simatek.com\/wp-content\/uploads\/9730001C_GENERAL-TERMS-OF-PURCHASE.pdf\" class=\"elementor-item\" tabindex=\"-1\">Allgemeine Einkaufsbedingungen (EN)<\/a><\/li>\n<li class=\"menu-item menu-item-type-post_type menu-item-object-page menu-item-2646\"><a href=\"https:\/\/simatek.com\/de\/about\/retention-of-title\/\" class=\"elementor-item\" tabindex=\"-1\">Beibehaltung des Titels<\/a><\/li>\n<\/ul>\t\t\t<\/nav>\n\t\t\t\t\t\t<\/div>\n\t\t\t\t<\/div>\n\t\t\t\t<\/div>\n\t\t<div class=\"has_ae_slider elementor-element elementor-element-00f9ff1 e-con-full e-flex ae-bg-gallery-type-default e-con e-child\" data-id=\"00f9ff1\" data-element_type=\"container\" data-e-type=\"container\">\n\t\t\t\t<div class=\"elementor-element elementor-element-da7b18c elementor-widget elementor-widget-heading\" data-id=\"da7b18c\" data-element_type=\"widget\" data-e-type=\"widget\" data-widget_type=\"heading.default\">\n\t\t\t\t<div class=\"elementor-widget-container\">\n\t\t\t\t\t<h3 class=\"elementor-heading-title elementor-size-default\">Unsere Vision<\/h3>\t\t\t\t<\/div>\n\t\t\t\t<\/div>\n\t\t\t\t<div class=\"elementor-element elementor-element-89a5ddb elementor-widget elementor-widget-text-editor\" data-id=\"89a5ddb\" data-element_type=\"widget\" data-e-type=\"widget\" data-widget_type=\"text-editor.default\">\n\t\t\t\t<div class=\"elementor-widget-container\">\n\t\t\t\t\t\t\t\t\t<p>Saubere Luft f\u00fcr eine bessere Welt.<\/p>\t\t\t\t\t\t\t\t<\/div>\n\t\t\t\t<\/div>\n\t\t\t\t<div class=\"elementor-element elementor-element-7701592 elementor-widget elementor-widget-heading\" data-id=\"7701592\" data-element_type=\"widget\" data-e-type=\"widget\" data-widget_type=\"heading.default\">\n\t\t\t\t<div class=\"elementor-widget-container\">\n\t\t\t\t\t<h3 class=\"elementor-heading-title elementor-size-default\">Unsere Mission <\/h3>\t\t\t\t<\/div>\n\t\t\t\t<\/div>\n\t\t\t\t<div class=\"elementor-element elementor-element-b263eae elementor-widget elementor-widget-text-editor\" data-id=\"b263eae\" data-element_type=\"widget\" data-e-type=\"widget\" data-widget_type=\"text-editor.default\">\n\t\t\t\t<div class=\"elementor-widget-container\">\n\t\t\t\t\t\t\t\t\t<p>Wir sch\u00fctzen Menschen, Umwelt und Produktionen, indem wir f\u00fcr saubere Luft sorgen und Produktabf\u00e4lle minimieren.<\/p><p>Unser strategisches Ziel ist es, Simatek zu einem bevorzugten globalen Partner f\u00fcr Kunden zu entwickeln, die qualitativ hochwertige L\u00f6sungen, Dienstleistungen und Beratung in den Bereichen Luftreinhaltung und Produktr\u00fcckgewinnung suchen.<\/p>\t\t\t\t\t\t\t\t<\/div>\n\t\t\t\t<\/div>\n\t\t\t\t<div class=\"elementor-element elementor-element-f0071a4 elementor-widget elementor-widget-heading\" data-id=\"f0071a4\" data-element_type=\"widget\" data-e-type=\"widget\" data-widget_type=\"heading.default\">\n\t\t\t\t<div class=\"elementor-widget-container\">\n\t\t\t\t\t<h3 class=\"elementor-heading-title elementor-size-default\">Unsere Werte <\/h3>\t\t\t\t<\/div>\n\t\t\t\t<\/div>\n\t\t\t\t<div class=\"elementor-element elementor-element-661b641 elementor-widget elementor-widget-text-editor\" data-id=\"661b641\" data-element_type=\"widget\" data-e-type=\"widget\" data-widget_type=\"text-editor.default\">\n\t\t\t\t<div class=\"elementor-widget-container\">\n\t\t\t\t\t\t\t\t\t<p>Wir sind Simatek - Wir erf\u00fcllen unsere Verpflichtungen - Wir teilen unser Wissen und unsere Kompetenzen - Wir f\u00fchlen uns in einer herausfordernden Welt wohl.<\/p>\t\t\t\t\t\t\t\t<\/div>\n\t\t\t\t<\/div>\n\t\t\t\t<\/div>\n\t\t\t\t\t<\/div>\n\t\t\t\t<\/div>\n\t\t\t\t<\/div>","protected":false},"excerpt":{"rendered":"<p>Vision, Mission and Values Our vision Clean air for a better world. Our mission We protect people, environment and productions by providing clean air and minimize product waste. Our strategic ambition is to develop Simatek to a preferred global partner to customers seeking high quality solutions, services and advisory within air pollution control and product [&hellip;]<\/p>\n","protected":false},"author":1,"featured_media":0,"parent":1064,"menu_order":0,"comment_status":"closed","ping_status":"closed","template":"elementor_header_footer","meta":{"_acf_changed":false,"content-type":"","footnotes":""},"class_list":["post-2625","page","type-page","status-publish","hentry"],"acf":[],"yoast_head":"<!-- This site is optimized with the Yoast SEO plugin v27.4 - https:\/\/yoast.com\/product\/yoast-seo-wordpress\/ -->\n<title>Our Vision, Mission &amp; Values | Clean Air Solutions by Simatek<\/title>\n<meta name=\"description\" content=\"Simatek is committed to innovation, sustainability and quality; discover our values.\" \/>\n<meta name=\"robots\" content=\"index, follow, max-snippet:-1, max-image-preview:large, max-video-preview:-1\" \/>\n<link rel=\"canonical\" href=\"https:\/\/simatek.com\/de\/uber\/vision-mission-und-werte\/\" \/>\n<meta property=\"og:locale\" content=\"de_DE\" \/>\n<meta property=\"og:type\" content=\"article\" \/>\n<meta property=\"og:title\" content=\"Our Vision, Mission &amp; Values | Clean Air Solutions by Simatek\" \/>\n<meta property=\"og:description\" content=\"Simatek is committed to innovation, sustainability and quality; discover our values.\" \/>\n<meta property=\"og:url\" content=\"https:\/\/simatek.com\/de\/uber\/vision-mission-und-werte\/\" \/>\n<meta property=\"og:site_name\" content=\"Simatek\" \/>\n<meta property=\"article:modified_time\" content=\"2026-02-26T11:08:25+00:00\" \/>\n<meta name=\"twitter:card\" content=\"summary_large_image\" \/>\n<meta name=\"twitter:label1\" content=\"Gesch\u00e4tzte Lesezeit\" \/>\n\t<meta name=\"twitter:data1\" content=\"1\u00a0Minute\" \/>\n<script type=\"application\/ld+json\" class=\"yoast-schema-graph\">{\"@context\":\"https:\\\/\\\/schema.org\",\"@graph\":[{\"@type\":\"WebPage\",\"@id\":\"https:\\\/\\\/simatek.com\\\/about\\\/vision-mission-and-values\\\/\",\"url\":\"https:\\\/\\\/simatek.com\\\/about\\\/vision-mission-and-values\\\/\",\"name\":\"Our Vision, Mission & Values | Clean Air Solutions by Simatek\",\"isPartOf\":{\"@id\":\"https:\\\/\\\/simatek.com\\\/#website\"},\"datePublished\":\"2024-09-04T06:40:32+00:00\",\"dateModified\":\"2026-02-26T11:08:25+00:00\",\"description\":\"Simatek is committed to innovation, sustainability and quality; discover our values.\",\"breadcrumb\":{\"@id\":\"https:\\\/\\\/simatek.com\\\/about\\\/vision-mission-and-values\\\/#breadcrumb\"},\"inLanguage\":\"de\",\"potentialAction\":[{\"@type\":\"ReadAction\",\"target\":[\"https:\\\/\\\/simatek.com\\\/about\\\/vision-mission-and-values\\\/\"]}]},{\"@type\":\"BreadcrumbList\",\"@id\":\"https:\\\/\\\/simatek.com\\\/about\\\/vision-mission-and-values\\\/#breadcrumb\",\"itemListElement\":[{\"@type\":\"ListItem\",\"position\":1,\"name\":\"Home\",\"item\":\"https:\\\/\\\/simatek.com\\\/\"},{\"@type\":\"ListItem\",\"position\":2,\"name\":\"About\",\"item\":\"https:\\\/\\\/simatek.com\\\/about\\\/\"},{\"@type\":\"ListItem\",\"position\":3,\"name\":\"Vision, Mission and Values\"}]},{\"@type\":\"WebSite\",\"@id\":\"https:\\\/\\\/simatek.com\\\/#website\",\"url\":\"https:\\\/\\\/simatek.com\\\/\",\"name\":\"Simatek\",\"description\":\"Your partner for emission control\",\"publisher\":{\"@id\":\"https:\\\/\\\/simatek.com\\\/#organization\"},\"potentialAction\":[{\"@type\":\"SearchAction\",\"target\":{\"@type\":\"EntryPoint\",\"urlTemplate\":\"https:\\\/\\\/simatek.com\\\/?s={search_term_string}\"},\"query-input\":{\"@type\":\"PropertyValueSpecification\",\"valueRequired\":true,\"valueName\":\"search_term_string\"}}],\"inLanguage\":\"de\"},{\"@type\":\"Organization\",\"@id\":\"https:\\\/\\\/simatek.com\\\/#organization\",\"name\":\"Simatek\",\"url\":\"https:\\\/\\\/simatek.com\\\/\",\"logo\":{\"@type\":\"ImageObject\",\"inLanguage\":\"de\",\"@id\":\"https:\\\/\\\/simatek.com\\\/#\\\/schema\\\/logo\\\/image\\\/\",\"url\":\"https:\\\/\\\/simatek.com\\\/wp-content\\\/uploads\\\/simatek-logo-text.svg\",\"contentUrl\":\"https:\\\/\\\/simatek.com\\\/wp-content\\\/uploads\\\/simatek-logo-text.svg\",\"width\":283,\"height\":80,\"caption\":\"Simatek\"},\"image\":{\"@id\":\"https:\\\/\\\/simatek.com\\\/#\\\/schema\\\/logo\\\/image\\\/\"}}]}<\/script>\n<!-- \/ Yoast SEO plugin. -->","yoast_head_json":{"title":"Unsere Vision, Mission und Werte | Clean Air Solutions von Simatek","description":"Simatek engagiert sich f\u00fcr Innovation, Nachhaltigkeit und Qualit\u00e4t; entdecken Sie unsere Werte.","robots":{"index":"index","follow":"follow","max-snippet":"max-snippet:-1","max-image-preview":"max-image-preview:large","max-video-preview":"max-video-preview:-1"},"canonical":"https:\/\/simatek.com\/de\/uber\/vision-mission-und-werte\/","og_locale":"de_DE","og_type":"article","og_title":"Our Vision, Mission & Values | Clean Air Solutions by Simatek","og_description":"Simatek is committed to innovation, sustainability and quality; discover our values.","og_url":"https:\/\/simatek.com\/de\/uber\/vision-mission-und-werte\/","og_site_name":"Simatek","article_modified_time":"2026-02-26T11:08:25+00:00","twitter_card":"summary_large_image","twitter_misc":{"Gesch\u00e4tzte Lesezeit":"1\u00a0Minute"},"schema":{"@context":"https:\/\/schema.org","@graph":[{"@type":"WebPage","@id":"https:\/\/simatek.com\/about\/vision-mission-and-values\/","url":"https:\/\/simatek.com\/about\/vision-mission-and-values\/","name":"Unsere Vision, Mission und Werte | Clean Air Solutions von Simatek","isPartOf":{"@id":"https:\/\/simatek.com\/#website"},"datePublished":"2024-09-04T06:40:32+00:00","dateModified":"2026-02-26T11:08:25+00:00","description":"Simatek engagiert sich f\u00fcr Innovation, Nachhaltigkeit und Qualit\u00e4t; entdecken Sie unsere Werte.","breadcrumb":{"@id":"https:\/\/simatek.com\/about\/vision-mission-and-values\/#breadcrumb"},"inLanguage":"de","potentialAction":[{"@type":"ReadAction","target":["https:\/\/simatek.com\/about\/vision-mission-and-values\/"]}]},{"@type":"BreadcrumbList","@id":"https:\/\/simatek.com\/about\/vision-mission-and-values\/#breadcrumb","itemListElement":[{"@type":"ListItem","position":1,"name":"Home","item":"https:\/\/simatek.com\/"},{"@type":"ListItem","position":2,"name":"About","item":"https:\/\/simatek.com\/about\/"},{"@type":"ListItem","position":3,"name":"Vision, Mission and Values"}]},{"@type":"WebSite","@id":"https:\/\/simatek.com\/#website","url":"https:\/\/simatek.com\/","name":"Simatek","description":"Ihr Partner f\u00fcr die Emissionskontrolle","publisher":{"@id":"https:\/\/simatek.com\/#organization"},"potentialAction":[{"@type":"SearchAction","target":{"@type":"EntryPoint","urlTemplate":"https:\/\/simatek.com\/?s={search_term_string}"},"query-input":{"@type":"PropertyValueSpecification","valueRequired":true,"valueName":"search_term_string"}}],"inLanguage":"de"},{"@type":"Organization","@id":"https:\/\/simatek.com\/#organization","name":"Simatek","url":"https:\/\/simatek.com\/","logo":{"@type":"ImageObject","inLanguage":"de","@id":"https:\/\/simatek.com\/#\/schema\/logo\/image\/","url":"https:\/\/simatek.com\/wp-content\/uploads\/simatek-logo-text.svg","contentUrl":"https:\/\/simatek.com\/wp-content\/uploads\/simatek-logo-text.svg","width":283,"height":80,"caption":"Simatek"},"image":{"@id":"https:\/\/simatek.com\/#\/schema\/logo\/image\/"}}]}},"_links":{"self":[{"href":"https:\/\/simatek.com\/de\/wp-json\/wp\/v2\/pages\/2625","targetHints":{"allow":["GET"]}}],"collection":[{"href":"https:\/\/simatek.com\/de\/wp-json\/wp\/v2\/pages"}],"about":[{"href":"https:\/\/simatek.com\/de\/wp-json\/wp\/v2\/types\/page"}],"author":[{"embeddable":true,"href":"https:\/\/simatek.com\/de\/wp-json\/wp\/v2\/users\/1"}],"replies":[{"embeddable":true,"href":"https:\/\/simatek.com\/de\/wp-json\/wp\/v2\/comments?post=2625"}],"version-history":[{"count":14,"href":"https:\/\/simatek.com\/de\/wp-json\/wp\/v2\/pages\/2625\/revisions"}],"predecessor-version":[{"id":5961,"href":"https:\/\/simatek.com\/de\/wp-json\/wp\/v2\/pages\/2625\/revisions\/5961"}],"up":[{"embeddable":true,"href":"https:\/\/simatek.com\/de\/wp-json\/wp\/v2\/pages\/1064"}],"wp:attachment":[{"href":"https:\/\/simatek.com\/de\/wp-json\/wp\/v2\/media?parent=2625"}],"curies":[{"name":"wp","href":"https:\/\/api.w.org\/{rel}","templated":true}]}}