{"id":2629,"date":"2024-09-04T08:42:25","date_gmt":"2024-09-04T06:42:25","guid":{"rendered":"https:\/\/simatek.com\/?page_id=2629"},"modified":"2026-01-29T13:31:14","modified_gmt":"2026-01-29T12:31:14","slug":"erwerb-des-gewebefiltergeschafts-von-flsmidth","status":"publish","type":"page","link":"https:\/\/simatek.com\/de\/about\/acquisition-of-flsmidth-fabric-filter-business\/","title":{"rendered":"Erwerb des FLSmidth-Gewebefiltergesch\u00e4fts"},"content":{"rendered":"<div data-elementor-type=\"wp-page\" data-elementor-id=\"2629\" class=\"elementor elementor-2629\" data-elementor-post-type=\"page\">\n\t\t\t\t<div class=\"has_ae_slider elementor-element elementor-element-76935e9 e-flex e-con-boxed ae-bg-gallery-type-default e-con e-parent\" data-id=\"76935e9\" data-element_type=\"container\" data-e-type=\"container\" data-settings=\"{&quot;background_background&quot;:&quot;classic&quot;}\">\n\t\t\t\t\t<div class=\"e-con-inner\">\n\t\t\t\t<div class=\"elementor-element elementor-element-8e8006f elementor-widget elementor-widget-heading\" data-id=\"8e8006f\" data-element_type=\"widget\" data-e-type=\"widget\" data-widget_type=\"heading.default\">\n\t\t\t\t<div class=\"elementor-widget-container\">\n\t\t\t\t\t<h1 class=\"elementor-heading-title elementor-size-default\">Simatek erwirbt FLSmidth's globale Fabric Filter Gesch\u00e4ft<\/h1>\t\t\t\t<\/div>\n\t\t\t\t<\/div>\n\t\t\t\t\t<\/div>\n\t\t\t\t<\/div>\n\t\t<div class=\"has_ae_slider elementor-element elementor-element-373cbaa e-flex e-con-boxed ae-bg-gallery-type-default e-con e-parent\" data-id=\"373cbaa\" data-element_type=\"container\" data-e-type=\"container\" data-settings=\"{&quot;background_background&quot;:&quot;classic&quot;}\">\n\t\t\t\t\t<div class=\"e-con-inner\">\n\t\t\t\t<div class=\"elementor-element elementor-element-1952576 elementor-align-left elementor-mobile-align-left elementor-widget elementor-widget-breadcrumbs\" data-id=\"1952576\" data-element_type=\"widget\" data-e-type=\"widget\" data-widget_type=\"breadcrumbs.default\">\n\t\t\t\t<div class=\"elementor-widget-container\">\n\t\t\t\t\t<p id=\"breadcrumbs\"><span><span><a href=\"https:\/\/simatek.com\/de\/\">Startseite<\/a><\/span><\/span><\/p>\t\t\t\t<\/div>\n\t\t\t\t<\/div>\n\t\t\t\t\t<\/div>\n\t\t\t\t<\/div>\n\t\t<div class=\"has_ae_slider elementor-element elementor-element-46c23aa e-flex e-con-boxed ae-bg-gallery-type-default e-con e-parent\" data-id=\"46c23aa\" data-element_type=\"container\" data-e-type=\"container\" data-settings=\"{&quot;background_background&quot;:&quot;classic&quot;}\">\n\t\t\t\t\t<div class=\"e-con-inner\">\n\t\t<div class=\"has_ae_slider elementor-element elementor-element-9276030 e-con-full e-flex ae-bg-gallery-type-default e-con e-child\" data-id=\"9276030\" data-element_type=\"container\" data-e-type=\"container\" data-settings=\"{&quot;background_background&quot;:&quot;classic&quot;}\">\n\t\t\t\t<div class=\"elementor-element elementor-element-a14f0e2 elementor-nav-menu--dropdown-none page-menu elementor-widget elementor-widget-nav-menu\" data-id=\"a14f0e2\" data-element_type=\"widget\" data-e-type=\"widget\" data-settings=\"{&quot;layout&quot;:&quot;vertical&quot;,&quot;submenu_icon&quot;:{&quot;value&quot;:&quot;&lt;i class=\\&quot;fas fa-caret-down\\&quot; aria-hidden=\\&quot;true\\&quot;&gt;&lt;\\\/i&gt;&quot;,&quot;library&quot;:&quot;fa-solid&quot;}}\" data-widget_type=\"nav-menu.default\">\n\t\t\t\t<div class=\"elementor-widget-container\">\n\t\t\t\t\t\t\t\t<nav aria-label=\"Men\u00fc\" class=\"elementor-nav-menu--main elementor-nav-menu__container elementor-nav-menu--layout-vertical e--pointer-background e--animation-fade\">\n\t\t\t\t<ul id=\"menu-1-a14f0e2\" class=\"elementor-nav-menu sm-vertical\"><li class=\"menu-item menu-item-type-post_type menu-item-object-page menu-item-2624\"><a href=\"https:\/\/simatek.com\/de\/about\/\" class=\"elementor-item\">\u00dcber<\/a><\/li>\n<li class=\"menu-item menu-item-type-post_type menu-item-object-page menu-item-2648\"><a href=\"https:\/\/simatek.com\/de\/about\/vision-mission-and-values\/\" class=\"elementor-item\">Vision, Auftrag und Werte<\/a><\/li>\n<li class=\"menu-item menu-item-type-post_type menu-item-object-page menu-item-2644\"><a href=\"https:\/\/simatek.com\/de\/about\/our-history-en\/\" class=\"elementor-item\">Unsere Geschichte<\/a><\/li>\n<li class=\"menu-item menu-item-type-post_type menu-item-object-page menu-item-2641\"><a href=\"https:\/\/simatek.com\/de\/about\/acquisition-of-flsmidth-fabric-filter-business\/\" class=\"elementor-item\">Erwerb des FLSmidth-Gewebefiltergesch\u00e4fts<\/a><\/li>\n<li class=\"menu-item menu-item-type-post_type menu-item-object-page menu-item-2647\"><a href=\"https:\/\/simatek.com\/de\/about\/trade-fairs\/\" class=\"elementor-item\">Messen<\/a><\/li>\n<li class=\"menu-item menu-item-type-post_type menu-item-object-page menu-item-2643\"><a href=\"https:\/\/simatek.com\/de\/about\/jobs\/\" class=\"elementor-item\">Karriere<\/a><\/li>\n<li class=\"menu-item menu-item-type-post_type menu-item-object-page menu-item-2649\"><a href=\"https:\/\/simatek.com\/de\/about\/whistleblower\/\" class=\"elementor-item\">Whistleblower-System<\/a><\/li>\n<li class=\"menu-item menu-item-type-post_type menu-item-object-page menu-item-2642\"><a href=\"https:\/\/simatek.com\/de\/about\/cookie-and-data-privacy-policy\/\" class=\"elementor-item\">Cookie- und Datenschutzrichtlinie<\/a><\/li>\n<li class=\"menu-item menu-item-type-custom menu-item-object-custom menu-item-3899\"><a target=\"_blank\" href=\"https:\/\/simatek.com\/wp-content\/uploads\/9730001C_GENERAL-TERMS-OF-PURCHASE.pdf\" class=\"elementor-item\">Allgemeine Einkaufsbedingungen (EN)<\/a><\/li>\n<li class=\"menu-item menu-item-type-post_type menu-item-object-page menu-item-2646\"><a href=\"https:\/\/simatek.com\/de\/about\/retention-of-title\/\" class=\"elementor-item\">Beibehaltung des Titels<\/a><\/li>\n<\/ul>\t\t\t<\/nav>\n\t\t\t\t\t\t<nav class=\"elementor-nav-menu--dropdown elementor-nav-menu__container\" aria-hidden=\"true\">\n\t\t\t\t<ul id=\"menu-2-a14f0e2\" class=\"elementor-nav-menu sm-vertical\"><li class=\"menu-item menu-item-type-post_type menu-item-object-page menu-item-2624\"><a href=\"https:\/\/simatek.com\/de\/about\/\" class=\"elementor-item\" tabindex=\"-1\">\u00dcber<\/a><\/li>\n<li class=\"menu-item menu-item-type-post_type menu-item-object-page menu-item-2648\"><a href=\"https:\/\/simatek.com\/de\/about\/vision-mission-and-values\/\" class=\"elementor-item\" tabindex=\"-1\">Vision, Auftrag und Werte<\/a><\/li>\n<li class=\"menu-item menu-item-type-post_type menu-item-object-page menu-item-2644\"><a href=\"https:\/\/simatek.com\/de\/about\/our-history-en\/\" class=\"elementor-item\" tabindex=\"-1\">Unsere Geschichte<\/a><\/li>\n<li class=\"menu-item menu-item-type-post_type menu-item-object-page menu-item-2641\"><a href=\"https:\/\/simatek.com\/de\/about\/acquisition-of-flsmidth-fabric-filter-business\/\" class=\"elementor-item\" tabindex=\"-1\">Erwerb des FLSmidth-Gewebefiltergesch\u00e4fts<\/a><\/li>\n<li class=\"menu-item menu-item-type-post_type menu-item-object-page menu-item-2647\"><a href=\"https:\/\/simatek.com\/de\/about\/trade-fairs\/\" class=\"elementor-item\" tabindex=\"-1\">Messen<\/a><\/li>\n<li class=\"menu-item menu-item-type-post_type menu-item-object-page menu-item-2643\"><a href=\"https:\/\/simatek.com\/de\/about\/jobs\/\" class=\"elementor-item\" tabindex=\"-1\">Karriere<\/a><\/li>\n<li class=\"menu-item menu-item-type-post_type menu-item-object-page menu-item-2649\"><a href=\"https:\/\/simatek.com\/de\/about\/whistleblower\/\" class=\"elementor-item\" tabindex=\"-1\">Whistleblower-System<\/a><\/li>\n<li class=\"menu-item menu-item-type-post_type menu-item-object-page menu-item-2642\"><a href=\"https:\/\/simatek.com\/de\/about\/cookie-and-data-privacy-policy\/\" class=\"elementor-item\" tabindex=\"-1\">Cookie- und Datenschutzrichtlinie<\/a><\/li>\n<li class=\"menu-item menu-item-type-custom menu-item-object-custom menu-item-3899\"><a target=\"_blank\" href=\"https:\/\/simatek.com\/wp-content\/uploads\/9730001C_GENERAL-TERMS-OF-PURCHASE.pdf\" class=\"elementor-item\" tabindex=\"-1\">Allgemeine Einkaufsbedingungen (EN)<\/a><\/li>\n<li class=\"menu-item menu-item-type-post_type menu-item-object-page menu-item-2646\"><a href=\"https:\/\/simatek.com\/de\/about\/retention-of-title\/\" class=\"elementor-item\" tabindex=\"-1\">Beibehaltung des Titels<\/a><\/li>\n<\/ul>\t\t\t<\/nav>\n\t\t\t\t\t\t<\/div>\n\t\t\t\t<\/div>\n\t\t\t\t<\/div>\n\t\t<div class=\"has_ae_slider elementor-element elementor-element-d92e7ab e-con-full e-flex ae-bg-gallery-type-default e-con e-child\" data-id=\"d92e7ab\" data-element_type=\"container\" data-e-type=\"container\">\n\t\t\t\t<div class=\"elementor-element elementor-element-9ae921a elementor-widget elementor-widget-text-editor\" data-id=\"9ae921a\" data-element_type=\"widget\" data-e-type=\"widget\" data-widget_type=\"text-editor.default\">\n\t\t\t\t<div class=\"elementor-widget-container\">\n\t\t\t\t\t\t\t\t\t<p>Simatek hat alle Rechte an geistigem Eigentum (Intellectual Property, IP) an FLSmidths Fabric Filter-Gesch\u00e4ft und den Unternehmen in D\u00e4nemark und Indien erworben, um Schlauchfilteranlagen weltweit zu vermarkten und zu liefern. Im Rahmen der Transaktion werden wir auch FLSmidths globaler Anbieter von Schlauchfilteranlagen.<\/p><p>Diese Akquisition ist ein wichtiger Schritt f\u00fcr uns, um ein f\u00fchrender Anbieter von Luftfiltrationstechnologie zu werden. Wir st\u00e4rken unsere Produktpalette und Schlauchfilertechnologie und expandieren in die Industrie f\u00fcr anorganische Mineralien. Die Akquisition st\u00e4rkt unsere Organisation und unsere Kunden profitieren von den Synergien zwischen den kombinierten Produktportfolios.<\/p><p>FLSmidth wird mit Simatek zusammenarbeiten, um seinen Kunden weiterhin einzigartige Gewebefilterl\u00f6sungen anbieten zu k\u00f6nnen.<\/p><p>\u00a0<\/p><p>FLSmidth Ank\u00fcndigung:<\/p><p><a href=\"https:\/\/fls.com\/en\/announcements\/2020\/flsmidth-announces-the-sale-of-fabric-filter-technology-to-simatek-and-the-signing-of-a-cooperation-agreement-with-simatek\">https:\/\/fls.com\/en\/announcements\/2020\/flsmidth-announces-the-sale-of-fabric-filter-technology-to-simatek-and-the-signing-of-a-cooperation-agreement-with-simatek<\/a><\/p>\t\t\t\t\t\t\t\t<\/div>\n\t\t\t\t<\/div>\n\t\t\t\t<\/div>\n\t\t\t\t\t<\/div>\n\t\t\t\t<\/div>\n\t\t\t\t<\/div>","protected":false},"excerpt":{"rendered":"<p>Acquisition of FLSmidth Fabric Filter business Simatek has bought all intellectual property (IP) rights to FLSmidth\u2019s Fabric Filter business and the entities in Denmark and India, to market and supply bag filters globally. As part of the transaction, we also become FLSmidth\u2019s global supplier of fabric filters. This acquisition is an important step for us [&hellip;]<\/p>\n","protected":false},"author":1,"featured_media":0,"parent":1064,"menu_order":0,"comment_status":"closed","ping_status":"closed","template":"elementor_header_footer","meta":{"_acf_changed":false,"content-type":"","footnotes":""},"class_list":["post-2629","page","type-page","status-publish","hentry"],"acf":[],"yoast_head":"<!-- This site is optimized with the Yoast SEO plugin v27.4 - https:\/\/yoast.com\/product\/yoast-seo-wordpress\/ -->\n<title>Acquisition of FLSmidth by Simatek<\/title>\n<meta name=\"description\" content=\"With the integration of FLSmidth filters, Simatek is expanding its portfolio of filtration solutions for demanding industries.\" \/>\n<meta name=\"robots\" content=\"index, follow, max-snippet:-1, max-image-preview:large, max-video-preview:-1\" \/>\n<link rel=\"canonical\" href=\"https:\/\/simatek.com\/de\/uber\/erwerb-des-gewebefiltergeschafts-von-flsmidth\/\" \/>\n<meta property=\"og:locale\" content=\"de_DE\" \/>\n<meta property=\"og:type\" content=\"article\" \/>\n<meta property=\"og:title\" content=\"Acquisition of FLSmidth by Simatek\" \/>\n<meta property=\"og:description\" content=\"With the integration of FLSmidth filters, Simatek is expanding its portfolio of filtration solutions for demanding industries.\" \/>\n<meta property=\"og:url\" content=\"https:\/\/simatek.com\/de\/uber\/erwerb-des-gewebefiltergeschafts-von-flsmidth\/\" \/>\n<meta property=\"og:site_name\" content=\"Simatek\" \/>\n<meta property=\"article:modified_time\" content=\"2026-01-29T12:31:14+00:00\" \/>\n<meta name=\"twitter:card\" content=\"summary_large_image\" \/>\n<meta name=\"twitter:label1\" content=\"Gesch\u00e4tzte Lesezeit\" \/>\n\t<meta name=\"twitter:data1\" content=\"1\u00a0Minute\" \/>\n<script type=\"application\/ld+json\" class=\"yoast-schema-graph\">{\"@context\":\"https:\\\/\\\/schema.org\",\"@graph\":[{\"@type\":\"WebPage\",\"@id\":\"https:\\\/\\\/simatek.com\\\/about\\\/acquisition-of-flsmidth-fabric-filter-business\\\/\",\"url\":\"https:\\\/\\\/simatek.com\\\/about\\\/acquisition-of-flsmidth-fabric-filter-business\\\/\",\"name\":\"Acquisition of FLSmidth by Simatek\",\"isPartOf\":{\"@id\":\"https:\\\/\\\/simatek.com\\\/#website\"},\"datePublished\":\"2024-09-04T06:42:25+00:00\",\"dateModified\":\"2026-01-29T12:31:14+00:00\",\"description\":\"With the integration of FLSmidth filters, Simatek is expanding its portfolio of filtration solutions for demanding industries.\",\"breadcrumb\":{\"@id\":\"https:\\\/\\\/simatek.com\\\/about\\\/acquisition-of-flsmidth-fabric-filter-business\\\/#breadcrumb\"},\"inLanguage\":\"de\",\"potentialAction\":[{\"@type\":\"ReadAction\",\"target\":[\"https:\\\/\\\/simatek.com\\\/about\\\/acquisition-of-flsmidth-fabric-filter-business\\\/\"]}]},{\"@type\":\"BreadcrumbList\",\"@id\":\"https:\\\/\\\/simatek.com\\\/about\\\/acquisition-of-flsmidth-fabric-filter-business\\\/#breadcrumb\",\"itemListElement\":[{\"@type\":\"ListItem\",\"position\":1,\"name\":\"Home\",\"item\":\"https:\\\/\\\/simatek.com\\\/\"},{\"@type\":\"ListItem\",\"position\":2,\"name\":\"About\",\"item\":\"https:\\\/\\\/simatek.com\\\/about\\\/\"},{\"@type\":\"ListItem\",\"position\":3,\"name\":\"Acquisition of FLSmidth Fabric Filter Business\"}]},{\"@type\":\"WebSite\",\"@id\":\"https:\\\/\\\/simatek.com\\\/#website\",\"url\":\"https:\\\/\\\/simatek.com\\\/\",\"name\":\"Simatek\",\"description\":\"Your partner for emission control\",\"publisher\":{\"@id\":\"https:\\\/\\\/simatek.com\\\/#organization\"},\"potentialAction\":[{\"@type\":\"SearchAction\",\"target\":{\"@type\":\"EntryPoint\",\"urlTemplate\":\"https:\\\/\\\/simatek.com\\\/?s={search_term_string}\"},\"query-input\":{\"@type\":\"PropertyValueSpecification\",\"valueRequired\":true,\"valueName\":\"search_term_string\"}}],\"inLanguage\":\"de\"},{\"@type\":\"Organization\",\"@id\":\"https:\\\/\\\/simatek.com\\\/#organization\",\"name\":\"Simatek\",\"url\":\"https:\\\/\\\/simatek.com\\\/\",\"logo\":{\"@type\":\"ImageObject\",\"inLanguage\":\"de\",\"@id\":\"https:\\\/\\\/simatek.com\\\/#\\\/schema\\\/logo\\\/image\\\/\",\"url\":\"https:\\\/\\\/simatek.com\\\/wp-content\\\/uploads\\\/simatek-logo-text.svg\",\"contentUrl\":\"https:\\\/\\\/simatek.com\\\/wp-content\\\/uploads\\\/simatek-logo-text.svg\",\"width\":283,\"height\":80,\"caption\":\"Simatek\"},\"image\":{\"@id\":\"https:\\\/\\\/simatek.com\\\/#\\\/schema\\\/logo\\\/image\\\/\"}}]}<\/script>\n<!-- \/ Yoast SEO plugin. -->","yoast_head_json":{"title":"\u00dcbernahme von FLSmidth durch Simatek","description":"Mit der Integration der FLSmidth-Filter erweitert Simatek sein Portfolio an Filtrationsl\u00f6sungen f\u00fcr anspruchsvolle Industrien.","robots":{"index":"index","follow":"follow","max-snippet":"max-snippet:-1","max-image-preview":"max-image-preview:large","max-video-preview":"max-video-preview:-1"},"canonical":"https:\/\/simatek.com\/de\/uber\/erwerb-des-gewebefiltergeschafts-von-flsmidth\/","og_locale":"de_DE","og_type":"article","og_title":"Acquisition of FLSmidth by Simatek","og_description":"With the integration of FLSmidth filters, Simatek is expanding its portfolio of filtration solutions for demanding industries.","og_url":"https:\/\/simatek.com\/de\/uber\/erwerb-des-gewebefiltergeschafts-von-flsmidth\/","og_site_name":"Simatek","article_modified_time":"2026-01-29T12:31:14+00:00","twitter_card":"summary_large_image","twitter_misc":{"Gesch\u00e4tzte Lesezeit":"1\u00a0Minute"},"schema":{"@context":"https:\/\/schema.org","@graph":[{"@type":"WebPage","@id":"https:\/\/simatek.com\/about\/acquisition-of-flsmidth-fabric-filter-business\/","url":"https:\/\/simatek.com\/about\/acquisition-of-flsmidth-fabric-filter-business\/","name":"\u00dcbernahme von FLSmidth durch Simatek","isPartOf":{"@id":"https:\/\/simatek.com\/#website"},"datePublished":"2024-09-04T06:42:25+00:00","dateModified":"2026-01-29T12:31:14+00:00","description":"Mit der Integration der FLSmidth-Filter erweitert Simatek sein Portfolio an Filtrationsl\u00f6sungen f\u00fcr anspruchsvolle Industrien.","breadcrumb":{"@id":"https:\/\/simatek.com\/about\/acquisition-of-flsmidth-fabric-filter-business\/#breadcrumb"},"inLanguage":"de","potentialAction":[{"@type":"ReadAction","target":["https:\/\/simatek.com\/about\/acquisition-of-flsmidth-fabric-filter-business\/"]}]},{"@type":"BreadcrumbList","@id":"https:\/\/simatek.com\/about\/acquisition-of-flsmidth-fabric-filter-business\/#breadcrumb","itemListElement":[{"@type":"ListItem","position":1,"name":"Home","item":"https:\/\/simatek.com\/"},{"@type":"ListItem","position":2,"name":"About","item":"https:\/\/simatek.com\/about\/"},{"@type":"ListItem","position":3,"name":"Acquisition of FLSmidth Fabric Filter Business"}]},{"@type":"WebSite","@id":"https:\/\/simatek.com\/#website","url":"https:\/\/simatek.com\/","name":"Simatek","description":"Ihr Partner f\u00fcr die Emissionskontrolle","publisher":{"@id":"https:\/\/simatek.com\/#organization"},"potentialAction":[{"@type":"SearchAction","target":{"@type":"EntryPoint","urlTemplate":"https:\/\/simatek.com\/?s={search_term_string}"},"query-input":{"@type":"PropertyValueSpecification","valueRequired":true,"valueName":"search_term_string"}}],"inLanguage":"de"},{"@type":"Organization","@id":"https:\/\/simatek.com\/#organization","name":"Simatek","url":"https:\/\/simatek.com\/","logo":{"@type":"ImageObject","inLanguage":"de","@id":"https:\/\/simatek.com\/#\/schema\/logo\/image\/","url":"https:\/\/simatek.com\/wp-content\/uploads\/simatek-logo-text.svg","contentUrl":"https:\/\/simatek.com\/wp-content\/uploads\/simatek-logo-text.svg","width":283,"height":80,"caption":"Simatek"},"image":{"@id":"https:\/\/simatek.com\/#\/schema\/logo\/image\/"}}]}},"_links":{"self":[{"href":"https:\/\/simatek.com\/de\/wp-json\/wp\/v2\/pages\/2629","targetHints":{"allow":["GET"]}}],"collection":[{"href":"https:\/\/simatek.com\/de\/wp-json\/wp\/v2\/pages"}],"about":[{"href":"https:\/\/simatek.com\/de\/wp-json\/wp\/v2\/types\/page"}],"author":[{"embeddable":true,"href":"https:\/\/simatek.com\/de\/wp-json\/wp\/v2\/users\/1"}],"replies":[{"embeddable":true,"href":"https:\/\/simatek.com\/de\/wp-json\/wp\/v2\/comments?post=2629"}],"version-history":[{"count":14,"href":"https:\/\/simatek.com\/de\/wp-json\/wp\/v2\/pages\/2629\/revisions"}],"predecessor-version":[{"id":5875,"href":"https:\/\/simatek.com\/de\/wp-json\/wp\/v2\/pages\/2629\/revisions\/5875"}],"up":[{"embeddable":true,"href":"https:\/\/simatek.com\/de\/wp-json\/wp\/v2\/pages\/1064"}],"wp:attachment":[{"href":"https:\/\/simatek.com\/de\/wp-json\/wp\/v2\/media?parent=2629"}],"curies":[{"name":"wp","href":"https:\/\/api.w.org\/{rel}","templated":true}]}}