{"id":2633,"date":"2024-09-04T08:43:06","date_gmt":"2024-09-04T06:43:06","guid":{"rendered":"https:\/\/simatek.com\/?page_id=2633"},"modified":"2026-02-26T11:17:30","modified_gmt":"2026-02-26T10:17:30","slug":"arbeitsplatze","status":"publish","type":"page","link":"https:\/\/simatek.com\/de\/about\/jobs\/","title":{"rendered":"Karriere"},"content":{"rendered":"<div data-elementor-type=\"wp-page\" data-elementor-id=\"2633\" class=\"elementor elementor-2633\" data-elementor-post-type=\"page\">\n\t\t\t\t<div class=\"has_ae_slider elementor-element elementor-element-a9c1be7 e-flex e-con-boxed ae-bg-gallery-type-default e-con e-parent\" data-id=\"a9c1be7\" data-element_type=\"container\" data-e-type=\"container\" data-settings=\"{&quot;background_background&quot;:&quot;classic&quot;}\">\n\t\t\t\t\t<div class=\"e-con-inner\">\n\t\t\t\t<div class=\"elementor-element elementor-element-4d27de7 elementor-widget elementor-widget-heading\" data-id=\"4d27de7\" data-element_type=\"widget\" data-e-type=\"widget\" data-widget_type=\"heading.default\">\n\t\t\t\t<div class=\"elementor-widget-container\">\n\t\t\t\t\t<h1 class=\"elementor-heading-title elementor-size-default\">Karriere<\/h1>\t\t\t\t<\/div>\n\t\t\t\t<\/div>\n\t\t\t\t\t<\/div>\n\t\t\t\t<\/div>\n\t\t<div class=\"has_ae_slider elementor-element elementor-element-13cb9b7 e-flex e-con-boxed ae-bg-gallery-type-default e-con e-parent\" data-id=\"13cb9b7\" data-element_type=\"container\" data-e-type=\"container\" data-settings=\"{&quot;background_background&quot;:&quot;classic&quot;}\">\n\t\t\t\t\t<div class=\"e-con-inner\">\n\t\t\t\t<div class=\"elementor-element elementor-element-c67bccc elementor-align-left elementor-mobile-align-left elementor-widget elementor-widget-breadcrumbs\" data-id=\"c67bccc\" data-element_type=\"widget\" data-e-type=\"widget\" data-widget_type=\"breadcrumbs.default\">\n\t\t\t\t<div class=\"elementor-widget-container\">\n\t\t\t\t\t<p id=\"breadcrumbs\"><span><span><a href=\"https:\/\/simatek.com\/de\/\">Startseite<\/a><\/span><\/span><\/p>\t\t\t\t<\/div>\n\t\t\t\t<\/div>\n\t\t\t\t\t<\/div>\n\t\t\t\t<\/div>\n\t\t<div class=\"has_ae_slider elementor-element elementor-element-af06e11 e-flex e-con-boxed ae-bg-gallery-type-default e-con e-parent\" data-id=\"af06e11\" data-element_type=\"container\" data-e-type=\"container\" data-settings=\"{&quot;background_background&quot;:&quot;classic&quot;}\">\n\t\t\t\t\t<div class=\"e-con-inner\">\n\t\t<div class=\"has_ae_slider elementor-element elementor-element-f8019f2 e-con-full e-flex ae-bg-gallery-type-default e-con e-child\" data-id=\"f8019f2\" data-element_type=\"container\" data-e-type=\"container\" data-settings=\"{&quot;background_background&quot;:&quot;classic&quot;}\">\n\t\t\t\t<div class=\"elementor-element elementor-element-5676084 elementor-nav-menu--dropdown-none page-menu elementor-widget elementor-widget-nav-menu\" data-id=\"5676084\" data-element_type=\"widget\" data-e-type=\"widget\" data-settings=\"{&quot;layout&quot;:&quot;vertical&quot;,&quot;submenu_icon&quot;:{&quot;value&quot;:&quot;&lt;i class=\\&quot;fas fa-caret-down\\&quot; aria-hidden=\\&quot;true\\&quot;&gt;&lt;\\\/i&gt;&quot;,&quot;library&quot;:&quot;fa-solid&quot;}}\" data-widget_type=\"nav-menu.default\">\n\t\t\t\t<div class=\"elementor-widget-container\">\n\t\t\t\t\t\t\t\t<nav aria-label=\"Men\u00fc\" class=\"elementor-nav-menu--main elementor-nav-menu__container elementor-nav-menu--layout-vertical e--pointer-background e--animation-fade\">\n\t\t\t\t<ul id=\"menu-1-5676084\" class=\"elementor-nav-menu sm-vertical\"><li class=\"menu-item menu-item-type-post_type menu-item-object-page menu-item-2624\"><a href=\"https:\/\/simatek.com\/de\/about\/\" class=\"elementor-item\">\u00dcber<\/a><\/li>\n<li class=\"menu-item menu-item-type-post_type menu-item-object-page menu-item-2648\"><a href=\"https:\/\/simatek.com\/de\/about\/vision-mission-and-values\/\" class=\"elementor-item\">Vision, Auftrag und Werte<\/a><\/li>\n<li class=\"menu-item menu-item-type-post_type menu-item-object-page menu-item-2644\"><a href=\"https:\/\/simatek.com\/de\/about\/our-history-en\/\" class=\"elementor-item\">Unsere Geschichte<\/a><\/li>\n<li class=\"menu-item menu-item-type-post_type menu-item-object-page menu-item-2641\"><a href=\"https:\/\/simatek.com\/de\/about\/acquisition-of-flsmidth-fabric-filter-business\/\" class=\"elementor-item\">Erwerb des FLSmidth-Gewebefiltergesch\u00e4fts<\/a><\/li>\n<li class=\"menu-item menu-item-type-post_type menu-item-object-page menu-item-2647\"><a href=\"https:\/\/simatek.com\/de\/about\/trade-fairs\/\" class=\"elementor-item\">Messen<\/a><\/li>\n<li class=\"menu-item menu-item-type-post_type menu-item-object-page menu-item-2643\"><a href=\"https:\/\/simatek.com\/de\/about\/jobs\/\" class=\"elementor-item\">Karriere<\/a><\/li>\n<li class=\"menu-item menu-item-type-post_type menu-item-object-page menu-item-2649\"><a href=\"https:\/\/simatek.com\/de\/about\/whistleblower\/\" class=\"elementor-item\">Whistleblower-System<\/a><\/li>\n<li class=\"menu-item menu-item-type-post_type menu-item-object-page menu-item-2642\"><a href=\"https:\/\/simatek.com\/de\/about\/cookie-and-data-privacy-policy\/\" class=\"elementor-item\">Cookie- und Datenschutzrichtlinie<\/a><\/li>\n<li class=\"menu-item menu-item-type-custom menu-item-object-custom menu-item-3899\"><a target=\"_blank\" href=\"https:\/\/simatek.com\/wp-content\/uploads\/9730001C_GENERAL-TERMS-OF-PURCHASE.pdf\" class=\"elementor-item\">Allgemeine Einkaufsbedingungen (EN)<\/a><\/li>\n<li class=\"menu-item menu-item-type-post_type menu-item-object-page menu-item-2646\"><a href=\"https:\/\/simatek.com\/de\/about\/retention-of-title\/\" class=\"elementor-item\">Beibehaltung des Titels<\/a><\/li>\n<\/ul>\t\t\t<\/nav>\n\t\t\t\t\t\t<nav class=\"elementor-nav-menu--dropdown elementor-nav-menu__container\" aria-hidden=\"true\">\n\t\t\t\t<ul id=\"menu-2-5676084\" class=\"elementor-nav-menu sm-vertical\"><li class=\"menu-item menu-item-type-post_type menu-item-object-page menu-item-2624\"><a href=\"https:\/\/simatek.com\/de\/about\/\" class=\"elementor-item\" tabindex=\"-1\">\u00dcber<\/a><\/li>\n<li class=\"menu-item menu-item-type-post_type menu-item-object-page menu-item-2648\"><a href=\"https:\/\/simatek.com\/de\/about\/vision-mission-and-values\/\" class=\"elementor-item\" tabindex=\"-1\">Vision, Auftrag und Werte<\/a><\/li>\n<li class=\"menu-item menu-item-type-post_type menu-item-object-page menu-item-2644\"><a href=\"https:\/\/simatek.com\/de\/about\/our-history-en\/\" class=\"elementor-item\" tabindex=\"-1\">Unsere Geschichte<\/a><\/li>\n<li class=\"menu-item menu-item-type-post_type menu-item-object-page menu-item-2641\"><a href=\"https:\/\/simatek.com\/de\/about\/acquisition-of-flsmidth-fabric-filter-business\/\" class=\"elementor-item\" tabindex=\"-1\">Erwerb des FLSmidth-Gewebefiltergesch\u00e4fts<\/a><\/li>\n<li class=\"menu-item menu-item-type-post_type menu-item-object-page menu-item-2647\"><a href=\"https:\/\/simatek.com\/de\/about\/trade-fairs\/\" class=\"elementor-item\" tabindex=\"-1\">Messen<\/a><\/li>\n<li class=\"menu-item menu-item-type-post_type menu-item-object-page menu-item-2643\"><a href=\"https:\/\/simatek.com\/de\/about\/jobs\/\" class=\"elementor-item\" tabindex=\"-1\">Karriere<\/a><\/li>\n<li class=\"menu-item menu-item-type-post_type menu-item-object-page menu-item-2649\"><a href=\"https:\/\/simatek.com\/de\/about\/whistleblower\/\" class=\"elementor-item\" tabindex=\"-1\">Whistleblower-System<\/a><\/li>\n<li class=\"menu-item menu-item-type-post_type menu-item-object-page menu-item-2642\"><a href=\"https:\/\/simatek.com\/de\/about\/cookie-and-data-privacy-policy\/\" class=\"elementor-item\" tabindex=\"-1\">Cookie- und Datenschutzrichtlinie<\/a><\/li>\n<li class=\"menu-item menu-item-type-custom menu-item-object-custom menu-item-3899\"><a target=\"_blank\" href=\"https:\/\/simatek.com\/wp-content\/uploads\/9730001C_GENERAL-TERMS-OF-PURCHASE.pdf\" class=\"elementor-item\" tabindex=\"-1\">Allgemeine Einkaufsbedingungen (EN)<\/a><\/li>\n<li class=\"menu-item menu-item-type-post_type menu-item-object-page menu-item-2646\"><a href=\"https:\/\/simatek.com\/de\/about\/retention-of-title\/\" class=\"elementor-item\" tabindex=\"-1\">Beibehaltung des Titels<\/a><\/li>\n<\/ul>\t\t\t<\/nav>\n\t\t\t\t\t\t<\/div>\n\t\t\t\t<\/div>\n\t\t\t\t<\/div>\n\t\t<div class=\"has_ae_slider elementor-element elementor-element-979dba9 e-con-full e-flex ae-bg-gallery-type-default e-con e-child\" data-id=\"979dba9\" data-element_type=\"container\" data-e-type=\"container\">\n\t\t\t\t<div class=\"elementor-element elementor-element-d0f7942 elementor-widget elementor-widget-heading\" data-id=\"d0f7942\" data-element_type=\"widget\" data-e-type=\"widget\" data-widget_type=\"heading.default\">\n\t\t\t\t<div class=\"elementor-widget-container\">\n\t\t\t\t\t<h2 class=\"elementor-heading-title elementor-size-default\">Karriere<\/h2>\t\t\t\t<\/div>\n\t\t\t\t<\/div>\n\t\t\t\t<div class=\"elementor-element elementor-element-b6e157e elementor-widget elementor-widget-text-editor\" data-id=\"b6e157e\" data-element_type=\"widget\" data-e-type=\"widget\" data-widget_type=\"text-editor.default\">\n\t\t\t\t<div class=\"elementor-widget-container\">\n\t\t\t\t\t\t\t\t\t<p>Simatek strebt danach, weltweit der bevorzugte Partner im Bereich industrieller Luftfiltration zu sein.<\/p><p>Wir glauben, dass Wissen und Engagement unerl\u00e4sslich sind, wenn Sie eine f\u00fchrende Position in unserer Branche einnehmen wollen. Wir arbeiten mit Kollegen zusammen, die Spezialisten auf ihrem Gebiet sind und \u00fcber umfassende Kenntnisse der Branchen unserer Kunden verf\u00fcgen.<\/p><p>Wir sind ein mittelst\u00e4ndisches Unternehmen und das hat f\u00fcr Sie den Vorteil, dass Sie einen schnellen Einblick in den gesamten \u201eLaden\u201c bekommen. Wir stellen sicher, dass unsere Mitarbeiter ein Mitspracherecht haben und \u00fcber alle Bereiche des Unternehmens Bescheid wissen, und wir erwarten, dass jeder pers\u00f6nlich Verantwortung f\u00fcr seine eigenen Aufgaben \u00fcbernimmt.<\/p>\t\t\t\t\t\t\t\t<\/div>\n\t\t\t\t<\/div>\n\t\t<div class=\"has_ae_slider elementor-element elementor-element-f259644 e-con-full e-flex ae-bg-gallery-type-default e-con e-child\" data-id=\"f259644\" data-element_type=\"container\" data-e-type=\"container\">\n\t\t\t\t<div class=\"elementor-element elementor-element-681d973 elementor-widget elementor-widget-heading\" data-id=\"681d973\" data-element_type=\"widget\" data-e-type=\"widget\" data-widget_type=\"heading.default\">\n\t\t\t\t<div class=\"elementor-widget-container\">\n\t\t\t\t\t<h2 class=\"elementor-heading-title elementor-size-default\">Dynamischer Arbeitsplatz<\/h2>\t\t\t\t<\/div>\n\t\t\t\t<\/div>\n\t\t\t\t<div class=\"elementor-element elementor-element-8632a19 elementor-widget elementor-widget-text-editor\" data-id=\"8632a19\" data-element_type=\"widget\" data-e-type=\"widget\" data-widget_type=\"text-editor.default\">\n\t\t\t\t<div class=\"elementor-widget-container\">\n\t\t\t\t\t\t\t\t\t<p>Wir entwickeln uns stetig weiter und gehen unsere Aufgaben mit hoher Energie an<\/p>\t\t\t\t\t\t\t\t<\/div>\n\t\t\t\t<\/div>\n\t\t\t\t<\/div>\n\t\t<div class=\"has_ae_slider elementor-element elementor-element-739df63 e-con-full e-flex ae-bg-gallery-type-default e-con e-child\" data-id=\"739df63\" data-element_type=\"container\" data-e-type=\"container\">\n\t\t\t\t<div class=\"elementor-element elementor-element-ace6679 elementor-widget elementor-widget-heading\" data-id=\"ace6679\" data-element_type=\"widget\" data-e-type=\"widget\" data-widget_type=\"heading.default\">\n\t\t\t\t<div class=\"elementor-widget-container\">\n\t\t\t\t\t<h2 class=\"elementor-heading-title elementor-size-default\">Beteiligung<\/h2>\t\t\t\t<\/div>\n\t\t\t\t<\/div>\n\t\t\t\t<div class=\"elementor-element elementor-element-d4ae2e1 elementor-widget elementor-widget-text-editor\" data-id=\"d4ae2e1\" data-element_type=\"widget\" data-e-type=\"widget\" data-widget_type=\"text-editor.default\">\n\t\t\t\t<div class=\"elementor-widget-container\">\n\t\t\t\t\t\t\t\t\t<p>Ist etwas, was wir am meisten sch\u00e4tzen<\/p>\t\t\t\t\t\t\t\t<\/div>\n\t\t\t\t<\/div>\n\t\t\t\t<\/div>\n\t\t<div class=\"has_ae_slider elementor-element elementor-element-5e55d43 e-con-full e-flex ae-bg-gallery-type-default e-con e-child\" data-id=\"5e55d43\" data-element_type=\"container\" data-e-type=\"container\">\n\t\t\t\t<div class=\"elementor-element elementor-element-26eb2bb elementor-widget elementor-widget-heading\" data-id=\"26eb2bb\" data-element_type=\"widget\" data-e-type=\"widget\" data-widget_type=\"heading.default\">\n\t\t\t\t<div class=\"elementor-widget-container\">\n\t\t\t\t\t<h2 class=\"elementor-heading-title elementor-size-default\">Beteiligung<\/h2>\t\t\t\t<\/div>\n\t\t\t\t<\/div>\n\t\t\t\t<div class=\"elementor-element elementor-element-8272cbf elementor-widget elementor-widget-text-editor\" data-id=\"8272cbf\" data-element_type=\"widget\" data-e-type=\"widget\" data-widget_type=\"text-editor.default\">\n\t\t\t\t<div class=\"elementor-widget-container\">\n\t\t\t\t\t\t\t\t\t<p>Ist Teil unserer DNA<\/p>\t\t\t\t\t\t\t\t<\/div>\n\t\t\t\t<\/div>\n\t\t\t\t<\/div>\n\t\t\t\t<div class=\"elementor-element elementor-element-9af9d85 elementor-widget elementor-widget-heading\" data-id=\"9af9d85\" data-element_type=\"widget\" data-e-type=\"widget\" data-widget_type=\"heading.default\">\n\t\t\t\t<div class=\"elementor-widget-container\">\n\t\t\t\t\t<h3 class=\"elementor-heading-title elementor-size-default\">Aktuelle M\u00f6glichkeiten<\/h3>\t\t\t\t<\/div>\n\t\t\t\t<\/div>\n\t\t\t\t<div class=\"elementor-element elementor-element-9b37955 elementor-widget elementor-widget-text-editor\" data-id=\"9b37955\" data-element_type=\"widget\" data-e-type=\"widget\" data-widget_type=\"text-editor.default\">\n\t\t\t\t<div class=\"elementor-widget-container\">\n\t\t\t\t\t\t\t\t\t<p>Wenn Sie wissen m\u00f6chten, welche Stellen wir derzeit zu besetzen haben, lesen Sie mehr\u00a0<a href=\"https:\/\/simatekas.hr-on.com\/\">hier<\/a>.<\/p>\t\t\t\t\t\t\t\t<\/div>\n\t\t\t\t<\/div>\n\t\t\t\t<\/div>\n\t\t\t\t\t<\/div>\n\t\t\t\t<\/div>\n\t\t\t\t<\/div>","protected":false},"excerpt":{"rendered":"<p>Jobs Jobs Simatek aims to be the preferred partner in air filtration worldwide. We believe that knowledge and commitment are essential if you want to have a leading position in our industry. We work with colleagues who are specialists in their fields and who have extensive knowledge of our customers&#8217; industries. We are a medium-sized [&hellip;]<\/p>\n","protected":false},"author":1,"featured_media":0,"parent":1064,"menu_order":0,"comment_status":"closed","ping_status":"closed","template":"elementor_header_footer","meta":{"_acf_changed":false,"content-type":"","footnotes":""},"class_list":["post-2633","page","type-page","status-publish","hentry"],"acf":[],"yoast_head":"<!-- This site is optimized with the Yoast SEO plugin v27.4 - https:\/\/yoast.com\/product\/yoast-seo-wordpress\/ -->\n<title>Jobs &amp; Careers at Simatek | Work with Clean Air Solutions<\/title>\n<meta name=\"description\" content=\"Discover jobs at Simatek and become part of a dynamic company working with clean air solutions. Read more about careers at Simatek.\" \/>\n<meta name=\"robots\" content=\"index, follow, max-snippet:-1, max-image-preview:large, max-video-preview:-1\" \/>\n<link rel=\"canonical\" href=\"https:\/\/simatek.com\/de\/uber\/arbeitsplatze\/\" \/>\n<meta property=\"og:locale\" content=\"de_DE\" \/>\n<meta property=\"og:type\" content=\"article\" \/>\n<meta property=\"og:title\" content=\"Jobs &amp; Careers at Simatek | Work with Clean Air Solutions\" \/>\n<meta property=\"og:description\" content=\"Discover jobs at Simatek and become part of a dynamic company working with clean air solutions. Read more about careers at Simatek.\" \/>\n<meta property=\"og:url\" content=\"https:\/\/simatek.com\/de\/uber\/arbeitsplatze\/\" \/>\n<meta property=\"og:site_name\" content=\"Simatek\" \/>\n<meta property=\"article:modified_time\" content=\"2026-02-26T10:17:30+00:00\" \/>\n<meta name=\"twitter:card\" content=\"summary_large_image\" \/>\n<meta name=\"twitter:label1\" content=\"Gesch\u00e4tzte Lesezeit\" \/>\n\t<meta name=\"twitter:data1\" content=\"1\u00a0Minute\" \/>\n<script type=\"application\/ld+json\" class=\"yoast-schema-graph\">{\"@context\":\"https:\\\/\\\/schema.org\",\"@graph\":[{\"@type\":\"WebPage\",\"@id\":\"https:\\\/\\\/simatek.com\\\/about\\\/jobs\\\/\",\"url\":\"https:\\\/\\\/simatek.com\\\/about\\\/jobs\\\/\",\"name\":\"Jobs & Careers at Simatek | Work with Clean Air Solutions\",\"isPartOf\":{\"@id\":\"https:\\\/\\\/simatek.com\\\/#website\"},\"datePublished\":\"2024-09-04T06:43:06+00:00\",\"dateModified\":\"2026-02-26T10:17:30+00:00\",\"description\":\"Discover jobs at Simatek and become part of a dynamic company working with clean air solutions. Read more about careers at Simatek.\",\"breadcrumb\":{\"@id\":\"https:\\\/\\\/simatek.com\\\/about\\\/jobs\\\/#breadcrumb\"},\"inLanguage\":\"de\",\"potentialAction\":[{\"@type\":\"ReadAction\",\"target\":[\"https:\\\/\\\/simatek.com\\\/about\\\/jobs\\\/\"]}]},{\"@type\":\"BreadcrumbList\",\"@id\":\"https:\\\/\\\/simatek.com\\\/about\\\/jobs\\\/#breadcrumb\",\"itemListElement\":[{\"@type\":\"ListItem\",\"position\":1,\"name\":\"Home\",\"item\":\"https:\\\/\\\/simatek.com\\\/\"},{\"@type\":\"ListItem\",\"position\":2,\"name\":\"About\",\"item\":\"https:\\\/\\\/simatek.com\\\/about\\\/\"},{\"@type\":\"ListItem\",\"position\":3,\"name\":\"Jobs\"}]},{\"@type\":\"WebSite\",\"@id\":\"https:\\\/\\\/simatek.com\\\/#website\",\"url\":\"https:\\\/\\\/simatek.com\\\/\",\"name\":\"Simatek\",\"description\":\"Your partner for emission control\",\"publisher\":{\"@id\":\"https:\\\/\\\/simatek.com\\\/#organization\"},\"potentialAction\":[{\"@type\":\"SearchAction\",\"target\":{\"@type\":\"EntryPoint\",\"urlTemplate\":\"https:\\\/\\\/simatek.com\\\/?s={search_term_string}\"},\"query-input\":{\"@type\":\"PropertyValueSpecification\",\"valueRequired\":true,\"valueName\":\"search_term_string\"}}],\"inLanguage\":\"de\"},{\"@type\":\"Organization\",\"@id\":\"https:\\\/\\\/simatek.com\\\/#organization\",\"name\":\"Simatek\",\"url\":\"https:\\\/\\\/simatek.com\\\/\",\"logo\":{\"@type\":\"ImageObject\",\"inLanguage\":\"de\",\"@id\":\"https:\\\/\\\/simatek.com\\\/#\\\/schema\\\/logo\\\/image\\\/\",\"url\":\"https:\\\/\\\/simatek.com\\\/wp-content\\\/uploads\\\/simatek-logo-text.svg\",\"contentUrl\":\"https:\\\/\\\/simatek.com\\\/wp-content\\\/uploads\\\/simatek-logo-text.svg\",\"width\":283,\"height\":80,\"caption\":\"Simatek\"},\"image\":{\"@id\":\"https:\\\/\\\/simatek.com\\\/#\\\/schema\\\/logo\\\/image\\\/\"}}]}<\/script>\n<!-- \/ Yoast SEO plugin. -->","yoast_head_json":{"title":"Jobs &amp; Karriere bei Simatek | Arbeiten bei Clean Air Solutions","description":"Entdecken Sie Jobs bei Simatek und werden Sie Teil eines dynamischen Unternehmens, das an L\u00f6sungen f\u00fcr saubere Luft arbeitet. Lesen Sie mehr \u00fcber Karrieren bei Simatek.","robots":{"index":"index","follow":"follow","max-snippet":"max-snippet:-1","max-image-preview":"max-image-preview:large","max-video-preview":"max-video-preview:-1"},"canonical":"https:\/\/simatek.com\/de\/uber\/arbeitsplatze\/","og_locale":"de_DE","og_type":"article","og_title":"Jobs & Careers at Simatek | Work with Clean Air Solutions","og_description":"Discover jobs at Simatek and become part of a dynamic company working with clean air solutions. Read more about careers at Simatek.","og_url":"https:\/\/simatek.com\/de\/uber\/arbeitsplatze\/","og_site_name":"Simatek","article_modified_time":"2026-02-26T10:17:30+00:00","twitter_card":"summary_large_image","twitter_misc":{"Gesch\u00e4tzte Lesezeit":"1\u00a0Minute"},"schema":{"@context":"https:\/\/schema.org","@graph":[{"@type":"WebPage","@id":"https:\/\/simatek.com\/about\/jobs\/","url":"https:\/\/simatek.com\/about\/jobs\/","name":"Jobs &amp; Karriere bei Simatek | Arbeiten bei Clean Air Solutions","isPartOf":{"@id":"https:\/\/simatek.com\/#website"},"datePublished":"2024-09-04T06:43:06+00:00","dateModified":"2026-02-26T10:17:30+00:00","description":"Entdecken Sie Jobs bei Simatek und werden Sie Teil eines dynamischen Unternehmens, das an L\u00f6sungen f\u00fcr saubere Luft arbeitet. Lesen Sie mehr \u00fcber Karrieren bei Simatek.","breadcrumb":{"@id":"https:\/\/simatek.com\/about\/jobs\/#breadcrumb"},"inLanguage":"de","potentialAction":[{"@type":"ReadAction","target":["https:\/\/simatek.com\/about\/jobs\/"]}]},{"@type":"BreadcrumbList","@id":"https:\/\/simatek.com\/about\/jobs\/#breadcrumb","itemListElement":[{"@type":"ListItem","position":1,"name":"Home","item":"https:\/\/simatek.com\/"},{"@type":"ListItem","position":2,"name":"About","item":"https:\/\/simatek.com\/about\/"},{"@type":"ListItem","position":3,"name":"Jobs"}]},{"@type":"WebSite","@id":"https:\/\/simatek.com\/#website","url":"https:\/\/simatek.com\/","name":"Simatek","description":"Ihr Partner f\u00fcr die Emissionskontrolle","publisher":{"@id":"https:\/\/simatek.com\/#organization"},"potentialAction":[{"@type":"SearchAction","target":{"@type":"EntryPoint","urlTemplate":"https:\/\/simatek.com\/?s={search_term_string}"},"query-input":{"@type":"PropertyValueSpecification","valueRequired":true,"valueName":"search_term_string"}}],"inLanguage":"de"},{"@type":"Organization","@id":"https:\/\/simatek.com\/#organization","name":"Simatek","url":"https:\/\/simatek.com\/","logo":{"@type":"ImageObject","inLanguage":"de","@id":"https:\/\/simatek.com\/#\/schema\/logo\/image\/","url":"https:\/\/simatek.com\/wp-content\/uploads\/simatek-logo-text.svg","contentUrl":"https:\/\/simatek.com\/wp-content\/uploads\/simatek-logo-text.svg","width":283,"height":80,"caption":"Simatek"},"image":{"@id":"https:\/\/simatek.com\/#\/schema\/logo\/image\/"}}]}},"_links":{"self":[{"href":"https:\/\/simatek.com\/de\/wp-json\/wp\/v2\/pages\/2633","targetHints":{"allow":["GET"]}}],"collection":[{"href":"https:\/\/simatek.com\/de\/wp-json\/wp\/v2\/pages"}],"about":[{"href":"https:\/\/simatek.com\/de\/wp-json\/wp\/v2\/types\/page"}],"author":[{"embeddable":true,"href":"https:\/\/simatek.com\/de\/wp-json\/wp\/v2\/users\/1"}],"replies":[{"embeddable":true,"href":"https:\/\/simatek.com\/de\/wp-json\/wp\/v2\/comments?post=2633"}],"version-history":[{"count":16,"href":"https:\/\/simatek.com\/de\/wp-json\/wp\/v2\/pages\/2633\/revisions"}],"predecessor-version":[{"id":4731,"href":"https:\/\/simatek.com\/de\/wp-json\/wp\/v2\/pages\/2633\/revisions\/4731"}],"up":[{"embeddable":true,"href":"https:\/\/simatek.com\/de\/wp-json\/wp\/v2\/pages\/1064"}],"wp:attachment":[{"href":"https:\/\/simatek.com\/de\/wp-json\/wp\/v2\/media?parent=2633"}],"curies":[{"name":"wp","href":"https:\/\/api.w.org\/{rel}","templated":true}]}}