{"id":2639,"date":"2024-09-04T08:44:12","date_gmt":"2024-09-04T06:44:12","guid":{"rendered":"https:\/\/simatek.com\/?page_id=2639"},"modified":"2026-01-19T12:08:56","modified_gmt":"2026-01-19T11:08:56","slug":"eigentumsvorbehalt","status":"publish","type":"page","link":"https:\/\/simatek.com\/de\/about\/retention-of-title\/","title":{"rendered":"Beibehaltung des Titels"},"content":{"rendered":"<div data-elementor-type=\"wp-page\" data-elementor-id=\"2639\" class=\"elementor elementor-2639\" data-elementor-post-type=\"page\">\n\t\t\t\t<div class=\"has_ae_slider elementor-element elementor-element-ce14c5b e-flex e-con-boxed ae-bg-gallery-type-default e-con e-parent\" data-id=\"ce14c5b\" data-element_type=\"container\" data-e-type=\"container\" data-settings=\"{&quot;background_background&quot;:&quot;classic&quot;}\">\n\t\t\t\t\t<div class=\"e-con-inner\">\n\t\t\t\t<div class=\"elementor-element elementor-element-f3d7650 elementor-widget elementor-widget-heading\" data-id=\"f3d7650\" data-element_type=\"widget\" data-e-type=\"widget\" data-widget_type=\"heading.default\">\n\t\t\t\t<div class=\"elementor-widget-container\">\n\t\t\t\t\t<h1 class=\"elementor-heading-title elementor-size-default\">Eigentumsvorbehalt<\/h1>\t\t\t\t<\/div>\n\t\t\t\t<\/div>\n\t\t\t\t<div class=\"elementor-element elementor-element-8f854a1 elementor-widget elementor-widget-heading\" data-id=\"8f854a1\" data-element_type=\"widget\" data-e-type=\"widget\" data-widget_type=\"heading.default\">\n\t\t\t\t<div class=\"elementor-widget-container\">\n\t\t\t\t\t<h2 class=\"elementor-heading-title elementor-size-default\">Der Lieferant beh\u00e4lt sich das Eigentum bis zur vollst\u00e4ndigen Bezahlung vor.<\/h2>\t\t\t\t<\/div>\n\t\t\t\t<\/div>\n\t\t\t\t\t<\/div>\n\t\t\t\t<\/div>\n\t\t<div class=\"has_ae_slider elementor-element elementor-element-8a662ea e-flex e-con-boxed ae-bg-gallery-type-default e-con e-parent\" data-id=\"8a662ea\" data-element_type=\"container\" data-e-type=\"container\" data-settings=\"{&quot;background_background&quot;:&quot;classic&quot;}\">\n\t\t\t\t\t<div class=\"e-con-inner\">\n\t\t\t\t<div class=\"elementor-element elementor-element-e5403c7 elementor-align-left elementor-mobile-align-left elementor-widget elementor-widget-breadcrumbs\" data-id=\"e5403c7\" data-element_type=\"widget\" data-e-type=\"widget\" data-widget_type=\"breadcrumbs.default\">\n\t\t\t\t<div class=\"elementor-widget-container\">\n\t\t\t\t\t<p id=\"breadcrumbs\"><span><span><a href=\"https:\/\/simatek.com\/de\/\">Startseite<\/a><\/span><\/span><\/p>\t\t\t\t<\/div>\n\t\t\t\t<\/div>\n\t\t\t\t\t<\/div>\n\t\t\t\t<\/div>\n\t\t<div class=\"has_ae_slider elementor-element elementor-element-4c0bdfc e-flex e-con-boxed ae-bg-gallery-type-default e-con e-parent\" data-id=\"4c0bdfc\" data-element_type=\"container\" data-e-type=\"container\" data-settings=\"{&quot;background_background&quot;:&quot;classic&quot;}\">\n\t\t\t\t\t<div class=\"e-con-inner\">\n\t\t<div class=\"has_ae_slider elementor-element elementor-element-893cd5a e-con-full e-flex ae-bg-gallery-type-default e-con e-child\" data-id=\"893cd5a\" data-element_type=\"container\" data-e-type=\"container\" data-settings=\"{&quot;background_background&quot;:&quot;classic&quot;}\">\n\t\t\t\t<div class=\"elementor-element elementor-element-cab36b3 elementor-nav-menu--dropdown-none page-menu elementor-widget elementor-widget-nav-menu\" data-id=\"cab36b3\" data-element_type=\"widget\" data-e-type=\"widget\" data-settings=\"{&quot;layout&quot;:&quot;vertical&quot;,&quot;submenu_icon&quot;:{&quot;value&quot;:&quot;&lt;i class=\\&quot;fas fa-caret-down\\&quot; aria-hidden=\\&quot;true\\&quot;&gt;&lt;\\\/i&gt;&quot;,&quot;library&quot;:&quot;fa-solid&quot;}}\" data-widget_type=\"nav-menu.default\">\n\t\t\t\t<div class=\"elementor-widget-container\">\n\t\t\t\t\t\t\t\t<nav aria-label=\"Men\u00fc\" class=\"elementor-nav-menu--main elementor-nav-menu__container elementor-nav-menu--layout-vertical e--pointer-background e--animation-fade\">\n\t\t\t\t<ul id=\"menu-1-cab36b3\" class=\"elementor-nav-menu sm-vertical\"><li class=\"menu-item menu-item-type-post_type menu-item-object-page menu-item-2624\"><a href=\"https:\/\/simatek.com\/de\/about\/\" class=\"elementor-item\">\u00dcber<\/a><\/li>\n<li class=\"menu-item menu-item-type-post_type menu-item-object-page menu-item-2648\"><a href=\"https:\/\/simatek.com\/de\/about\/vision-mission-and-values\/\" class=\"elementor-item\">Vision, Auftrag und Werte<\/a><\/li>\n<li class=\"menu-item menu-item-type-post_type menu-item-object-page menu-item-2644\"><a href=\"https:\/\/simatek.com\/de\/about\/our-history-en\/\" class=\"elementor-item\">Unsere Geschichte<\/a><\/li>\n<li class=\"menu-item menu-item-type-post_type menu-item-object-page menu-item-2641\"><a href=\"https:\/\/simatek.com\/de\/about\/acquisition-of-flsmidth-fabric-filter-business\/\" class=\"elementor-item\">Erwerb des FLSmidth-Gewebefiltergesch\u00e4fts<\/a><\/li>\n<li class=\"menu-item menu-item-type-post_type menu-item-object-page menu-item-2647\"><a href=\"https:\/\/simatek.com\/de\/about\/trade-fairs\/\" class=\"elementor-item\">Messen<\/a><\/li>\n<li class=\"menu-item menu-item-type-post_type menu-item-object-page menu-item-2643\"><a href=\"https:\/\/simatek.com\/de\/about\/jobs\/\" class=\"elementor-item\">Karriere<\/a><\/li>\n<li class=\"menu-item menu-item-type-post_type menu-item-object-page menu-item-2649\"><a href=\"https:\/\/simatek.com\/de\/about\/whistleblower\/\" class=\"elementor-item\">Whistleblower-System<\/a><\/li>\n<li class=\"menu-item menu-item-type-post_type menu-item-object-page menu-item-2642\"><a href=\"https:\/\/simatek.com\/de\/about\/cookie-and-data-privacy-policy\/\" class=\"elementor-item\">Cookie- und Datenschutzrichtlinie<\/a><\/li>\n<li class=\"menu-item menu-item-type-custom menu-item-object-custom menu-item-3899\"><a target=\"_blank\" href=\"https:\/\/simatek.com\/wp-content\/uploads\/9730001C_GENERAL-TERMS-OF-PURCHASE.pdf\" class=\"elementor-item\">Allgemeine Einkaufsbedingungen (EN)<\/a><\/li>\n<li class=\"menu-item menu-item-type-post_type menu-item-object-page menu-item-2646\"><a href=\"https:\/\/simatek.com\/de\/about\/retention-of-title\/\" class=\"elementor-item\">Beibehaltung des Titels<\/a><\/li>\n<\/ul>\t\t\t<\/nav>\n\t\t\t\t\t\t<nav class=\"elementor-nav-menu--dropdown elementor-nav-menu__container\" aria-hidden=\"true\">\n\t\t\t\t<ul id=\"menu-2-cab36b3\" class=\"elementor-nav-menu sm-vertical\"><li class=\"menu-item menu-item-type-post_type menu-item-object-page menu-item-2624\"><a href=\"https:\/\/simatek.com\/de\/about\/\" class=\"elementor-item\" tabindex=\"-1\">\u00dcber<\/a><\/li>\n<li class=\"menu-item menu-item-type-post_type menu-item-object-page menu-item-2648\"><a href=\"https:\/\/simatek.com\/de\/about\/vision-mission-and-values\/\" class=\"elementor-item\" tabindex=\"-1\">Vision, Auftrag und Werte<\/a><\/li>\n<li class=\"menu-item menu-item-type-post_type menu-item-object-page menu-item-2644\"><a href=\"https:\/\/simatek.com\/de\/about\/our-history-en\/\" class=\"elementor-item\" tabindex=\"-1\">Unsere Geschichte<\/a><\/li>\n<li class=\"menu-item menu-item-type-post_type menu-item-object-page menu-item-2641\"><a href=\"https:\/\/simatek.com\/de\/about\/acquisition-of-flsmidth-fabric-filter-business\/\" class=\"elementor-item\" tabindex=\"-1\">Erwerb des FLSmidth-Gewebefiltergesch\u00e4fts<\/a><\/li>\n<li class=\"menu-item menu-item-type-post_type menu-item-object-page menu-item-2647\"><a href=\"https:\/\/simatek.com\/de\/about\/trade-fairs\/\" class=\"elementor-item\" tabindex=\"-1\">Messen<\/a><\/li>\n<li class=\"menu-item menu-item-type-post_type menu-item-object-page menu-item-2643\"><a href=\"https:\/\/simatek.com\/de\/about\/jobs\/\" class=\"elementor-item\" tabindex=\"-1\">Karriere<\/a><\/li>\n<li class=\"menu-item menu-item-type-post_type menu-item-object-page menu-item-2649\"><a href=\"https:\/\/simatek.com\/de\/about\/whistleblower\/\" class=\"elementor-item\" tabindex=\"-1\">Whistleblower-System<\/a><\/li>\n<li class=\"menu-item menu-item-type-post_type menu-item-object-page menu-item-2642\"><a href=\"https:\/\/simatek.com\/de\/about\/cookie-and-data-privacy-policy\/\" class=\"elementor-item\" tabindex=\"-1\">Cookie- und Datenschutzrichtlinie<\/a><\/li>\n<li class=\"menu-item menu-item-type-custom menu-item-object-custom menu-item-3899\"><a target=\"_blank\" href=\"https:\/\/simatek.com\/wp-content\/uploads\/9730001C_GENERAL-TERMS-OF-PURCHASE.pdf\" class=\"elementor-item\" tabindex=\"-1\">Allgemeine Einkaufsbedingungen (EN)<\/a><\/li>\n<li class=\"menu-item menu-item-type-post_type menu-item-object-page menu-item-2646\"><a href=\"https:\/\/simatek.com\/de\/about\/retention-of-title\/\" class=\"elementor-item\" tabindex=\"-1\">Beibehaltung des Titels<\/a><\/li>\n<\/ul>\t\t\t<\/nav>\n\t\t\t\t\t\t<\/div>\n\t\t\t\t<\/div>\n\t\t\t\t<\/div>\n\t\t<div class=\"has_ae_slider elementor-element elementor-element-ddf0079 e-con-full e-flex ae-bg-gallery-type-default e-con e-child\" data-id=\"ddf0079\" data-element_type=\"container\" data-e-type=\"container\">\n\t\t\t\t<div class=\"elementor-element elementor-element-3c04000 elementor-widget elementor-widget-text-editor\" data-id=\"3c04000\" data-element_type=\"widget\" data-e-type=\"widget\" data-widget_type=\"text-editor.default\">\n\t\t\t\t<div class=\"elementor-widget-container\">\n\t\t\t\t\t\t\t\t\t<p><strong>F\u00fcr Kunden mit Rechnungsadresse in Gro\u00dfbritannien<\/strong><\/p><ol><li>Das Eigentum am Produkt geht trotz Lieferung erst   an den K\u00e4ufer \u00fcber, wenn dieser den Lieferanten vollst\u00e4ndig und einschlie\u00dflich aller f\u00e4lligen Betr\u00e4ge f\u00fcr das Produkt bezahlt hat.<br \/><br \/><\/li><li>Solange das Eigentum am Produkt noch nicht an den K\u00e4ufer \u00fcbergegangen ist, lagert der K\u00e4ufer das Produkt in einer Weise, die seine problemlose Identifizierung als Eigentum des Lieferanten m\u00f6glich macht.<br \/><br \/><\/li><li>Wird das Produkt vor dem Eigentums\u00fcbergang in G\u00e4nze oder in Teilen an den K\u00e4ufer \u00fcbergeben und im Rahmen eines Herstellungs- oder Montageprozesses in eine andere Sache eingebaut, wird das Eigentum dem Wert des eingebauten Produkts entsprechend anteilig zwischen dem K\u00e4ufer und dem Lieferanten geteilt, wobei der Wert von vergleichbaren anderen Bauteilen, die f\u00fcr die Herstellung f\u00fcr die neue Sache verwendet werden, sowie die Herstellungs- oder Einbaukosten zu Grunde gelegt werden. Mit der vom K\u00e4ufer an den Lieferanten gem\u00e4\u00df Klausel 1 erfolgten Bezahlung geht das Eigentum an der neuen Sache an den K\u00e4ufer \u00fcber.<\/li><\/ol><p>\u00a0<\/p><p><strong>F\u00fcr Kunden mit Rechnungsadresse in Deutschland<\/strong><br \/>Umfassender Eigentumsvorbehalt<\/p><ol><li>Der nachfolgend vereinbarte Eigentumsvorbehalt dient der Sicherung aller jeweils bestehenden derzeitigen und ku\u0308nftigen Forderungen des Verk\u00e4ufers gegen den K\u00e4ufer aus der zwischen den Vertragspartnern bestehenden Lieferbeziehung u\u0308ber EUR xxxxxxxxx (einschlie\u00dflich Saldoforderungen aus einem auf diese Liefer-beziehung beschr\u00e4nkten Kontokorrentverh\u00e4ltnis).<br \/><br \/><\/li><li>Die vom Verk\u00e4ufer an den K\u00e4ufer gelieferte Ware bleibt bis zur vollst\u00e4ndigen Bezahlung aller gesicherten Forderungen Eigentum des Verk\u00e4ufers. Die Ware sowie die nach dieser Klausel an ihre Stelle tretende, vom Eigentumsvorbehalt erfasste Ware wird nachfolgend Vorbehaltsware genannt.<br \/><br \/><\/li><li>Der K\u00e4ufer verwahrt die Vorbehaltsware unentgeltlich fu\u0308r den Verk\u00e4ufer.\u00a0<br \/><br \/><\/li><li>Der K\u00e4ufer ist berechtigt, die Vorbehaltsware bis zum Eintritt des Verwertungsfalls (Absatz 9) im ordnungsgem\u00e4\u00dfen Gesch\u00e4ftsverkehr zu verarbeiten und zu ver\u00e4u\u00dfern. Verpf\u00e4ndungen und Sicherungsu\u0308bereignungen sind unzul\u00e4ssig.<br \/><br \/><\/li><li>Wird die Vorbehaltsware vom K\u00e4ufer verarbeitet, so wird vereinbart, dass die Verarbeitung im Namen und fu\u0308r Rechnung des Verk\u00e4ufers als Hersteller erfolgt und der Verk\u00e4ufer unmittelbar das Eigentum oder \u2013 wenn die Verarbeitung aus Stoffen mehrerer Eigentu\u0308mer erfolgt oder der Wert der verarbeiteten Sacheh\u00f6her ist als der Wert der Vorbehaltsware \u2013 das Miteigentum (Bruchteils-eigentum) an der neu geschaffenen Sache im Verh\u00e4ltnis des Werts der Vorbehaltsware zum Wert der neu geschaffenen Sache erwirbt.Fu\u0308r den Fall, dass kein solcher Eigentumserwerb beim Verk\u00e4ufer eintreten sollte,  u\u0308bertr\u00e4gt der K\u00e4ufer bereits jetzt sein ku\u0308nftiges Eigentum oder \u2013 im og. Verh\u00e4ltnis \u2013 Miteigentum an der neu geschaffenen Sache zur Sicherheit an den Verk\u00e4ufer. Wird die Vorbehaltsware mit anderen Sachen zu einer einheitlichen Sache verbunden oder untrennbar vermischt und ist eine der anderen Sachen als Hauptsache anzusehen, so u\u0308bertr\u00e4gt der Verk\u00e4ufer, soweit die Hauptsache ihm geh\u00f6rt, dem K\u00e4ufer anteilig das Miteigentum an der einheitlichen Sache in dem in Satz 1 genannten Verh\u00e4ltnis.<br \/><br \/><\/li><li>Im Fall der Weiterver\u00e4u\u00dferung der Vorbehaltsware tritt der K\u00e4ufer bereits jetzt sicherungshalber die hieraus entstehende Forderung gegen den Erwerber \u2013 bei Miteigentum des Verk\u00e4ufers an der Vorbehaltsware anteilig entsprechend dem Miteigentumsanteil \u2013 an den Verk\u00e4ufer ab. Gleiches gilt fu\u0308r sonstige Forderungen, die an die Stelle der Vorbehaltsware treten oder sonst hinsichtlich der Vorbehaltsware entstehen, wie zB. Versicherungsanspru\u0308che oder Anspru\u0308che aus unerlaubter Handlung bei Verlust oder Zerst\u00f6rung. Der Verk\u00e4ufer erm\u00e4chtigt den K\u00e4ufer widerruflich, die an den Verk\u00e4ufer abgetretenen Forderungen im eigenen Namen einzuziehen. Der Verk\u00e4ufer darf diese Einzugserm\u00e4chtigung nur im Verwertungsfall widerrufen.<br \/><br \/><\/li><li>Greifen Dritte auf die Vorbehaltsware zu, insbesondere durch Pf\u00e4ndung, wird der K\u00e4ufer sie unverzu\u0308glich auf das Eigentum des Verk\u00e4ufers hinweisen und den Verk\u00e4ufer hieru\u0308ber  informieren, um ihm die Durchsetzung seiner Eigentums-rechte zu erm\u00f6glichen. Sofern der Dritte nicht in der Lage ist, dem Verk\u00e4ufer die in diesem Zusammenhang entstehenden gerichtlichen oder au\u00dfergerichtlichen Kosten zu erstatten, haftet hierfu\u0308r der K\u00e4ufer dem Verk\u00e4ufer.<br \/><br \/><\/li><li>Der Verk\u00e4ufer wird die Vorbehaltsware sowie die an ihre Stelle tretenden Sachen oder Forderungen auf Verlangen nach seiner Wahl freigeben, soweit ihr Wert die H\u00f6he der gesicherten Forderungen um mehr als 50% u\u0308bersteigt.<br \/><br \/><\/li><li>Tritt der Verk\u00e4ufer bei vertragswidrigem Verhalten des K\u00e4ufers \u2013 insbesondere Zahlungsverzug \u2013 vom Vertrag zuru\u0308ck (Verwertungsfall), ist er berechtigt, die Vorbehaltsware herauszuverlangen.<\/li><\/ol>\t\t\t\t\t\t\t\t<\/div>\n\t\t\t\t<\/div>\n\t\t\t\t<\/div>\n\t\t\t\t\t<\/div>\n\t\t\t\t<\/div>\n\t\t\t\t<\/div>","protected":false},"excerpt":{"rendered":"<p>Retention of title Supplier retains ownership until full payment is made. For\u00a0customers with invoice address in Great Britain Title to the Product shall not pass to the Buyer notwithstanding delivery until the Buyer has paid the Supplier in full for the Product together with all sums due from the Buyer to the Supplier at the [&hellip;]<\/p>\n","protected":false},"author":1,"featured_media":0,"parent":1064,"menu_order":0,"comment_status":"closed","ping_status":"closed","template":"elementor_header_footer","meta":{"_acf_changed":false,"content-type":"","footnotes":""},"class_list":["post-2639","page","type-page","status-publish","hentry"],"acf":[],"yoast_head":"<!-- This site is optimized with the Yoast SEO plugin v27.4 - https:\/\/yoast.com\/product\/yoast-seo-wordpress\/ -->\n<title>Retention of Title | Simatek<\/title>\n<meta name=\"robots\" content=\"index, follow, max-snippet:-1, max-image-preview:large, max-video-preview:-1\" \/>\n<link rel=\"canonical\" href=\"https:\/\/simatek.com\/de\/uber\/eigentumsvorbehalt\/\" \/>\n<meta property=\"og:locale\" content=\"de_DE\" \/>\n<meta property=\"og:type\" content=\"article\" \/>\n<meta property=\"og:title\" content=\"Retention of Title | Simatek\" \/>\n<meta property=\"og:description\" content=\"Retention of title Supplier retains ownership until full payment is made. For\u00a0customers with invoice address in Great Britain Title to the Product shall not pass to the Buyer notwithstanding delivery until the Buyer has paid the Supplier in full for the Product together with all sums due from the Buyer to the Supplier at the [&hellip;]\" \/>\n<meta property=\"og:url\" content=\"https:\/\/simatek.com\/de\/uber\/eigentumsvorbehalt\/\" \/>\n<meta property=\"og:site_name\" content=\"Simatek\" \/>\n<meta property=\"article:modified_time\" content=\"2026-01-19T11:08:56+00:00\" \/>\n<meta name=\"twitter:card\" content=\"summary_large_image\" \/>\n<meta name=\"twitter:label1\" content=\"Gesch\u00e4tzte Lesezeit\" \/>\n\t<meta name=\"twitter:data1\" content=\"4\u00a0Minuten\" \/>\n<script type=\"application\/ld+json\" class=\"yoast-schema-graph\">{\"@context\":\"https:\\\/\\\/schema.org\",\"@graph\":[{\"@type\":\"WebPage\",\"@id\":\"https:\\\/\\\/simatek.com\\\/about\\\/retention-of-title\\\/\",\"url\":\"https:\\\/\\\/simatek.com\\\/about\\\/retention-of-title\\\/\",\"name\":\"Retention of Title | Simatek\",\"isPartOf\":{\"@id\":\"https:\\\/\\\/simatek.com\\\/#website\"},\"datePublished\":\"2024-09-04T06:44:12+00:00\",\"dateModified\":\"2026-01-19T11:08:56+00:00\",\"breadcrumb\":{\"@id\":\"https:\\\/\\\/simatek.com\\\/about\\\/retention-of-title\\\/#breadcrumb\"},\"inLanguage\":\"de\",\"potentialAction\":[{\"@type\":\"ReadAction\",\"target\":[\"https:\\\/\\\/simatek.com\\\/about\\\/retention-of-title\\\/\"]}]},{\"@type\":\"BreadcrumbList\",\"@id\":\"https:\\\/\\\/simatek.com\\\/about\\\/retention-of-title\\\/#breadcrumb\",\"itemListElement\":[{\"@type\":\"ListItem\",\"position\":1,\"name\":\"Home\",\"item\":\"https:\\\/\\\/simatek.com\\\/\"},{\"@type\":\"ListItem\",\"position\":2,\"name\":\"About\",\"item\":\"https:\\\/\\\/simatek.com\\\/about\\\/\"},{\"@type\":\"ListItem\",\"position\":3,\"name\":\"Retention of Title\"}]},{\"@type\":\"WebSite\",\"@id\":\"https:\\\/\\\/simatek.com\\\/#website\",\"url\":\"https:\\\/\\\/simatek.com\\\/\",\"name\":\"Simatek\",\"description\":\"Your partner for emission control\",\"publisher\":{\"@id\":\"https:\\\/\\\/simatek.com\\\/#organization\"},\"potentialAction\":[{\"@type\":\"SearchAction\",\"target\":{\"@type\":\"EntryPoint\",\"urlTemplate\":\"https:\\\/\\\/simatek.com\\\/?s={search_term_string}\"},\"query-input\":{\"@type\":\"PropertyValueSpecification\",\"valueRequired\":true,\"valueName\":\"search_term_string\"}}],\"inLanguage\":\"de\"},{\"@type\":\"Organization\",\"@id\":\"https:\\\/\\\/simatek.com\\\/#organization\",\"name\":\"Simatek\",\"url\":\"https:\\\/\\\/simatek.com\\\/\",\"logo\":{\"@type\":\"ImageObject\",\"inLanguage\":\"de\",\"@id\":\"https:\\\/\\\/simatek.com\\\/#\\\/schema\\\/logo\\\/image\\\/\",\"url\":\"https:\\\/\\\/simatek.com\\\/wp-content\\\/uploads\\\/simatek-logo-text.svg\",\"contentUrl\":\"https:\\\/\\\/simatek.com\\\/wp-content\\\/uploads\\\/simatek-logo-text.svg\",\"width\":283,\"height\":80,\"caption\":\"Simatek\"},\"image\":{\"@id\":\"https:\\\/\\\/simatek.com\\\/#\\\/schema\\\/logo\\\/image\\\/\"}}]}<\/script>\n<!-- \/ Yoast SEO plugin. -->","yoast_head_json":{"title":"Eigentumsvorbehalt | Simatek","robots":{"index":"index","follow":"follow","max-snippet":"max-snippet:-1","max-image-preview":"max-image-preview:large","max-video-preview":"max-video-preview:-1"},"canonical":"https:\/\/simatek.com\/de\/uber\/eigentumsvorbehalt\/","og_locale":"de_DE","og_type":"article","og_title":"Retention of Title | Simatek","og_description":"Retention of title Supplier retains ownership until full payment is made. For\u00a0customers with invoice address in Great Britain Title to the Product shall not pass to the Buyer notwithstanding delivery until the Buyer has paid the Supplier in full for the Product together with all sums due from the Buyer to the Supplier at the [&hellip;]","og_url":"https:\/\/simatek.com\/de\/uber\/eigentumsvorbehalt\/","og_site_name":"Simatek","article_modified_time":"2026-01-19T11:08:56+00:00","twitter_card":"summary_large_image","twitter_misc":{"Gesch\u00e4tzte Lesezeit":"4\u00a0Minuten"},"schema":{"@context":"https:\/\/schema.org","@graph":[{"@type":"WebPage","@id":"https:\/\/simatek.com\/about\/retention-of-title\/","url":"https:\/\/simatek.com\/about\/retention-of-title\/","name":"Eigentumsvorbehalt | Simatek","isPartOf":{"@id":"https:\/\/simatek.com\/#website"},"datePublished":"2024-09-04T06:44:12+00:00","dateModified":"2026-01-19T11:08:56+00:00","breadcrumb":{"@id":"https:\/\/simatek.com\/about\/retention-of-title\/#breadcrumb"},"inLanguage":"de","potentialAction":[{"@type":"ReadAction","target":["https:\/\/simatek.com\/about\/retention-of-title\/"]}]},{"@type":"BreadcrumbList","@id":"https:\/\/simatek.com\/about\/retention-of-title\/#breadcrumb","itemListElement":[{"@type":"ListItem","position":1,"name":"Home","item":"https:\/\/simatek.com\/"},{"@type":"ListItem","position":2,"name":"About","item":"https:\/\/simatek.com\/about\/"},{"@type":"ListItem","position":3,"name":"Retention of Title"}]},{"@type":"WebSite","@id":"https:\/\/simatek.com\/#website","url":"https:\/\/simatek.com\/","name":"Simatek","description":"Ihr Partner f\u00fcr die Emissionskontrolle","publisher":{"@id":"https:\/\/simatek.com\/#organization"},"potentialAction":[{"@type":"SearchAction","target":{"@type":"EntryPoint","urlTemplate":"https:\/\/simatek.com\/?s={search_term_string}"},"query-input":{"@type":"PropertyValueSpecification","valueRequired":true,"valueName":"search_term_string"}}],"inLanguage":"de"},{"@type":"Organization","@id":"https:\/\/simatek.com\/#organization","name":"Simatek","url":"https:\/\/simatek.com\/","logo":{"@type":"ImageObject","inLanguage":"de","@id":"https:\/\/simatek.com\/#\/schema\/logo\/image\/","url":"https:\/\/simatek.com\/wp-content\/uploads\/simatek-logo-text.svg","contentUrl":"https:\/\/simatek.com\/wp-content\/uploads\/simatek-logo-text.svg","width":283,"height":80,"caption":"Simatek"},"image":{"@id":"https:\/\/simatek.com\/#\/schema\/logo\/image\/"}}]}},"_links":{"self":[{"href":"https:\/\/simatek.com\/de\/wp-json\/wp\/v2\/pages\/2639","targetHints":{"allow":["GET"]}}],"collection":[{"href":"https:\/\/simatek.com\/de\/wp-json\/wp\/v2\/pages"}],"about":[{"href":"https:\/\/simatek.com\/de\/wp-json\/wp\/v2\/types\/page"}],"author":[{"embeddable":true,"href":"https:\/\/simatek.com\/de\/wp-json\/wp\/v2\/users\/1"}],"replies":[{"embeddable":true,"href":"https:\/\/simatek.com\/de\/wp-json\/wp\/v2\/comments?post=2639"}],"version-history":[{"count":11,"href":"https:\/\/simatek.com\/de\/wp-json\/wp\/v2\/pages\/2639\/revisions"}],"predecessor-version":[{"id":5871,"href":"https:\/\/simatek.com\/de\/wp-json\/wp\/v2\/pages\/2639\/revisions\/5871"}],"up":[{"embeddable":true,"href":"https:\/\/simatek.com\/de\/wp-json\/wp\/v2\/pages\/1064"}],"wp:attachment":[{"href":"https:\/\/simatek.com\/de\/wp-json\/wp\/v2\/media?parent=2639"}],"curies":[{"name":"wp","href":"https:\/\/api.w.org\/{rel}","templated":true}]}}