{"id":2629,"date":"2024-09-04T08:42:25","date_gmt":"2024-09-04T06:42:25","guid":{"rendered":"https:\/\/simatek.com\/?page_id=2629"},"modified":"2026-01-29T13:31:14","modified_gmt":"2026-01-29T12:31:14","slug":"adquisicion-del-negocio-de-filtros-textiles-de-flsmidth","status":"publish","type":"page","link":"https:\/\/simatek.com\/es\/about\/acquisition-of-flsmidth-fabric-filter-business\/","title":{"rendered":"Adquisici\u00f3n del negocio de filtros textiles de FLSmidth"},"content":{"rendered":"<div data-elementor-type=\"wp-page\" data-elementor-id=\"2629\" class=\"elementor elementor-2629\" data-elementor-post-type=\"page\">\n\t\t\t\t<div class=\"has_ae_slider elementor-element elementor-element-76935e9 e-flex e-con-boxed ae-bg-gallery-type-default e-con e-parent\" data-id=\"76935e9\" data-element_type=\"container\" data-e-type=\"container\" data-settings=\"{&quot;background_background&quot;:&quot;classic&quot;}\">\n\t\t\t\t\t<div class=\"e-con-inner\">\n\t\t\t\t<div class=\"elementor-element elementor-element-8e8006f elementor-widget elementor-widget-heading\" data-id=\"8e8006f\" data-element_type=\"widget\" data-e-type=\"widget\" data-widget_type=\"heading.default\">\n\t\t\t\t<div class=\"elementor-widget-container\">\n\t\t\t\t\t<h1 class=\"elementor-heading-title elementor-size-default\">Adquisici\u00f3n del negocio de filtros textiles de FLSmidth<\/h1>\t\t\t\t<\/div>\n\t\t\t\t<\/div>\n\t\t\t\t\t<\/div>\n\t\t\t\t<\/div>\n\t\t<div class=\"has_ae_slider elementor-element elementor-element-373cbaa e-flex e-con-boxed ae-bg-gallery-type-default e-con e-parent\" data-id=\"373cbaa\" data-element_type=\"container\" data-e-type=\"container\" data-settings=\"{&quot;background_background&quot;:&quot;classic&quot;}\">\n\t\t\t\t\t<div class=\"e-con-inner\">\n\t\t\t\t<div class=\"elementor-element elementor-element-1952576 elementor-align-left elementor-mobile-align-left elementor-widget elementor-widget-breadcrumbs\" data-id=\"1952576\" data-element_type=\"widget\" data-e-type=\"widget\" data-widget_type=\"breadcrumbs.default\">\n\t\t\t\t<div class=\"elementor-widget-container\">\n\t\t\t\t\t<p id=\"breadcrumbs\"><span><span><a href=\"https:\/\/simatek.com\/es\/\">Inicio<\/a><\/span><\/span><\/p>\t\t\t\t<\/div>\n\t\t\t\t<\/div>\n\t\t\t\t\t<\/div>\n\t\t\t\t<\/div>\n\t\t<div class=\"has_ae_slider elementor-element elementor-element-46c23aa e-flex e-con-boxed ae-bg-gallery-type-default e-con e-parent\" data-id=\"46c23aa\" data-element_type=\"container\" data-e-type=\"container\" data-settings=\"{&quot;background_background&quot;:&quot;classic&quot;}\">\n\t\t\t\t\t<div class=\"e-con-inner\">\n\t\t<div class=\"has_ae_slider elementor-element elementor-element-9276030 e-con-full e-flex ae-bg-gallery-type-default e-con e-child\" data-id=\"9276030\" data-element_type=\"container\" data-e-type=\"container\" data-settings=\"{&quot;background_background&quot;:&quot;classic&quot;}\">\n\t\t\t\t<div class=\"elementor-element elementor-element-a14f0e2 elementor-nav-menu--dropdown-none page-menu elementor-widget elementor-widget-nav-menu\" data-id=\"a14f0e2\" data-element_type=\"widget\" data-e-type=\"widget\" data-settings=\"{&quot;layout&quot;:&quot;vertical&quot;,&quot;submenu_icon&quot;:{&quot;value&quot;:&quot;&lt;i class=\\&quot;fas fa-caret-down\\&quot; aria-hidden=\\&quot;true\\&quot;&gt;&lt;\\\/i&gt;&quot;,&quot;library&quot;:&quot;fa-solid&quot;}}\" data-widget_type=\"nav-menu.default\">\n\t\t\t\t<div class=\"elementor-widget-container\">\n\t\t\t\t\t\t\t\t<nav aria-label=\"Men\u00fa\" class=\"elementor-nav-menu--main elementor-nav-menu__container elementor-nav-menu--layout-vertical e--pointer-background e--animation-fade\">\n\t\t\t\t<ul id=\"menu-1-a14f0e2\" class=\"elementor-nav-menu sm-vertical\"><li class=\"menu-item menu-item-type-post_type menu-item-object-page menu-item-2624\"><a href=\"https:\/\/simatek.com\/es\/about\/\" class=\"elementor-item\">Acerca de<\/a><\/li>\n<li class=\"menu-item menu-item-type-post_type menu-item-object-page menu-item-2648\"><a href=\"https:\/\/simatek.com\/es\/about\/vision-mission-and-values\/\" class=\"elementor-item\">Visi\u00f3n, misi\u00f3n y valores<\/a><\/li>\n<li class=\"menu-item menu-item-type-post_type menu-item-object-page menu-item-2644\"><a href=\"https:\/\/simatek.com\/es\/about\/our-history-en\/\" class=\"elementor-item\">Nuestra historia<\/a><\/li>\n<li class=\"menu-item menu-item-type-post_type menu-item-object-page menu-item-2641\"><a href=\"https:\/\/simatek.com\/es\/about\/acquisition-of-flsmidth-fabric-filter-business\/\" class=\"elementor-item\">Adquisici\u00f3n del negocio de filtros textiles de FLSmidth<\/a><\/li>\n<li class=\"menu-item menu-item-type-post_type menu-item-object-page menu-item-2647\"><a href=\"https:\/\/simatek.com\/es\/about\/trade-fairs\/\" class=\"elementor-item\">Ferias comerciales<\/a><\/li>\n<li class=\"menu-item menu-item-type-post_type menu-item-object-page menu-item-2643\"><a href=\"https:\/\/simatek.com\/es\/about\/jobs\/\" class=\"elementor-item\">Empleo<\/a><\/li>\n<li class=\"menu-item menu-item-type-post_type menu-item-object-page menu-item-2649\"><a href=\"https:\/\/simatek.com\/es\/about\/whistleblower\/\" class=\"elementor-item\">Denunciante<\/a><\/li>\n<li class=\"menu-item menu-item-type-post_type menu-item-object-page menu-item-2642\"><a href=\"https:\/\/simatek.com\/es\/about\/cookie-and-data-privacy-policy\/\" class=\"elementor-item\">Pol\u00edtica de cookies y privacidad de datos<\/a><\/li>\n<li class=\"menu-item menu-item-type-custom menu-item-object-custom menu-item-3899\"><a target=\"_blank\" href=\"https:\/\/simatek.com\/wp-content\/uploads\/9730001C_GENERAL-TERMS-OF-PURCHASE.pdf\" class=\"elementor-item\">Condiciones de compra<\/a><\/li>\n<\/ul>\t\t\t<\/nav>\n\t\t\t\t\t\t<nav class=\"elementor-nav-menu--dropdown elementor-nav-menu__container\" aria-hidden=\"true\">\n\t\t\t\t<ul id=\"menu-2-a14f0e2\" class=\"elementor-nav-menu sm-vertical\"><li class=\"menu-item menu-item-type-post_type menu-item-object-page menu-item-2624\"><a href=\"https:\/\/simatek.com\/es\/about\/\" class=\"elementor-item\" tabindex=\"-1\">Acerca de<\/a><\/li>\n<li class=\"menu-item menu-item-type-post_type menu-item-object-page menu-item-2648\"><a href=\"https:\/\/simatek.com\/es\/about\/vision-mission-and-values\/\" class=\"elementor-item\" tabindex=\"-1\">Visi\u00f3n, misi\u00f3n y valores<\/a><\/li>\n<li class=\"menu-item menu-item-type-post_type menu-item-object-page menu-item-2644\"><a href=\"https:\/\/simatek.com\/es\/about\/our-history-en\/\" class=\"elementor-item\" tabindex=\"-1\">Nuestra historia<\/a><\/li>\n<li class=\"menu-item menu-item-type-post_type menu-item-object-page menu-item-2641\"><a href=\"https:\/\/simatek.com\/es\/about\/acquisition-of-flsmidth-fabric-filter-business\/\" class=\"elementor-item\" tabindex=\"-1\">Adquisici\u00f3n del negocio de filtros textiles de FLSmidth<\/a><\/li>\n<li class=\"menu-item menu-item-type-post_type menu-item-object-page menu-item-2647\"><a href=\"https:\/\/simatek.com\/es\/about\/trade-fairs\/\" class=\"elementor-item\" tabindex=\"-1\">Ferias comerciales<\/a><\/li>\n<li class=\"menu-item menu-item-type-post_type menu-item-object-page menu-item-2643\"><a href=\"https:\/\/simatek.com\/es\/about\/jobs\/\" class=\"elementor-item\" tabindex=\"-1\">Empleo<\/a><\/li>\n<li class=\"menu-item menu-item-type-post_type menu-item-object-page menu-item-2649\"><a href=\"https:\/\/simatek.com\/es\/about\/whistleblower\/\" class=\"elementor-item\" tabindex=\"-1\">Denunciante<\/a><\/li>\n<li class=\"menu-item menu-item-type-post_type menu-item-object-page menu-item-2642\"><a href=\"https:\/\/simatek.com\/es\/about\/cookie-and-data-privacy-policy\/\" class=\"elementor-item\" tabindex=\"-1\">Pol\u00edtica de cookies y privacidad de datos<\/a><\/li>\n<li class=\"menu-item menu-item-type-custom menu-item-object-custom menu-item-3899\"><a target=\"_blank\" href=\"https:\/\/simatek.com\/wp-content\/uploads\/9730001C_GENERAL-TERMS-OF-PURCHASE.pdf\" class=\"elementor-item\" tabindex=\"-1\">Condiciones de compra<\/a><\/li>\n<\/ul>\t\t\t<\/nav>\n\t\t\t\t\t\t<\/div>\n\t\t\t\t<\/div>\n\t\t\t\t<\/div>\n\t\t<div class=\"has_ae_slider elementor-element elementor-element-d92e7ab e-con-full e-flex ae-bg-gallery-type-default e-con e-child\" data-id=\"d92e7ab\" data-element_type=\"container\" data-e-type=\"container\">\n\t\t\t\t<div class=\"elementor-element elementor-element-9ae921a elementor-widget elementor-widget-text-editor\" data-id=\"9ae921a\" data-element_type=\"widget\" data-e-type=\"widget\" data-widget_type=\"text-editor.default\">\n\t\t\t\t<div class=\"elementor-widget-container\">\n\t\t\t\t\t\t\t\t\t<p>Simatek ha comprado todos los derechos de propiedad intelectual (PI) del negocio de filtros de tela de FLSmidth y las entidades de Dinamarca e India, para comercializar y suministrar filtros de bolsa a escala mundial. Como parte de la transacci\u00f3n, tambi\u00e9n nos convertimos en el proveedor mundial de filtros de tela de FLSmidth.<\/p><p>Esta adquisici\u00f3n es un paso importante para convertirnos en un proveedor l\u00edder de tecnolog\u00eda de filtraci\u00f3n de aire. Reforzamos nuestra gama de productos y nuestra tecnolog\u00eda de filtros de mangas, y nos expandimos en el sector de los minerales inorg\u00e1nicos. La adquisici\u00f3n refuerza nuestra organizaci\u00f3n, y los clientes se beneficiar\u00e1n de las sinergias entre las carteras de productos combinadas.<\/p><p>FLSmidth se asociar\u00e1 con Simatek para seguir ofreciendo a sus clientes soluciones \u00fanicas de filtros textiles.<\/p><p>\u00a0<\/p><p>Anuncio de FLSmidth:<\/p><p><a href=\"https:\/\/fls.com\/en\/announcements\/2020\/flsmidth-announces-the-sale-of-fabric-filter-technology-to-simatek-and-the-signing-of-a-cooperation-agreement-with-simatek\">https:\/\/fls.com\/en\/announcements\/2020\/flsmidth-announces-the-sale-of-fabric-filter-technology-to-simatek-and-the-signing-of-a-cooperation-agreement-with-simatek<\/a><\/p>\t\t\t\t\t\t\t\t<\/div>\n\t\t\t\t<\/div>\n\t\t\t\t<\/div>\n\t\t\t\t\t<\/div>\n\t\t\t\t<\/div>\n\t\t\t\t<\/div>","protected":false},"excerpt":{"rendered":"<p>Acquisition of FLSmidth Fabric Filter business Simatek has bought all intellectual property (IP) rights to FLSmidth\u2019s Fabric Filter business and the entities in Denmark and India, to market and supply bag filters globally. As part of the transaction, we also become FLSmidth\u2019s global supplier of fabric filters. This acquisition is an important step for us [&hellip;]<\/p>\n","protected":false},"author":1,"featured_media":0,"parent":1064,"menu_order":0,"comment_status":"closed","ping_status":"closed","template":"elementor_header_footer","meta":{"_acf_changed":false,"content-type":"","footnotes":""},"class_list":["post-2629","page","type-page","status-publish","hentry"],"acf":[],"yoast_head":"<!-- This site is optimized with the Yoast SEO plugin v27.5 - https:\/\/yoast.com\/product\/yoast-seo-wordpress\/ -->\n<title>Acquisition of FLSmidth by Simatek<\/title>\n<meta name=\"description\" content=\"With the integration of FLSmidth filters, Simatek is expanding its portfolio of filtration solutions for demanding industries.\" \/>\n<meta name=\"robots\" content=\"index, follow, max-snippet:-1, max-image-preview:large, max-video-preview:-1\" \/>\n<link rel=\"canonical\" href=\"https:\/\/simatek.com\/es\/acerca-de\/adquisicion-del-negocio-de-filtros-textiles-de-flsmidth\/\" \/>\n<meta property=\"og:locale\" content=\"es_ES\" \/>\n<meta property=\"og:type\" content=\"article\" \/>\n<meta property=\"og:title\" content=\"Acquisition of FLSmidth by Simatek\" \/>\n<meta property=\"og:description\" content=\"With the integration of FLSmidth filters, Simatek is expanding its portfolio of filtration solutions for demanding industries.\" \/>\n<meta property=\"og:url\" content=\"https:\/\/simatek.com\/es\/acerca-de\/adquisicion-del-negocio-de-filtros-textiles-de-flsmidth\/\" \/>\n<meta property=\"og:site_name\" content=\"Simatek\" \/>\n<meta property=\"article:modified_time\" content=\"2026-01-29T12:31:14+00:00\" \/>\n<meta name=\"twitter:card\" content=\"summary_large_image\" \/>\n<meta name=\"twitter:label1\" content=\"Tiempo de lectura\" \/>\n\t<meta name=\"twitter:data1\" content=\"1 minuto\" \/>\n<script type=\"application\/ld+json\" class=\"yoast-schema-graph\">{\"@context\":\"https:\\\/\\\/schema.org\",\"@graph\":[{\"@type\":\"WebPage\",\"@id\":\"https:\\\/\\\/simatek.com\\\/about\\\/acquisition-of-flsmidth-fabric-filter-business\\\/\",\"url\":\"https:\\\/\\\/simatek.com\\\/about\\\/acquisition-of-flsmidth-fabric-filter-business\\\/\",\"name\":\"Acquisition of FLSmidth by Simatek\",\"isPartOf\":{\"@id\":\"https:\\\/\\\/simatek.com\\\/#website\"},\"datePublished\":\"2024-09-04T06:42:25+00:00\",\"dateModified\":\"2026-01-29T12:31:14+00:00\",\"description\":\"With the integration of FLSmidth filters, Simatek is expanding its portfolio of filtration solutions for demanding industries.\",\"breadcrumb\":{\"@id\":\"https:\\\/\\\/simatek.com\\\/about\\\/acquisition-of-flsmidth-fabric-filter-business\\\/#breadcrumb\"},\"inLanguage\":\"es\",\"potentialAction\":[{\"@type\":\"ReadAction\",\"target\":[\"https:\\\/\\\/simatek.com\\\/about\\\/acquisition-of-flsmidth-fabric-filter-business\\\/\"]}]},{\"@type\":\"BreadcrumbList\",\"@id\":\"https:\\\/\\\/simatek.com\\\/about\\\/acquisition-of-flsmidth-fabric-filter-business\\\/#breadcrumb\",\"itemListElement\":[{\"@type\":\"ListItem\",\"position\":1,\"name\":\"Home\",\"item\":\"https:\\\/\\\/simatek.com\\\/\"},{\"@type\":\"ListItem\",\"position\":2,\"name\":\"About\",\"item\":\"https:\\\/\\\/simatek.com\\\/about\\\/\"},{\"@type\":\"ListItem\",\"position\":3,\"name\":\"Acquisition of FLSmidth Fabric Filter Business\"}]},{\"@type\":\"WebSite\",\"@id\":\"https:\\\/\\\/simatek.com\\\/#website\",\"url\":\"https:\\\/\\\/simatek.com\\\/\",\"name\":\"Simatek\",\"description\":\"Your partner for emission control\",\"publisher\":{\"@id\":\"https:\\\/\\\/simatek.com\\\/#organization\"},\"potentialAction\":[{\"@type\":\"SearchAction\",\"target\":{\"@type\":\"EntryPoint\",\"urlTemplate\":\"https:\\\/\\\/simatek.com\\\/?s={search_term_string}\"},\"query-input\":{\"@type\":\"PropertyValueSpecification\",\"valueRequired\":true,\"valueName\":\"search_term_string\"}}],\"inLanguage\":\"es\"},{\"@type\":\"Organization\",\"@id\":\"https:\\\/\\\/simatek.com\\\/#organization\",\"name\":\"Simatek\",\"url\":\"https:\\\/\\\/simatek.com\\\/\",\"logo\":{\"@type\":\"ImageObject\",\"inLanguage\":\"es\",\"@id\":\"https:\\\/\\\/simatek.com\\\/#\\\/schema\\\/logo\\\/image\\\/\",\"url\":\"https:\\\/\\\/simatek.com\\\/wp-content\\\/uploads\\\/simatek-logo-text.svg\",\"contentUrl\":\"https:\\\/\\\/simatek.com\\\/wp-content\\\/uploads\\\/simatek-logo-text.svg\",\"width\":283,\"height\":80,\"caption\":\"Simatek\"},\"image\":{\"@id\":\"https:\\\/\\\/simatek.com\\\/#\\\/schema\\\/logo\\\/image\\\/\"}}]}<\/script>\n<!-- \/ Yoast SEO plugin. -->","yoast_head_json":{"title":"Adquisici\u00f3n de FLSmidth por Simatek","description":"Con la integraci\u00f3n de los filtros FLSmidth, Simatek ampl\u00eda su cartera de soluciones de filtraci\u00f3n para industrias exigentes.","robots":{"index":"index","follow":"follow","max-snippet":"max-snippet:-1","max-image-preview":"max-image-preview:large","max-video-preview":"max-video-preview:-1"},"canonical":"https:\/\/simatek.com\/es\/acerca-de\/adquisicion-del-negocio-de-filtros-textiles-de-flsmidth\/","og_locale":"es_ES","og_type":"article","og_title":"Acquisition of FLSmidth by Simatek","og_description":"With the integration of FLSmidth filters, Simatek is expanding its portfolio of filtration solutions for demanding industries.","og_url":"https:\/\/simatek.com\/es\/acerca-de\/adquisicion-del-negocio-de-filtros-textiles-de-flsmidth\/","og_site_name":"Simatek","article_modified_time":"2026-01-29T12:31:14+00:00","twitter_card":"summary_large_image","twitter_misc":{"Tiempo de lectura":"1 minuto"},"schema":{"@context":"https:\/\/schema.org","@graph":[{"@type":"WebPage","@id":"https:\/\/simatek.com\/about\/acquisition-of-flsmidth-fabric-filter-business\/","url":"https:\/\/simatek.com\/about\/acquisition-of-flsmidth-fabric-filter-business\/","name":"Adquisici\u00f3n de FLSmidth por Simatek","isPartOf":{"@id":"https:\/\/simatek.com\/#website"},"datePublished":"2024-09-04T06:42:25+00:00","dateModified":"2026-01-29T12:31:14+00:00","description":"Con la integraci\u00f3n de los filtros FLSmidth, Simatek ampl\u00eda su cartera de soluciones de filtraci\u00f3n para industrias exigentes.","breadcrumb":{"@id":"https:\/\/simatek.com\/about\/acquisition-of-flsmidth-fabric-filter-business\/#breadcrumb"},"inLanguage":"es","potentialAction":[{"@type":"ReadAction","target":["https:\/\/simatek.com\/about\/acquisition-of-flsmidth-fabric-filter-business\/"]}]},{"@type":"BreadcrumbList","@id":"https:\/\/simatek.com\/about\/acquisition-of-flsmidth-fabric-filter-business\/#breadcrumb","itemListElement":[{"@type":"ListItem","position":1,"name":"Home","item":"https:\/\/simatek.com\/"},{"@type":"ListItem","position":2,"name":"About","item":"https:\/\/simatek.com\/about\/"},{"@type":"ListItem","position":3,"name":"Acquisition of FLSmidth Fabric Filter Business"}]},{"@type":"WebSite","@id":"https:\/\/simatek.com\/#website","url":"https:\/\/simatek.com\/","name":"Simatek","description":"Su socio para el control de emisiones","publisher":{"@id":"https:\/\/simatek.com\/#organization"},"potentialAction":[{"@type":"SearchAction","target":{"@type":"EntryPoint","urlTemplate":"https:\/\/simatek.com\/?s={search_term_string}"},"query-input":{"@type":"PropertyValueSpecification","valueRequired":true,"valueName":"search_term_string"}}],"inLanguage":"es"},{"@type":"Organization","@id":"https:\/\/simatek.com\/#organization","name":"Simatek","url":"https:\/\/simatek.com\/","logo":{"@type":"ImageObject","inLanguage":"es","@id":"https:\/\/simatek.com\/#\/schema\/logo\/image\/","url":"https:\/\/simatek.com\/wp-content\/uploads\/simatek-logo-text.svg","contentUrl":"https:\/\/simatek.com\/wp-content\/uploads\/simatek-logo-text.svg","width":283,"height":80,"caption":"Simatek"},"image":{"@id":"https:\/\/simatek.com\/#\/schema\/logo\/image\/"}}]}},"_links":{"self":[{"href":"https:\/\/simatek.com\/es\/wp-json\/wp\/v2\/pages\/2629","targetHints":{"allow":["GET"]}}],"collection":[{"href":"https:\/\/simatek.com\/es\/wp-json\/wp\/v2\/pages"}],"about":[{"href":"https:\/\/simatek.com\/es\/wp-json\/wp\/v2\/types\/page"}],"author":[{"embeddable":true,"href":"https:\/\/simatek.com\/es\/wp-json\/wp\/v2\/users\/1"}],"replies":[{"embeddable":true,"href":"https:\/\/simatek.com\/es\/wp-json\/wp\/v2\/comments?post=2629"}],"version-history":[{"count":14,"href":"https:\/\/simatek.com\/es\/wp-json\/wp\/v2\/pages\/2629\/revisions"}],"predecessor-version":[{"id":5875,"href":"https:\/\/simatek.com\/es\/wp-json\/wp\/v2\/pages\/2629\/revisions\/5875"}],"up":[{"embeddable":true,"href":"https:\/\/simatek.com\/es\/wp-json\/wp\/v2\/pages\/1064"}],"wp:attachment":[{"href":"https:\/\/simatek.com\/es\/wp-json\/wp\/v2\/media?parent=2629"}],"curies":[{"name":"wp","href":"https:\/\/api.w.org\/{rel}","templated":true}]}}