{"id":2625,"date":"2024-09-04T08:40:32","date_gmt":"2024-09-04T06:40:32","guid":{"rendered":"https:\/\/simatek.com\/?page_id=2625"},"modified":"2026-02-26T12:08:25","modified_gmt":"2026-02-26T11:08:25","slug":"vision-mission-et-valeurs","status":"publish","type":"page","link":"https:\/\/simatek.com\/fr\/about\/vision-mission-and-values\/","title":{"rendered":"Vision, mission et valeurs"},"content":{"rendered":"<div data-elementor-type=\"wp-page\" data-elementor-id=\"2625\" class=\"elementor elementor-2625\" data-elementor-post-type=\"page\">\n\t\t\t\t<div class=\"has_ae_slider elementor-element elementor-element-849104a e-flex e-con-boxed ae-bg-gallery-type-default e-con e-parent\" data-id=\"849104a\" data-element_type=\"container\" data-e-type=\"container\" data-settings=\"{&quot;background_background&quot;:&quot;classic&quot;}\">\n\t\t\t\t\t<div class=\"e-con-inner\">\n\t\t\t\t<div class=\"elementor-element elementor-element-78b5eef elementor-widget elementor-widget-heading\" data-id=\"78b5eef\" data-element_type=\"widget\" data-e-type=\"widget\" data-widget_type=\"heading.default\">\n\t\t\t\t<div class=\"elementor-widget-container\">\n\t\t\t\t\t<h1 class=\"elementor-heading-title elementor-size-default\">Vision, mission et valeurs<\/h1>\t\t\t\t<\/div>\n\t\t\t\t<\/div>\n\t\t\t\t\t<\/div>\n\t\t\t\t<\/div>\n\t\t<div class=\"has_ae_slider elementor-element elementor-element-b9600c3 e-flex e-con-boxed ae-bg-gallery-type-default e-con e-parent\" data-id=\"b9600c3\" data-element_type=\"container\" data-e-type=\"container\" data-settings=\"{&quot;background_background&quot;:&quot;classic&quot;}\">\n\t\t\t\t\t<div class=\"e-con-inner\">\n\t\t\t\t<div class=\"elementor-element elementor-element-3d34695 elementor-align-left elementor-mobile-align-left elementor-widget elementor-widget-breadcrumbs\" data-id=\"3d34695\" data-element_type=\"widget\" data-e-type=\"widget\" data-widget_type=\"breadcrumbs.default\">\n\t\t\t\t<div class=\"elementor-widget-container\">\n\t\t\t\t\t<p id=\"breadcrumbs\"><span><span><a href=\"https:\/\/simatek.com\/fr\/\">Accueil<\/a><\/span><\/span><\/p>\t\t\t\t<\/div>\n\t\t\t\t<\/div>\n\t\t\t\t\t<\/div>\n\t\t\t\t<\/div>\n\t\t<div class=\"has_ae_slider elementor-element elementor-element-52233f2 e-flex e-con-boxed ae-bg-gallery-type-default e-con e-parent\" data-id=\"52233f2\" data-element_type=\"container\" data-e-type=\"container\" data-settings=\"{&quot;background_background&quot;:&quot;classic&quot;}\">\n\t\t\t\t\t<div class=\"e-con-inner\">\n\t\t<div class=\"has_ae_slider elementor-element elementor-element-7e1875d e-con-full e-flex ae-bg-gallery-type-default e-con e-child\" data-id=\"7e1875d\" data-element_type=\"container\" data-e-type=\"container\" data-settings=\"{&quot;background_background&quot;:&quot;classic&quot;}\">\n\t\t\t\t<div class=\"elementor-element elementor-element-bce051e elementor-nav-menu--dropdown-none page-menu elementor-widget elementor-widget-nav-menu\" data-id=\"bce051e\" data-element_type=\"widget\" data-e-type=\"widget\" data-settings=\"{&quot;layout&quot;:&quot;vertical&quot;,&quot;submenu_icon&quot;:{&quot;value&quot;:&quot;&lt;i class=\\&quot;fas fa-caret-down\\&quot; aria-hidden=\\&quot;true\\&quot;&gt;&lt;\\\/i&gt;&quot;,&quot;library&quot;:&quot;fa-solid&quot;}}\" data-widget_type=\"nav-menu.default\">\n\t\t\t\t<div class=\"elementor-widget-container\">\n\t\t\t\t\t\t\t\t<nav aria-label=\"Menu\" class=\"elementor-nav-menu--main elementor-nav-menu__container elementor-nav-menu--layout-vertical e--pointer-background e--animation-fade\">\n\t\t\t\t<ul id=\"menu-1-bce051e\" class=\"elementor-nav-menu sm-vertical\"><li class=\"menu-item menu-item-type-post_type menu-item-object-page menu-item-2624\"><a href=\"https:\/\/simatek.com\/fr\/about\/\" class=\"elementor-item\">A propos de<\/a><\/li>\n<li class=\"menu-item menu-item-type-post_type menu-item-object-page menu-item-2648\"><a href=\"https:\/\/simatek.com\/fr\/about\/vision-mission-and-values\/\" class=\"elementor-item\">Vision, mission et valeurs<\/a><\/li>\n<li class=\"menu-item menu-item-type-post_type menu-item-object-page menu-item-2644\"><a href=\"https:\/\/simatek.com\/fr\/about\/our-history-en\/\" class=\"elementor-item\">Notre histoire<\/a><\/li>\n<li class=\"menu-item menu-item-type-post_type menu-item-object-page menu-item-2641\"><a href=\"https:\/\/simatek.com\/fr\/about\/acquisition-of-flsmidth-fabric-filter-business\/\" class=\"elementor-item\">Acquisition des activit\u00e9s de FLSmidth dans le domaine des filtres en tissu<\/a><\/li>\n<li class=\"menu-item menu-item-type-post_type menu-item-object-page menu-item-2647\"><a href=\"https:\/\/simatek.com\/fr\/about\/trade-fairs\/\" class=\"elementor-item\">Foires commerciales<\/a><\/li>\n<li class=\"menu-item menu-item-type-post_type menu-item-object-page menu-item-2643\"><a href=\"https:\/\/simatek.com\/fr\/about\/jobs\/\" class=\"elementor-item\">Emplois<\/a><\/li>\n<li class=\"menu-item menu-item-type-post_type menu-item-object-page menu-item-2649\"><a href=\"https:\/\/simatek.com\/fr\/about\/whistleblower\/\" class=\"elementor-item\">D\u00e9nonciateur<\/a><\/li>\n<li class=\"menu-item menu-item-type-post_type menu-item-object-page menu-item-2642\"><a href=\"https:\/\/simatek.com\/fr\/about\/cookie-and-data-privacy-policy\/\" class=\"elementor-item\">Politique en mati\u00e8re de cookies et de confidentialit\u00e9 des donn\u00e9es<\/a><\/li>\n<li class=\"menu-item menu-item-type-custom menu-item-object-custom menu-item-3899\"><a target=\"_blank\" href=\"https:\/\/simatek.com\/wp-content\/uploads\/9730001C_GENERAL-TERMS-OF-PURCHASE.pdf\" class=\"elementor-item\">Conditions d'achat<\/a><\/li>\n<li class=\"menu-item menu-item-type-post_type menu-item-object-page menu-item-2646\"><a href=\"https:\/\/simatek.com\/fr\/about\/retention-of-title\/\" class=\"elementor-item\">Maintien du titre<\/a><\/li>\n<\/ul>\t\t\t<\/nav>\n\t\t\t\t\t\t<nav class=\"elementor-nav-menu--dropdown elementor-nav-menu__container\" aria-hidden=\"true\">\n\t\t\t\t<ul id=\"menu-2-bce051e\" class=\"elementor-nav-menu sm-vertical\"><li class=\"menu-item menu-item-type-post_type menu-item-object-page menu-item-2624\"><a href=\"https:\/\/simatek.com\/fr\/about\/\" class=\"elementor-item\" tabindex=\"-1\">A propos de<\/a><\/li>\n<li class=\"menu-item menu-item-type-post_type menu-item-object-page menu-item-2648\"><a href=\"https:\/\/simatek.com\/fr\/about\/vision-mission-and-values\/\" class=\"elementor-item\" tabindex=\"-1\">Vision, mission et valeurs<\/a><\/li>\n<li class=\"menu-item menu-item-type-post_type menu-item-object-page menu-item-2644\"><a href=\"https:\/\/simatek.com\/fr\/about\/our-history-en\/\" class=\"elementor-item\" tabindex=\"-1\">Notre histoire<\/a><\/li>\n<li class=\"menu-item menu-item-type-post_type menu-item-object-page menu-item-2641\"><a href=\"https:\/\/simatek.com\/fr\/about\/acquisition-of-flsmidth-fabric-filter-business\/\" class=\"elementor-item\" tabindex=\"-1\">Acquisition des activit\u00e9s de FLSmidth dans le domaine des filtres en tissu<\/a><\/li>\n<li class=\"menu-item menu-item-type-post_type menu-item-object-page menu-item-2647\"><a href=\"https:\/\/simatek.com\/fr\/about\/trade-fairs\/\" class=\"elementor-item\" tabindex=\"-1\">Foires commerciales<\/a><\/li>\n<li class=\"menu-item menu-item-type-post_type menu-item-object-page menu-item-2643\"><a href=\"https:\/\/simatek.com\/fr\/about\/jobs\/\" class=\"elementor-item\" tabindex=\"-1\">Emplois<\/a><\/li>\n<li class=\"menu-item menu-item-type-post_type menu-item-object-page menu-item-2649\"><a href=\"https:\/\/simatek.com\/fr\/about\/whistleblower\/\" class=\"elementor-item\" tabindex=\"-1\">D\u00e9nonciateur<\/a><\/li>\n<li class=\"menu-item menu-item-type-post_type menu-item-object-page menu-item-2642\"><a href=\"https:\/\/simatek.com\/fr\/about\/cookie-and-data-privacy-policy\/\" class=\"elementor-item\" tabindex=\"-1\">Politique en mati\u00e8re de cookies et de confidentialit\u00e9 des donn\u00e9es<\/a><\/li>\n<li class=\"menu-item menu-item-type-custom menu-item-object-custom menu-item-3899\"><a target=\"_blank\" href=\"https:\/\/simatek.com\/wp-content\/uploads\/9730001C_GENERAL-TERMS-OF-PURCHASE.pdf\" class=\"elementor-item\" tabindex=\"-1\">Conditions d'achat<\/a><\/li>\n<li class=\"menu-item menu-item-type-post_type menu-item-object-page menu-item-2646\"><a href=\"https:\/\/simatek.com\/fr\/about\/retention-of-title\/\" class=\"elementor-item\" tabindex=\"-1\">Maintien du titre<\/a><\/li>\n<\/ul>\t\t\t<\/nav>\n\t\t\t\t\t\t<\/div>\n\t\t\t\t<\/div>\n\t\t\t\t<\/div>\n\t\t<div class=\"has_ae_slider elementor-element elementor-element-00f9ff1 e-con-full e-flex ae-bg-gallery-type-default e-con e-child\" data-id=\"00f9ff1\" data-element_type=\"container\" data-e-type=\"container\">\n\t\t\t\t<div class=\"elementor-element elementor-element-da7b18c elementor-widget elementor-widget-heading\" data-id=\"da7b18c\" data-element_type=\"widget\" data-e-type=\"widget\" data-widget_type=\"heading.default\">\n\t\t\t\t<div class=\"elementor-widget-container\">\n\t\t\t\t\t<h3 class=\"elementor-heading-title elementor-size-default\">Notre vision<\/h3>\t\t\t\t<\/div>\n\t\t\t\t<\/div>\n\t\t\t\t<div class=\"elementor-element elementor-element-89a5ddb elementor-widget elementor-widget-text-editor\" data-id=\"89a5ddb\" data-element_type=\"widget\" data-e-type=\"widget\" data-widget_type=\"text-editor.default\">\n\t\t\t\t<div class=\"elementor-widget-container\">\n\t\t\t\t\t\t\t\t\t<p>Un air pur pour un monde meilleur.<\/p>\t\t\t\t\t\t\t\t<\/div>\n\t\t\t\t<\/div>\n\t\t\t\t<div class=\"elementor-element elementor-element-7701592 elementor-widget elementor-widget-heading\" data-id=\"7701592\" data-element_type=\"widget\" data-e-type=\"widget\" data-widget_type=\"heading.default\">\n\t\t\t\t<div class=\"elementor-widget-container\">\n\t\t\t\t\t<h3 class=\"elementor-heading-title elementor-size-default\">Notre mission <\/h3>\t\t\t\t<\/div>\n\t\t\t\t<\/div>\n\t\t\t\t<div class=\"elementor-element elementor-element-b263eae elementor-widget elementor-widget-text-editor\" data-id=\"b263eae\" data-element_type=\"widget\" data-e-type=\"widget\" data-widget_type=\"text-editor.default\">\n\t\t\t\t<div class=\"elementor-widget-container\">\n\t\t\t\t\t\t\t\t\t<p>Nous prot\u00e9geons les personnes, l'environnement et les productions en fournissant de l'air pur et en minimisant les d\u00e9chets de produits.<\/p><p>Notre ambition strat\u00e9gique est de faire de Simatek un partenaire mondial privil\u00e9gi\u00e9 pour les clients qui recherchent des solutions, des services et des conseils de haute qualit\u00e9 en mati\u00e8re de contr\u00f4le de la pollution de l'air et de r\u00e9cup\u00e9ration des produits.<\/p>\t\t\t\t\t\t\t\t<\/div>\n\t\t\t\t<\/div>\n\t\t\t\t<div class=\"elementor-element elementor-element-f0071a4 elementor-widget elementor-widget-heading\" data-id=\"f0071a4\" data-element_type=\"widget\" data-e-type=\"widget\" data-widget_type=\"heading.default\">\n\t\t\t\t<div class=\"elementor-widget-container\">\n\t\t\t\t\t<h3 class=\"elementor-heading-title elementor-size-default\">Nos valeurs <\/h3>\t\t\t\t<\/div>\n\t\t\t\t<\/div>\n\t\t\t\t<div class=\"elementor-element elementor-element-661b641 elementor-widget elementor-widget-text-editor\" data-id=\"661b641\" data-element_type=\"widget\" data-e-type=\"widget\" data-widget_type=\"text-editor.default\">\n\t\t\t\t<div class=\"elementor-widget-container\">\n\t\t\t\t\t\t\t\t\t<p>Nous sommes Simatek - Nous respectons nos engagements - Nous partageons nos connaissances et nos comp\u00e9tences - Nous prosp\u00e9rons dans un monde plein de d\u00e9fis.<\/p>\t\t\t\t\t\t\t\t<\/div>\n\t\t\t\t<\/div>\n\t\t\t\t<\/div>\n\t\t\t\t\t<\/div>\n\t\t\t\t<\/div>\n\t\t\t\t<\/div>","protected":false},"excerpt":{"rendered":"<p>Vision, Mission and Values Our vision Clean air for a better world. Our mission We protect people, environment and productions by providing clean air and minimize product waste. Our strategic ambition is to develop Simatek to a preferred global partner to customers seeking high quality solutions, services and advisory within air pollution control and product [&hellip;]<\/p>\n","protected":false},"author":1,"featured_media":0,"parent":1064,"menu_order":0,"comment_status":"closed","ping_status":"closed","template":"elementor_header_footer","meta":{"_acf_changed":false,"content-type":"","footnotes":""},"class_list":["post-2625","page","type-page","status-publish","hentry"],"acf":[],"yoast_head":"<!-- This site is optimized with the Yoast SEO plugin v27.4 - https:\/\/yoast.com\/product\/yoast-seo-wordpress\/ -->\n<title>Our Vision, Mission &amp; Values | Clean Air Solutions by Simatek<\/title>\n<meta name=\"description\" content=\"Simatek is committed to innovation, sustainability and quality; discover our values.\" \/>\n<meta name=\"robots\" content=\"index, follow, max-snippet:-1, max-image-preview:large, max-video-preview:-1\" \/>\n<link rel=\"canonical\" href=\"https:\/\/simatek.com\/fr\/a-propos-de\/vision-mission-et-valeurs\/\" \/>\n<meta property=\"og:locale\" content=\"fr_FR\" \/>\n<meta property=\"og:type\" content=\"article\" \/>\n<meta property=\"og:title\" content=\"Our Vision, Mission &amp; Values | Clean Air Solutions by Simatek\" \/>\n<meta property=\"og:description\" content=\"Simatek is committed to innovation, sustainability and quality; discover our values.\" \/>\n<meta property=\"og:url\" content=\"https:\/\/simatek.com\/fr\/a-propos-de\/vision-mission-et-valeurs\/\" \/>\n<meta property=\"og:site_name\" content=\"Simatek\" \/>\n<meta property=\"article:modified_time\" content=\"2026-02-26T11:08:25+00:00\" \/>\n<meta name=\"twitter:card\" content=\"summary_large_image\" \/>\n<meta name=\"twitter:label1\" content=\"Dur\u00e9e de lecture estim\u00e9e\" \/>\n\t<meta name=\"twitter:data1\" content=\"1 minute\" \/>\n<script type=\"application\/ld+json\" class=\"yoast-schema-graph\">{\"@context\":\"https:\\\/\\\/schema.org\",\"@graph\":[{\"@type\":\"WebPage\",\"@id\":\"https:\\\/\\\/simatek.com\\\/about\\\/vision-mission-and-values\\\/\",\"url\":\"https:\\\/\\\/simatek.com\\\/about\\\/vision-mission-and-values\\\/\",\"name\":\"Our Vision, Mission & Values | Clean Air Solutions by Simatek\",\"isPartOf\":{\"@id\":\"https:\\\/\\\/simatek.com\\\/#website\"},\"datePublished\":\"2024-09-04T06:40:32+00:00\",\"dateModified\":\"2026-02-26T11:08:25+00:00\",\"description\":\"Simatek is committed to innovation, sustainability and quality; discover our values.\",\"breadcrumb\":{\"@id\":\"https:\\\/\\\/simatek.com\\\/about\\\/vision-mission-and-values\\\/#breadcrumb\"},\"inLanguage\":\"fr-FR\",\"potentialAction\":[{\"@type\":\"ReadAction\",\"target\":[\"https:\\\/\\\/simatek.com\\\/about\\\/vision-mission-and-values\\\/\"]}]},{\"@type\":\"BreadcrumbList\",\"@id\":\"https:\\\/\\\/simatek.com\\\/about\\\/vision-mission-and-values\\\/#breadcrumb\",\"itemListElement\":[{\"@type\":\"ListItem\",\"position\":1,\"name\":\"Home\",\"item\":\"https:\\\/\\\/simatek.com\\\/\"},{\"@type\":\"ListItem\",\"position\":2,\"name\":\"About\",\"item\":\"https:\\\/\\\/simatek.com\\\/about\\\/\"},{\"@type\":\"ListItem\",\"position\":3,\"name\":\"Vision, Mission and Values\"}]},{\"@type\":\"WebSite\",\"@id\":\"https:\\\/\\\/simatek.com\\\/#website\",\"url\":\"https:\\\/\\\/simatek.com\\\/\",\"name\":\"Simatek\",\"description\":\"Your partner for emission control\",\"publisher\":{\"@id\":\"https:\\\/\\\/simatek.com\\\/#organization\"},\"potentialAction\":[{\"@type\":\"SearchAction\",\"target\":{\"@type\":\"EntryPoint\",\"urlTemplate\":\"https:\\\/\\\/simatek.com\\\/?s={search_term_string}\"},\"query-input\":{\"@type\":\"PropertyValueSpecification\",\"valueRequired\":true,\"valueName\":\"search_term_string\"}}],\"inLanguage\":\"fr-FR\"},{\"@type\":\"Organization\",\"@id\":\"https:\\\/\\\/simatek.com\\\/#organization\",\"name\":\"Simatek\",\"url\":\"https:\\\/\\\/simatek.com\\\/\",\"logo\":{\"@type\":\"ImageObject\",\"inLanguage\":\"fr-FR\",\"@id\":\"https:\\\/\\\/simatek.com\\\/#\\\/schema\\\/logo\\\/image\\\/\",\"url\":\"https:\\\/\\\/simatek.com\\\/wp-content\\\/uploads\\\/simatek-logo-text.svg\",\"contentUrl\":\"https:\\\/\\\/simatek.com\\\/wp-content\\\/uploads\\\/simatek-logo-text.svg\",\"width\":283,\"height\":80,\"caption\":\"Simatek\"},\"image\":{\"@id\":\"https:\\\/\\\/simatek.com\\\/#\\\/schema\\\/logo\\\/image\\\/\"}}]}<\/script>\n<!-- \/ Yoast SEO plugin. -->","yoast_head_json":{"title":"Notre vision, notre mission et nos valeurs | Clean Air Solutions by Simatek","description":"Simatek s\u2019engage pour l\u2019innovation, la durabilit\u00e9 et la qualit\u00e9, d\u00e9couvrez nos valeurs.","robots":{"index":"index","follow":"follow","max-snippet":"max-snippet:-1","max-image-preview":"max-image-preview:large","max-video-preview":"max-video-preview:-1"},"canonical":"https:\/\/simatek.com\/fr\/a-propos-de\/vision-mission-et-valeurs\/","og_locale":"fr_FR","og_type":"article","og_title":"Our Vision, Mission & Values | Clean Air Solutions by Simatek","og_description":"Simatek is committed to innovation, sustainability and quality; discover our values.","og_url":"https:\/\/simatek.com\/fr\/a-propos-de\/vision-mission-et-valeurs\/","og_site_name":"Simatek","article_modified_time":"2026-02-26T11:08:25+00:00","twitter_card":"summary_large_image","twitter_misc":{"Dur\u00e9e de lecture estim\u00e9e":"1 minute"},"schema":{"@context":"https:\/\/schema.org","@graph":[{"@type":"WebPage","@id":"https:\/\/simatek.com\/about\/vision-mission-and-values\/","url":"https:\/\/simatek.com\/about\/vision-mission-and-values\/","name":"Notre vision, notre mission et nos valeurs | Clean Air Solutions by Simatek","isPartOf":{"@id":"https:\/\/simatek.com\/#website"},"datePublished":"2024-09-04T06:40:32+00:00","dateModified":"2026-02-26T11:08:25+00:00","description":"Simatek s\u2019engage pour l\u2019innovation, la durabilit\u00e9 et la qualit\u00e9, d\u00e9couvrez nos valeurs.","breadcrumb":{"@id":"https:\/\/simatek.com\/about\/vision-mission-and-values\/#breadcrumb"},"inLanguage":"fr-FR","potentialAction":[{"@type":"ReadAction","target":["https:\/\/simatek.com\/about\/vision-mission-and-values\/"]}]},{"@type":"BreadcrumbList","@id":"https:\/\/simatek.com\/about\/vision-mission-and-values\/#breadcrumb","itemListElement":[{"@type":"ListItem","position":1,"name":"Home","item":"https:\/\/simatek.com\/"},{"@type":"ListItem","position":2,"name":"About","item":"https:\/\/simatek.com\/about\/"},{"@type":"ListItem","position":3,"name":"Vision, Mission and Values"}]},{"@type":"WebSite","@id":"https:\/\/simatek.com\/#website","url":"https:\/\/simatek.com\/","name":"Simatek","description":"Votre partenaire pour la maitrise des \u00e9missions","publisher":{"@id":"https:\/\/simatek.com\/#organization"},"potentialAction":[{"@type":"SearchAction","target":{"@type":"EntryPoint","urlTemplate":"https:\/\/simatek.com\/?s={search_term_string}"},"query-input":{"@type":"PropertyValueSpecification","valueRequired":true,"valueName":"search_term_string"}}],"inLanguage":"fr-FR"},{"@type":"Organization","@id":"https:\/\/simatek.com\/#organization","name":"Simatek","url":"https:\/\/simatek.com\/","logo":{"@type":"ImageObject","inLanguage":"fr-FR","@id":"https:\/\/simatek.com\/#\/schema\/logo\/image\/","url":"https:\/\/simatek.com\/wp-content\/uploads\/simatek-logo-text.svg","contentUrl":"https:\/\/simatek.com\/wp-content\/uploads\/simatek-logo-text.svg","width":283,"height":80,"caption":"Simatek"},"image":{"@id":"https:\/\/simatek.com\/#\/schema\/logo\/image\/"}}]}},"_links":{"self":[{"href":"https:\/\/simatek.com\/fr\/wp-json\/wp\/v2\/pages\/2625","targetHints":{"allow":["GET"]}}],"collection":[{"href":"https:\/\/simatek.com\/fr\/wp-json\/wp\/v2\/pages"}],"about":[{"href":"https:\/\/simatek.com\/fr\/wp-json\/wp\/v2\/types\/page"}],"author":[{"embeddable":true,"href":"https:\/\/simatek.com\/fr\/wp-json\/wp\/v2\/users\/1"}],"replies":[{"embeddable":true,"href":"https:\/\/simatek.com\/fr\/wp-json\/wp\/v2\/comments?post=2625"}],"version-history":[{"count":14,"href":"https:\/\/simatek.com\/fr\/wp-json\/wp\/v2\/pages\/2625\/revisions"}],"predecessor-version":[{"id":5961,"href":"https:\/\/simatek.com\/fr\/wp-json\/wp\/v2\/pages\/2625\/revisions\/5961"}],"up":[{"embeddable":true,"href":"https:\/\/simatek.com\/fr\/wp-json\/wp\/v2\/pages\/1064"}],"wp:attachment":[{"href":"https:\/\/simatek.com\/fr\/wp-json\/wp\/v2\/media?parent=2625"}],"curies":[{"name":"wp","href":"https:\/\/api.w.org\/{rel}","templated":true}]}}