{"id":2629,"date":"2024-09-04T08:42:25","date_gmt":"2024-09-04T06:42:25","guid":{"rendered":"https:\/\/simatek.com\/?page_id=2629"},"modified":"2026-01-29T13:31:14","modified_gmt":"2026-01-29T12:31:14","slug":"acquisition-des-activites-de-flsmidth-dans-le-domaine-des-filtres-en-tissu","status":"publish","type":"page","link":"https:\/\/simatek.com\/fr\/about\/acquisition-of-flsmidth-fabric-filter-business\/","title":{"rendered":"Acquisition des activit\u00e9s de FLSmidth dans le domaine des filtres en tissu"},"content":{"rendered":"<div data-elementor-type=\"wp-page\" data-elementor-id=\"2629\" class=\"elementor elementor-2629\" data-elementor-post-type=\"page\">\n\t\t\t\t<div class=\"has_ae_slider elementor-element elementor-element-76935e9 e-flex e-con-boxed ae-bg-gallery-type-default e-con e-parent\" data-id=\"76935e9\" data-element_type=\"container\" data-e-type=\"container\" data-settings=\"{&quot;background_background&quot;:&quot;classic&quot;}\">\n\t\t\t\t\t<div class=\"e-con-inner\">\n\t\t\t\t<div class=\"elementor-element elementor-element-8e8006f elementor-widget elementor-widget-heading\" data-id=\"8e8006f\" data-element_type=\"widget\" data-e-type=\"widget\" data-widget_type=\"heading.default\">\n\t\t\t\t<div class=\"elementor-widget-container\">\n\t\t\t\t\t<h1 class=\"elementor-heading-title elementor-size-default\">Acquisition des activit\u00e9s de FLSmidth Fabric Filter<\/h1>\t\t\t\t<\/div>\n\t\t\t\t<\/div>\n\t\t\t\t\t<\/div>\n\t\t\t\t<\/div>\n\t\t<div class=\"has_ae_slider elementor-element elementor-element-373cbaa e-flex e-con-boxed ae-bg-gallery-type-default e-con e-parent\" data-id=\"373cbaa\" data-element_type=\"container\" data-e-type=\"container\" data-settings=\"{&quot;background_background&quot;:&quot;classic&quot;}\">\n\t\t\t\t\t<div class=\"e-con-inner\">\n\t\t\t\t<div class=\"elementor-element elementor-element-1952576 elementor-align-left elementor-mobile-align-left elementor-widget elementor-widget-breadcrumbs\" data-id=\"1952576\" data-element_type=\"widget\" data-e-type=\"widget\" data-widget_type=\"breadcrumbs.default\">\n\t\t\t\t<div class=\"elementor-widget-container\">\n\t\t\t\t\t<p id=\"breadcrumbs\"><span><span><a href=\"https:\/\/simatek.com\/fr\/\">Accueil<\/a><\/span><\/span><\/p>\t\t\t\t<\/div>\n\t\t\t\t<\/div>\n\t\t\t\t\t<\/div>\n\t\t\t\t<\/div>\n\t\t<div class=\"has_ae_slider elementor-element elementor-element-46c23aa e-flex e-con-boxed ae-bg-gallery-type-default e-con e-parent\" data-id=\"46c23aa\" data-element_type=\"container\" data-e-type=\"container\" data-settings=\"{&quot;background_background&quot;:&quot;classic&quot;}\">\n\t\t\t\t\t<div class=\"e-con-inner\">\n\t\t<div class=\"has_ae_slider elementor-element elementor-element-9276030 e-con-full e-flex ae-bg-gallery-type-default e-con e-child\" data-id=\"9276030\" data-element_type=\"container\" data-e-type=\"container\" data-settings=\"{&quot;background_background&quot;:&quot;classic&quot;}\">\n\t\t\t\t<div class=\"elementor-element elementor-element-a14f0e2 elementor-nav-menu--dropdown-none page-menu elementor-widget elementor-widget-nav-menu\" data-id=\"a14f0e2\" data-element_type=\"widget\" data-e-type=\"widget\" data-settings=\"{&quot;layout&quot;:&quot;vertical&quot;,&quot;submenu_icon&quot;:{&quot;value&quot;:&quot;&lt;i class=\\&quot;fas fa-caret-down\\&quot; aria-hidden=\\&quot;true\\&quot;&gt;&lt;\\\/i&gt;&quot;,&quot;library&quot;:&quot;fa-solid&quot;}}\" data-widget_type=\"nav-menu.default\">\n\t\t\t\t<div class=\"elementor-widget-container\">\n\t\t\t\t\t\t\t\t<nav aria-label=\"Menu\" class=\"elementor-nav-menu--main elementor-nav-menu__container elementor-nav-menu--layout-vertical e--pointer-background e--animation-fade\">\n\t\t\t\t<ul id=\"menu-1-a14f0e2\" class=\"elementor-nav-menu sm-vertical\"><li class=\"menu-item menu-item-type-post_type menu-item-object-page menu-item-2624\"><a href=\"https:\/\/simatek.com\/fr\/about\/\" class=\"elementor-item\">A propos de<\/a><\/li>\n<li class=\"menu-item menu-item-type-post_type menu-item-object-page menu-item-2648\"><a href=\"https:\/\/simatek.com\/fr\/about\/vision-mission-and-values\/\" class=\"elementor-item\">Vision, mission et valeurs<\/a><\/li>\n<li class=\"menu-item menu-item-type-post_type menu-item-object-page menu-item-2644\"><a href=\"https:\/\/simatek.com\/fr\/about\/our-history-en\/\" class=\"elementor-item\">Notre histoire<\/a><\/li>\n<li class=\"menu-item menu-item-type-post_type menu-item-object-page menu-item-2641\"><a href=\"https:\/\/simatek.com\/fr\/about\/acquisition-of-flsmidth-fabric-filter-business\/\" class=\"elementor-item\">Acquisition des activit\u00e9s de FLSmidth dans le domaine des filtres en tissu<\/a><\/li>\n<li class=\"menu-item menu-item-type-post_type menu-item-object-page menu-item-2647\"><a href=\"https:\/\/simatek.com\/fr\/about\/trade-fairs\/\" class=\"elementor-item\">Foires commerciales<\/a><\/li>\n<li class=\"menu-item menu-item-type-post_type menu-item-object-page menu-item-2643\"><a href=\"https:\/\/simatek.com\/fr\/about\/jobs\/\" class=\"elementor-item\">Emplois<\/a><\/li>\n<li class=\"menu-item menu-item-type-post_type menu-item-object-page menu-item-2649\"><a href=\"https:\/\/simatek.com\/fr\/about\/whistleblower\/\" class=\"elementor-item\">D\u00e9nonciateur<\/a><\/li>\n<li class=\"menu-item menu-item-type-post_type menu-item-object-page menu-item-2642\"><a href=\"https:\/\/simatek.com\/fr\/about\/cookie-and-data-privacy-policy\/\" class=\"elementor-item\">Politique en mati\u00e8re de cookies et de confidentialit\u00e9 des donn\u00e9es<\/a><\/li>\n<li class=\"menu-item menu-item-type-custom menu-item-object-custom menu-item-3899\"><a target=\"_blank\" href=\"https:\/\/simatek.com\/wp-content\/uploads\/9730001C_GENERAL-TERMS-OF-PURCHASE.pdf\" class=\"elementor-item\">Conditions d'achat<\/a><\/li>\n<\/ul>\t\t\t<\/nav>\n\t\t\t\t\t\t<nav class=\"elementor-nav-menu--dropdown elementor-nav-menu__container\" aria-hidden=\"true\">\n\t\t\t\t<ul id=\"menu-2-a14f0e2\" class=\"elementor-nav-menu sm-vertical\"><li class=\"menu-item menu-item-type-post_type menu-item-object-page menu-item-2624\"><a href=\"https:\/\/simatek.com\/fr\/about\/\" class=\"elementor-item\" tabindex=\"-1\">A propos de<\/a><\/li>\n<li class=\"menu-item menu-item-type-post_type menu-item-object-page menu-item-2648\"><a href=\"https:\/\/simatek.com\/fr\/about\/vision-mission-and-values\/\" class=\"elementor-item\" tabindex=\"-1\">Vision, mission et valeurs<\/a><\/li>\n<li class=\"menu-item menu-item-type-post_type menu-item-object-page menu-item-2644\"><a href=\"https:\/\/simatek.com\/fr\/about\/our-history-en\/\" class=\"elementor-item\" tabindex=\"-1\">Notre histoire<\/a><\/li>\n<li class=\"menu-item menu-item-type-post_type menu-item-object-page menu-item-2641\"><a href=\"https:\/\/simatek.com\/fr\/about\/acquisition-of-flsmidth-fabric-filter-business\/\" class=\"elementor-item\" tabindex=\"-1\">Acquisition des activit\u00e9s de FLSmidth dans le domaine des filtres en tissu<\/a><\/li>\n<li class=\"menu-item menu-item-type-post_type menu-item-object-page menu-item-2647\"><a href=\"https:\/\/simatek.com\/fr\/about\/trade-fairs\/\" class=\"elementor-item\" tabindex=\"-1\">Foires commerciales<\/a><\/li>\n<li class=\"menu-item menu-item-type-post_type menu-item-object-page menu-item-2643\"><a href=\"https:\/\/simatek.com\/fr\/about\/jobs\/\" class=\"elementor-item\" tabindex=\"-1\">Emplois<\/a><\/li>\n<li class=\"menu-item menu-item-type-post_type menu-item-object-page menu-item-2649\"><a href=\"https:\/\/simatek.com\/fr\/about\/whistleblower\/\" class=\"elementor-item\" tabindex=\"-1\">D\u00e9nonciateur<\/a><\/li>\n<li class=\"menu-item menu-item-type-post_type menu-item-object-page menu-item-2642\"><a href=\"https:\/\/simatek.com\/fr\/about\/cookie-and-data-privacy-policy\/\" class=\"elementor-item\" tabindex=\"-1\">Politique en mati\u00e8re de cookies et de confidentialit\u00e9 des donn\u00e9es<\/a><\/li>\n<li class=\"menu-item menu-item-type-custom menu-item-object-custom menu-item-3899\"><a target=\"_blank\" href=\"https:\/\/simatek.com\/wp-content\/uploads\/9730001C_GENERAL-TERMS-OF-PURCHASE.pdf\" class=\"elementor-item\" tabindex=\"-1\">Conditions d'achat<\/a><\/li>\n<\/ul>\t\t\t<\/nav>\n\t\t\t\t\t\t<\/div>\n\t\t\t\t<\/div>\n\t\t\t\t<\/div>\n\t\t<div class=\"has_ae_slider elementor-element elementor-element-d92e7ab e-con-full e-flex ae-bg-gallery-type-default e-con e-child\" data-id=\"d92e7ab\" data-element_type=\"container\" data-e-type=\"container\">\n\t\t\t\t<div class=\"elementor-element elementor-element-9ae921a elementor-widget elementor-widget-text-editor\" data-id=\"9ae921a\" data-element_type=\"widget\" data-e-type=\"widget\" data-widget_type=\"text-editor.default\">\n\t\t\t\t<div class=\"elementor-widget-container\">\n\t\t\t\t\t\t\t\t\t<p>Simatek a achet\u00e9 tous les droits de propri\u00e9t\u00e9 intellectuelle de l'activit\u00e9 \"Fabric Filter\" de FLSmidth et des entit\u00e9s au Danemark et en Inde, afin de commercialiser et de fournir des filtres \u00e0 manches dans le monde entier. Dans le cadre de cette transaction, nous devenons \u00e9galement le fournisseur mondial de filtres en tissu de FLSmidth.<\/p><p>Cette acquisition est une \u00e9tape importante qui nous permettra de devenir un fournisseur de premier plan dans le domaine de la technologie de filtration de l'air. Nous renfor\u00e7ons notre gamme de produits et notre technologie de filtres \u00e0 manches, et nous nous d\u00e9veloppons dans l'industrie des min\u00e9raux inorganiques. L'acquisition renforce notre organisation et les clients b\u00e9n\u00e9ficieront des synergies entre les portefeuilles de produits combin\u00e9s.<\/p><p>FLSmidth s'associera \u00e0 Simatek pour continuer \u00e0 fournir \u00e0 ses clients des solutions uniques de filtres en tissu.<\/p><p>\u00a0<\/p><p>Annonce de FLSmidth :<\/p><p><a href=\"https:\/\/fls.com\/en\/announcements\/2020\/flsmidth-announces-the-sale-of-fabric-filter-technology-to-simatek-and-the-signing-of-a-cooperation-agreement-with-simatek\">https:\/\/fls.com\/en\/announcements\/2020\/flsmidth-announces-the-sale-of-fabric-filter-technology-to-simatek-and-the-signing-of-a-cooperation-agreement-with-simatek<\/a><\/p>\t\t\t\t\t\t\t\t<\/div>\n\t\t\t\t<\/div>\n\t\t\t\t<\/div>\n\t\t\t\t\t<\/div>\n\t\t\t\t<\/div>\n\t\t\t\t<\/div>","protected":false},"excerpt":{"rendered":"<p>Acquisition of FLSmidth Fabric Filter business Simatek has bought all intellectual property (IP) rights to FLSmidth\u2019s Fabric Filter business and the entities in Denmark and India, to market and supply bag filters globally. As part of the transaction, we also become FLSmidth\u2019s global supplier of fabric filters. This acquisition is an important step for us [&hellip;]<\/p>\n","protected":false},"author":1,"featured_media":0,"parent":1064,"menu_order":0,"comment_status":"closed","ping_status":"closed","template":"elementor_header_footer","meta":{"_acf_changed":false,"content-type":"","footnotes":""},"class_list":["post-2629","page","type-page","status-publish","hentry"],"acf":[],"yoast_head":"<!-- This site is optimized with the Yoast SEO plugin v27.5 - https:\/\/yoast.com\/product\/yoast-seo-wordpress\/ -->\n<title>Acquisition of FLSmidth by Simatek<\/title>\n<meta name=\"description\" content=\"With the integration of FLSmidth filters, Simatek is expanding its portfolio of filtration solutions for demanding industries.\" \/>\n<meta name=\"robots\" content=\"index, follow, max-snippet:-1, max-image-preview:large, max-video-preview:-1\" \/>\n<link rel=\"canonical\" href=\"https:\/\/simatek.com\/fr\/a-propos-de\/acquisition-des-activites-de-flsmidth-dans-le-domaine-des-filtres-en-tissu\/\" \/>\n<meta property=\"og:locale\" content=\"fr_FR\" \/>\n<meta property=\"og:type\" content=\"article\" \/>\n<meta property=\"og:title\" content=\"Acquisition of FLSmidth by Simatek\" \/>\n<meta property=\"og:description\" content=\"With the integration of FLSmidth filters, Simatek is expanding its portfolio of filtration solutions for demanding industries.\" \/>\n<meta property=\"og:url\" content=\"https:\/\/simatek.com\/fr\/a-propos-de\/acquisition-des-activites-de-flsmidth-dans-le-domaine-des-filtres-en-tissu\/\" \/>\n<meta property=\"og:site_name\" content=\"Simatek\" \/>\n<meta property=\"article:modified_time\" content=\"2026-01-29T12:31:14+00:00\" \/>\n<meta name=\"twitter:card\" content=\"summary_large_image\" \/>\n<meta name=\"twitter:label1\" content=\"Dur\u00e9e de lecture estim\u00e9e\" \/>\n\t<meta name=\"twitter:data1\" content=\"1 minute\" \/>\n<script type=\"application\/ld+json\" class=\"yoast-schema-graph\">{\"@context\":\"https:\\\/\\\/schema.org\",\"@graph\":[{\"@type\":\"WebPage\",\"@id\":\"https:\\\/\\\/simatek.com\\\/about\\\/acquisition-of-flsmidth-fabric-filter-business\\\/\",\"url\":\"https:\\\/\\\/simatek.com\\\/about\\\/acquisition-of-flsmidth-fabric-filter-business\\\/\",\"name\":\"Acquisition of FLSmidth by Simatek\",\"isPartOf\":{\"@id\":\"https:\\\/\\\/simatek.com\\\/#website\"},\"datePublished\":\"2024-09-04T06:42:25+00:00\",\"dateModified\":\"2026-01-29T12:31:14+00:00\",\"description\":\"With the integration of FLSmidth filters, Simatek is expanding its portfolio of filtration solutions for demanding industries.\",\"breadcrumb\":{\"@id\":\"https:\\\/\\\/simatek.com\\\/about\\\/acquisition-of-flsmidth-fabric-filter-business\\\/#breadcrumb\"},\"inLanguage\":\"fr-FR\",\"potentialAction\":[{\"@type\":\"ReadAction\",\"target\":[\"https:\\\/\\\/simatek.com\\\/about\\\/acquisition-of-flsmidth-fabric-filter-business\\\/\"]}]},{\"@type\":\"BreadcrumbList\",\"@id\":\"https:\\\/\\\/simatek.com\\\/about\\\/acquisition-of-flsmidth-fabric-filter-business\\\/#breadcrumb\",\"itemListElement\":[{\"@type\":\"ListItem\",\"position\":1,\"name\":\"Home\",\"item\":\"https:\\\/\\\/simatek.com\\\/\"},{\"@type\":\"ListItem\",\"position\":2,\"name\":\"About\",\"item\":\"https:\\\/\\\/simatek.com\\\/about\\\/\"},{\"@type\":\"ListItem\",\"position\":3,\"name\":\"Acquisition of FLSmidth Fabric Filter Business\"}]},{\"@type\":\"WebSite\",\"@id\":\"https:\\\/\\\/simatek.com\\\/#website\",\"url\":\"https:\\\/\\\/simatek.com\\\/\",\"name\":\"Simatek\",\"description\":\"Your partner for emission control\",\"publisher\":{\"@id\":\"https:\\\/\\\/simatek.com\\\/#organization\"},\"potentialAction\":[{\"@type\":\"SearchAction\",\"target\":{\"@type\":\"EntryPoint\",\"urlTemplate\":\"https:\\\/\\\/simatek.com\\\/?s={search_term_string}\"},\"query-input\":{\"@type\":\"PropertyValueSpecification\",\"valueRequired\":true,\"valueName\":\"search_term_string\"}}],\"inLanguage\":\"fr-FR\"},{\"@type\":\"Organization\",\"@id\":\"https:\\\/\\\/simatek.com\\\/#organization\",\"name\":\"Simatek\",\"url\":\"https:\\\/\\\/simatek.com\\\/\",\"logo\":{\"@type\":\"ImageObject\",\"inLanguage\":\"fr-FR\",\"@id\":\"https:\\\/\\\/simatek.com\\\/#\\\/schema\\\/logo\\\/image\\\/\",\"url\":\"https:\\\/\\\/simatek.com\\\/wp-content\\\/uploads\\\/simatek-logo-text.svg\",\"contentUrl\":\"https:\\\/\\\/simatek.com\\\/wp-content\\\/uploads\\\/simatek-logo-text.svg\",\"width\":283,\"height\":80,\"caption\":\"Simatek\"},\"image\":{\"@id\":\"https:\\\/\\\/simatek.com\\\/#\\\/schema\\\/logo\\\/image\\\/\"}}]}<\/script>\n<!-- \/ Yoast SEO plugin. -->","yoast_head_json":{"title":"Acquisition FLSmidth par Simatek","description":"Avec l\u2019int\u00e9gration des filtres FLSmidth, Simatek \u00e9largit son portefeuille de solutions de filtration pour les industries exigeantes.","robots":{"index":"index","follow":"follow","max-snippet":"max-snippet:-1","max-image-preview":"max-image-preview:large","max-video-preview":"max-video-preview:-1"},"canonical":"https:\/\/simatek.com\/fr\/a-propos-de\/acquisition-des-activites-de-flsmidth-dans-le-domaine-des-filtres-en-tissu\/","og_locale":"fr_FR","og_type":"article","og_title":"Acquisition of FLSmidth by Simatek","og_description":"With the integration of FLSmidth filters, Simatek is expanding its portfolio of filtration solutions for demanding industries.","og_url":"https:\/\/simatek.com\/fr\/a-propos-de\/acquisition-des-activites-de-flsmidth-dans-le-domaine-des-filtres-en-tissu\/","og_site_name":"Simatek","article_modified_time":"2026-01-29T12:31:14+00:00","twitter_card":"summary_large_image","twitter_misc":{"Dur\u00e9e de lecture estim\u00e9e":"1 minute"},"schema":{"@context":"https:\/\/schema.org","@graph":[{"@type":"WebPage","@id":"https:\/\/simatek.com\/about\/acquisition-of-flsmidth-fabric-filter-business\/","url":"https:\/\/simatek.com\/about\/acquisition-of-flsmidth-fabric-filter-business\/","name":"Acquisition FLSmidth par Simatek","isPartOf":{"@id":"https:\/\/simatek.com\/#website"},"datePublished":"2024-09-04T06:42:25+00:00","dateModified":"2026-01-29T12:31:14+00:00","description":"Avec l\u2019int\u00e9gration des filtres FLSmidth, Simatek \u00e9largit son portefeuille de solutions de filtration pour les industries exigeantes.","breadcrumb":{"@id":"https:\/\/simatek.com\/about\/acquisition-of-flsmidth-fabric-filter-business\/#breadcrumb"},"inLanguage":"fr-FR","potentialAction":[{"@type":"ReadAction","target":["https:\/\/simatek.com\/about\/acquisition-of-flsmidth-fabric-filter-business\/"]}]},{"@type":"BreadcrumbList","@id":"https:\/\/simatek.com\/about\/acquisition-of-flsmidth-fabric-filter-business\/#breadcrumb","itemListElement":[{"@type":"ListItem","position":1,"name":"Home","item":"https:\/\/simatek.com\/"},{"@type":"ListItem","position":2,"name":"About","item":"https:\/\/simatek.com\/about\/"},{"@type":"ListItem","position":3,"name":"Acquisition of FLSmidth Fabric Filter Business"}]},{"@type":"WebSite","@id":"https:\/\/simatek.com\/#website","url":"https:\/\/simatek.com\/","name":"Simatek","description":"Votre partenaire pour la maitrise des \u00e9missions","publisher":{"@id":"https:\/\/simatek.com\/#organization"},"potentialAction":[{"@type":"SearchAction","target":{"@type":"EntryPoint","urlTemplate":"https:\/\/simatek.com\/?s={search_term_string}"},"query-input":{"@type":"PropertyValueSpecification","valueRequired":true,"valueName":"search_term_string"}}],"inLanguage":"fr-FR"},{"@type":"Organization","@id":"https:\/\/simatek.com\/#organization","name":"Simatek","url":"https:\/\/simatek.com\/","logo":{"@type":"ImageObject","inLanguage":"fr-FR","@id":"https:\/\/simatek.com\/#\/schema\/logo\/image\/","url":"https:\/\/simatek.com\/wp-content\/uploads\/simatek-logo-text.svg","contentUrl":"https:\/\/simatek.com\/wp-content\/uploads\/simatek-logo-text.svg","width":283,"height":80,"caption":"Simatek"},"image":{"@id":"https:\/\/simatek.com\/#\/schema\/logo\/image\/"}}]}},"_links":{"self":[{"href":"https:\/\/simatek.com\/fr\/wp-json\/wp\/v2\/pages\/2629","targetHints":{"allow":["GET"]}}],"collection":[{"href":"https:\/\/simatek.com\/fr\/wp-json\/wp\/v2\/pages"}],"about":[{"href":"https:\/\/simatek.com\/fr\/wp-json\/wp\/v2\/types\/page"}],"author":[{"embeddable":true,"href":"https:\/\/simatek.com\/fr\/wp-json\/wp\/v2\/users\/1"}],"replies":[{"embeddable":true,"href":"https:\/\/simatek.com\/fr\/wp-json\/wp\/v2\/comments?post=2629"}],"version-history":[{"count":14,"href":"https:\/\/simatek.com\/fr\/wp-json\/wp\/v2\/pages\/2629\/revisions"}],"predecessor-version":[{"id":5875,"href":"https:\/\/simatek.com\/fr\/wp-json\/wp\/v2\/pages\/2629\/revisions\/5875"}],"up":[{"embeddable":true,"href":"https:\/\/simatek.com\/fr\/wp-json\/wp\/v2\/pages\/1064"}],"wp:attachment":[{"href":"https:\/\/simatek.com\/fr\/wp-json\/wp\/v2\/media?parent=2629"}],"curies":[{"name":"wp","href":"https:\/\/api.w.org\/{rel}","templated":true}]}}