{"id":2639,"date":"2024-09-04T08:44:12","date_gmt":"2024-09-04T06:44:12","guid":{"rendered":"https:\/\/simatek.com\/?page_id=2639"},"modified":"2026-01-19T12:08:56","modified_gmt":"2026-01-19T11:08:56","slug":"reserve-de-propriete","status":"publish","type":"page","link":"https:\/\/simatek.com\/fr\/about\/retention-of-title\/","title":{"rendered":"Maintien du titre"},"content":{"rendered":"<div data-elementor-type=\"wp-page\" data-elementor-id=\"2639\" class=\"elementor elementor-2639\" data-elementor-post-type=\"page\">\n\t\t\t\t<div class=\"has_ae_slider elementor-element elementor-element-ce14c5b e-flex e-con-boxed ae-bg-gallery-type-default e-con e-parent\" data-id=\"ce14c5b\" data-element_type=\"container\" data-e-type=\"container\" data-settings=\"{&quot;background_background&quot;:&quot;classic&quot;}\">\n\t\t\t\t\t<div class=\"e-con-inner\">\n\t\t\t\t<div class=\"elementor-element elementor-element-f3d7650 elementor-widget elementor-widget-heading\" data-id=\"f3d7650\" data-element_type=\"widget\" data-e-type=\"widget\" data-widget_type=\"heading.default\">\n\t\t\t\t<div class=\"elementor-widget-container\">\n\t\t\t\t\t<h1 class=\"elementor-heading-title elementor-size-default\">R\u00e9serve de propri\u00e9t\u00e9<\/h1>\t\t\t\t<\/div>\n\t\t\t\t<\/div>\n\t\t\t\t<div class=\"elementor-element elementor-element-8f854a1 elementor-widget elementor-widget-heading\" data-id=\"8f854a1\" data-element_type=\"widget\" data-e-type=\"widget\" data-widget_type=\"heading.default\">\n\t\t\t\t<div class=\"elementor-widget-container\">\n\t\t\t\t\t<h2 class=\"elementor-heading-title elementor-size-default\">Le fournisseur reste propri\u00e9taire jusqu'au paiement int\u00e9gral.<\/h2>\t\t\t\t<\/div>\n\t\t\t\t<\/div>\n\t\t\t\t\t<\/div>\n\t\t\t\t<\/div>\n\t\t<div class=\"has_ae_slider elementor-element elementor-element-8a662ea e-flex e-con-boxed ae-bg-gallery-type-default e-con e-parent\" data-id=\"8a662ea\" data-element_type=\"container\" data-e-type=\"container\" data-settings=\"{&quot;background_background&quot;:&quot;classic&quot;}\">\n\t\t\t\t\t<div class=\"e-con-inner\">\n\t\t\t\t<div class=\"elementor-element elementor-element-e5403c7 elementor-align-left elementor-mobile-align-left elementor-widget elementor-widget-breadcrumbs\" data-id=\"e5403c7\" data-element_type=\"widget\" data-e-type=\"widget\" data-widget_type=\"breadcrumbs.default\">\n\t\t\t\t<div class=\"elementor-widget-container\">\n\t\t\t\t\t<p id=\"breadcrumbs\"><span><span><a href=\"https:\/\/simatek.com\/fr\/\">Accueil<\/a><\/span><\/span><\/p>\t\t\t\t<\/div>\n\t\t\t\t<\/div>\n\t\t\t\t\t<\/div>\n\t\t\t\t<\/div>\n\t\t<div class=\"has_ae_slider elementor-element elementor-element-4c0bdfc e-flex e-con-boxed ae-bg-gallery-type-default e-con e-parent\" data-id=\"4c0bdfc\" data-element_type=\"container\" data-e-type=\"container\" data-settings=\"{&quot;background_background&quot;:&quot;classic&quot;}\">\n\t\t\t\t\t<div class=\"e-con-inner\">\n\t\t<div class=\"has_ae_slider elementor-element elementor-element-893cd5a e-con-full e-flex ae-bg-gallery-type-default e-con e-child\" data-id=\"893cd5a\" data-element_type=\"container\" data-e-type=\"container\" data-settings=\"{&quot;background_background&quot;:&quot;classic&quot;}\">\n\t\t\t\t<div class=\"elementor-element elementor-element-cab36b3 elementor-nav-menu--dropdown-none page-menu elementor-widget elementor-widget-nav-menu\" data-id=\"cab36b3\" data-element_type=\"widget\" data-e-type=\"widget\" data-settings=\"{&quot;layout&quot;:&quot;vertical&quot;,&quot;submenu_icon&quot;:{&quot;value&quot;:&quot;&lt;i class=\\&quot;fas fa-caret-down\\&quot; aria-hidden=\\&quot;true\\&quot;&gt;&lt;\\\/i&gt;&quot;,&quot;library&quot;:&quot;fa-solid&quot;}}\" data-widget_type=\"nav-menu.default\">\n\t\t\t\t<div class=\"elementor-widget-container\">\n\t\t\t\t\t\t\t\t<nav aria-label=\"Menu\" class=\"elementor-nav-menu--main elementor-nav-menu__container elementor-nav-menu--layout-vertical e--pointer-background e--animation-fade\">\n\t\t\t\t<ul id=\"menu-1-cab36b3\" class=\"elementor-nav-menu sm-vertical\"><li class=\"menu-item menu-item-type-post_type menu-item-object-page menu-item-2624\"><a href=\"https:\/\/simatek.com\/fr\/about\/\" class=\"elementor-item\">A propos de<\/a><\/li>\n<li class=\"menu-item menu-item-type-post_type menu-item-object-page menu-item-2648\"><a href=\"https:\/\/simatek.com\/fr\/about\/vision-mission-and-values\/\" class=\"elementor-item\">Vision, mission et valeurs<\/a><\/li>\n<li class=\"menu-item menu-item-type-post_type menu-item-object-page menu-item-2644\"><a href=\"https:\/\/simatek.com\/fr\/about\/our-history-en\/\" class=\"elementor-item\">Notre histoire<\/a><\/li>\n<li class=\"menu-item menu-item-type-post_type menu-item-object-page menu-item-2641\"><a href=\"https:\/\/simatek.com\/fr\/about\/acquisition-of-flsmidth-fabric-filter-business\/\" class=\"elementor-item\">Acquisition des activit\u00e9s de FLSmidth dans le domaine des filtres en tissu<\/a><\/li>\n<li class=\"menu-item menu-item-type-post_type menu-item-object-page menu-item-2647\"><a href=\"https:\/\/simatek.com\/fr\/about\/trade-fairs\/\" class=\"elementor-item\">Foires commerciales<\/a><\/li>\n<li class=\"menu-item menu-item-type-post_type menu-item-object-page menu-item-2643\"><a href=\"https:\/\/simatek.com\/fr\/about\/jobs\/\" class=\"elementor-item\">Emplois<\/a><\/li>\n<li class=\"menu-item menu-item-type-post_type menu-item-object-page menu-item-2649\"><a href=\"https:\/\/simatek.com\/fr\/about\/whistleblower\/\" class=\"elementor-item\">D\u00e9nonciateur<\/a><\/li>\n<li class=\"menu-item menu-item-type-post_type menu-item-object-page menu-item-2642\"><a href=\"https:\/\/simatek.com\/fr\/about\/cookie-and-data-privacy-policy\/\" class=\"elementor-item\">Politique en mati\u00e8re de cookies et de confidentialit\u00e9 des donn\u00e9es<\/a><\/li>\n<li class=\"menu-item menu-item-type-custom menu-item-object-custom menu-item-3899\"><a target=\"_blank\" href=\"https:\/\/simatek.com\/wp-content\/uploads\/9730001C_GENERAL-TERMS-OF-PURCHASE.pdf\" class=\"elementor-item\">Conditions d'achat<\/a><\/li>\n<li class=\"menu-item menu-item-type-post_type menu-item-object-page menu-item-2646\"><a href=\"https:\/\/simatek.com\/fr\/about\/retention-of-title\/\" class=\"elementor-item\">Maintien du titre<\/a><\/li>\n<\/ul>\t\t\t<\/nav>\n\t\t\t\t\t\t<nav class=\"elementor-nav-menu--dropdown elementor-nav-menu__container\" aria-hidden=\"true\">\n\t\t\t\t<ul id=\"menu-2-cab36b3\" class=\"elementor-nav-menu sm-vertical\"><li class=\"menu-item menu-item-type-post_type menu-item-object-page menu-item-2624\"><a href=\"https:\/\/simatek.com\/fr\/about\/\" class=\"elementor-item\" tabindex=\"-1\">A propos de<\/a><\/li>\n<li class=\"menu-item menu-item-type-post_type menu-item-object-page menu-item-2648\"><a href=\"https:\/\/simatek.com\/fr\/about\/vision-mission-and-values\/\" class=\"elementor-item\" tabindex=\"-1\">Vision, mission et valeurs<\/a><\/li>\n<li class=\"menu-item menu-item-type-post_type menu-item-object-page menu-item-2644\"><a href=\"https:\/\/simatek.com\/fr\/about\/our-history-en\/\" class=\"elementor-item\" tabindex=\"-1\">Notre histoire<\/a><\/li>\n<li class=\"menu-item menu-item-type-post_type menu-item-object-page menu-item-2641\"><a href=\"https:\/\/simatek.com\/fr\/about\/acquisition-of-flsmidth-fabric-filter-business\/\" class=\"elementor-item\" tabindex=\"-1\">Acquisition des activit\u00e9s de FLSmidth dans le domaine des filtres en tissu<\/a><\/li>\n<li class=\"menu-item menu-item-type-post_type menu-item-object-page menu-item-2647\"><a href=\"https:\/\/simatek.com\/fr\/about\/trade-fairs\/\" class=\"elementor-item\" tabindex=\"-1\">Foires commerciales<\/a><\/li>\n<li class=\"menu-item menu-item-type-post_type menu-item-object-page menu-item-2643\"><a href=\"https:\/\/simatek.com\/fr\/about\/jobs\/\" class=\"elementor-item\" tabindex=\"-1\">Emplois<\/a><\/li>\n<li class=\"menu-item menu-item-type-post_type menu-item-object-page menu-item-2649\"><a href=\"https:\/\/simatek.com\/fr\/about\/whistleblower\/\" class=\"elementor-item\" tabindex=\"-1\">D\u00e9nonciateur<\/a><\/li>\n<li class=\"menu-item menu-item-type-post_type menu-item-object-page menu-item-2642\"><a href=\"https:\/\/simatek.com\/fr\/about\/cookie-and-data-privacy-policy\/\" class=\"elementor-item\" tabindex=\"-1\">Politique en mati\u00e8re de cookies et de confidentialit\u00e9 des donn\u00e9es<\/a><\/li>\n<li class=\"menu-item menu-item-type-custom menu-item-object-custom menu-item-3899\"><a target=\"_blank\" href=\"https:\/\/simatek.com\/wp-content\/uploads\/9730001C_GENERAL-TERMS-OF-PURCHASE.pdf\" class=\"elementor-item\" tabindex=\"-1\">Conditions d'achat<\/a><\/li>\n<li class=\"menu-item menu-item-type-post_type menu-item-object-page menu-item-2646\"><a href=\"https:\/\/simatek.com\/fr\/about\/retention-of-title\/\" class=\"elementor-item\" tabindex=\"-1\">Maintien du titre<\/a><\/li>\n<\/ul>\t\t\t<\/nav>\n\t\t\t\t\t\t<\/div>\n\t\t\t\t<\/div>\n\t\t\t\t<\/div>\n\t\t<div class=\"has_ae_slider elementor-element elementor-element-ddf0079 e-con-full e-flex ae-bg-gallery-type-default e-con e-child\" data-id=\"ddf0079\" data-element_type=\"container\" data-e-type=\"container\">\n\t\t\t\t<div class=\"elementor-element elementor-element-3c04000 elementor-widget elementor-widget-text-editor\" data-id=\"3c04000\" data-element_type=\"widget\" data-e-type=\"widget\" data-widget_type=\"text-editor.default\">\n\t\t\t\t<div class=\"elementor-widget-container\">\n\t\t\t\t\t\t\t\t\t<p><strong>Pour les clients dont l'adresse de facturation se trouve en Grande-Bretagne<\/strong><\/p><ol><li>La propri\u00e9t\u00e9 du produit n'est pas transf\u00e9r\u00e9e \u00e0 l'acheteur, nonobstant la livraison, tant que l'acheteur n'a pas pay\u00e9 au fournisseur l'int\u00e9gralit\u00e9 du produit ainsi que toutes les sommes dues par l'acheteur au fournisseur \u00e0 la date \u00e0 laquelle le paiement du produit a \u00e9t\u00e9 effectu\u00e9.<br \/><br \/><\/li><li>Dans l'attente du transfert du titre de propri\u00e9t\u00e9 du produit \u00e0 l'acheteur, ce dernier stockera le produit de mani\u00e8re \u00e0 ce qu'il soit facilement identifiable comme \u00e9tant la propri\u00e9t\u00e9 du fournisseur.<br \/><br \/><\/li><li>Si, avant que le titre de propri\u00e9t\u00e9 du produit ne soit transf\u00e9r\u00e9 \u00e0 l'acheteur, tout ou partie du produit est incorpor\u00e9 dans un autre article dans le cadre d'un processus de fabrication ou d'assemblage, la propri\u00e9t\u00e9 du nouvel article cr\u00e9\u00e9 est partag\u00e9e entre l'acheteur et le fournisseur au prorata de la valeur du produit ainsi incorpor\u00e9 par rapport \u00e0 la valeur de tout autre composant utilis\u00e9 pour produire le nouvel article, ainsi que des co\u00fbts de fabrication ou d'assemblage. Lors du paiement par l'acheteur au fournisseur conform\u00e9ment \u00e0 la clause 1, la propri\u00e9t\u00e9 du nouvel article est transf\u00e9r\u00e9e \u00e0 l'acheteur.<\/li><\/ol><p>\u00a0<\/p><p><strong>Pour les clients dont l'adresse de facturation est en Allemagne<\/strong><br \/>Un \u00e9quilibre parfait entre la vie priv\u00e9e et la vie professionnelle<\/p><ol><li>Le montant de l'indemnit\u00e9 de d\u00e9part non remboursable est destin\u00e9 \u00e0 garantir toutes les obligations l\u00e9gales et contractuelles de l'acheteur \u00e0 l'\u00e9gard de l'acheteur dans le cadre de l'obligation de remboursement d'un montant sup\u00e9rieur \u00e0 xxxxxxxxx EUR (y compris les obligations de remboursement dans le cadre de l'obligation de remboursement).<br \/><br \/><\/li><li>Die vom Verk\u00e4ufer an den K\u00e4ufer gelieferte Ware bleibt bis zur vollst\u00e4ndigen Bezahlung aller gesicherten Forderungen Eigentum des Verk\u00e4ufers. Die Ware sowie die nach dieser Klausel an ihre Stelle tretende, vom Eigentumsvorbehalt erfasste Ware wird nachfolgend Vorbehaltsware genannt.<br \/><br \/><\/li><li>L'acheteur utilise le logiciel de gestion des stocks uniquement pour l'acheteur.\u00a0<br \/><br \/><\/li><li>L'acheteur est tenu de v\u00e9rifier et d'\u00e9liminer les logiciels de contr\u00f4le jusqu'\u00e0 l'entr\u00e9e en vigueur de l'accord (point 9) dans le cadre de l'accord sur les march\u00e9s publics. Les dispositions et les garanties de s\u00e9curit\u00e9 ne sont pas applicables.<br \/><br \/><\/li><li>Si le Vorbehaltsware est trait\u00e9 par le client, cela signifie que le traitement au nom et pour le compte du client en tant qu'acheteur est effectu\u00e9 et que le client ne peut plus se passer de son bien ou - si le traitement est effectu\u00e9 \u00e0 partir des stocks de plusieurs clients ou si le poids du produit trait\u00e9 est \u00e9gal au poids du Vorbehaltsware - le montant total (Bruchteils-eigentum) pour la nouvelle vente, en fonction du poids du Vorbehaltsware par rapport au poids de la nouvelle vente, doit \u00eatre calcul\u00e9.F\u00fcr den Fall, dass kein solcher Eigentumserwerb beim Verk\u00e4ufer eintreten sollte, \u00fcbertr\u00e4gt der K\u00e4ufer bereits jetzt sein k\u00fcnftiges Eigentum oder - im og. Verh\u00e4ltnis - Miteigentum an der neu geschaffenen Sache zur Sicherheit an den Verk\u00e4ufer. Wird die Vorbehaltsware mit anderen Sachen zu einer einheitlichen Sache verbunden oder untrennbar vermischt und ist eine der anderen Sachen als Hauptsache anzusehen, so \u00fcbertr\u00e4gt der Verk\u00e4ufer, soweit die Hauptsache ihm geh\u00f6rt, dem K\u00e4ufer anteilig das Miteigentum an der einheitlichen Sache in dem in Satz 1 genannten Verh\u00e4ltnis.<br \/><br \/><\/li><li>Im Fall der Weiterver\u00e4u\u00dferung der Vorbehaltsware tritt der K\u00e4ufer bereits jetzt sicherungshalber die hieraus entstehende Forderung gegen den Erwerber - bei Miteigentum des Verk\u00e4ufers an der Vorbehaltsware anteilig entsprechend dem Miteigentumsanteil - an den Verk\u00e4ufer ab. Ce qui pr\u00e9c\u00e8de s'applique aux autres obligations, qui sont impos\u00e9es par le logiciel d'assurance ou qui sont impos\u00e9es par le logiciel d'assurance, comme c'est le cas par exemple pour les obligations d'assurance. Versicherungsanspr\u00fcche oder Anspr\u00fcche aus unerlaubter Handlung bei Verlust oder Zerst\u00f6rung. L'acqu\u00e9reur s'engage \u00e0 ce que l'acheteur soit plus largement inform\u00e9 des obligations qui lui incombent en son nom propre. L'acqu\u00e9reur ne peut se pr\u00e9valoir de cette obligation que dans le cadre d'une obligation de r\u00e9sultat.<br \/><br \/><\/li><li>En cas d'utilisation d'un objet dans le cadre d'un projet, notamment par le biais d'une transaction, l'acheteur doit s'assurer qu'il n'y a pas d'\u00e9cart entre les droits de l'acheteur et l'information de l'acheteur, afin de lui permettre d'exercer son droit \u00e0 l'utilisation. Si le destinataire n'est pas en mesure d'exiger que l'acheteur lui verse, dans ce contexte, des frais g\u00e9n\u00e9raux ou des frais d'aubaine, l'acheteur est tenu d'en informer le destinataire.<br \/><br \/><\/li><li>L'acqu\u00e9reur est libre d'utiliser le logiciel de gestion des d\u00e9chets et les produits ou services qu'il vend sur son site apr\u00e8s son achat, \u00e0 condition que son poids soit sup\u00e9rieur \u00e0 50% pour les services qu'il souhaite obtenir.<br \/><br \/><\/li><li>Tritt der Verk\u00e4ufer bei vertragswidrigem Verhalten des K\u00e4ufers - insbesondere Zahlungsverzug - vom Vertrag zur\u00fcck (Verwertungsfall), ist er berechtigt, die Vorbehaltsware herauszuverlangen.<\/li><\/ol>\t\t\t\t\t\t\t\t<\/div>\n\t\t\t\t<\/div>\n\t\t\t\t<\/div>\n\t\t\t\t\t<\/div>\n\t\t\t\t<\/div>\n\t\t\t\t<\/div>","protected":false},"excerpt":{"rendered":"<p>Retention of title Supplier retains ownership until full payment is made. For\u00a0customers with invoice address in Great Britain Title to the Product shall not pass to the Buyer notwithstanding delivery until the Buyer has paid the Supplier in full for the Product together with all sums due from the Buyer to the Supplier at the [&hellip;]<\/p>\n","protected":false},"author":1,"featured_media":0,"parent":1064,"menu_order":0,"comment_status":"closed","ping_status":"closed","template":"elementor_header_footer","meta":{"_acf_changed":false,"content-type":"","footnotes":""},"class_list":["post-2639","page","type-page","status-publish","hentry"],"acf":[],"yoast_head":"<!-- This site is optimized with the Yoast SEO plugin v27.4 - https:\/\/yoast.com\/product\/yoast-seo-wordpress\/ -->\n<title>Retention of Title | Simatek<\/title>\n<meta name=\"robots\" content=\"index, follow, max-snippet:-1, max-image-preview:large, max-video-preview:-1\" \/>\n<link rel=\"canonical\" href=\"https:\/\/simatek.com\/fr\/a-propos-de\/reserve-de-propriete\/\" \/>\n<meta property=\"og:locale\" content=\"fr_FR\" \/>\n<meta property=\"og:type\" content=\"article\" \/>\n<meta property=\"og:title\" content=\"Retention of Title | Simatek\" \/>\n<meta property=\"og:description\" content=\"Retention of title Supplier retains ownership until full payment is made. For\u00a0customers with invoice address in Great Britain Title to the Product shall not pass to the Buyer notwithstanding delivery until the Buyer has paid the Supplier in full for the Product together with all sums due from the Buyer to the Supplier at the [&hellip;]\" \/>\n<meta property=\"og:url\" content=\"https:\/\/simatek.com\/fr\/a-propos-de\/reserve-de-propriete\/\" \/>\n<meta property=\"og:site_name\" content=\"Simatek\" \/>\n<meta property=\"article:modified_time\" content=\"2026-01-19T11:08:56+00:00\" \/>\n<meta name=\"twitter:card\" content=\"summary_large_image\" \/>\n<meta name=\"twitter:label1\" content=\"Dur\u00e9e de lecture estim\u00e9e\" \/>\n\t<meta name=\"twitter:data1\" content=\"4 minutes\" \/>\n<script type=\"application\/ld+json\" class=\"yoast-schema-graph\">{\"@context\":\"https:\\\/\\\/schema.org\",\"@graph\":[{\"@type\":\"WebPage\",\"@id\":\"https:\\\/\\\/simatek.com\\\/about\\\/retention-of-title\\\/\",\"url\":\"https:\\\/\\\/simatek.com\\\/about\\\/retention-of-title\\\/\",\"name\":\"Retention of Title | Simatek\",\"isPartOf\":{\"@id\":\"https:\\\/\\\/simatek.com\\\/#website\"},\"datePublished\":\"2024-09-04T06:44:12+00:00\",\"dateModified\":\"2026-01-19T11:08:56+00:00\",\"breadcrumb\":{\"@id\":\"https:\\\/\\\/simatek.com\\\/about\\\/retention-of-title\\\/#breadcrumb\"},\"inLanguage\":\"fr-FR\",\"potentialAction\":[{\"@type\":\"ReadAction\",\"target\":[\"https:\\\/\\\/simatek.com\\\/about\\\/retention-of-title\\\/\"]}]},{\"@type\":\"BreadcrumbList\",\"@id\":\"https:\\\/\\\/simatek.com\\\/about\\\/retention-of-title\\\/#breadcrumb\",\"itemListElement\":[{\"@type\":\"ListItem\",\"position\":1,\"name\":\"Home\",\"item\":\"https:\\\/\\\/simatek.com\\\/\"},{\"@type\":\"ListItem\",\"position\":2,\"name\":\"About\",\"item\":\"https:\\\/\\\/simatek.com\\\/about\\\/\"},{\"@type\":\"ListItem\",\"position\":3,\"name\":\"Retention of Title\"}]},{\"@type\":\"WebSite\",\"@id\":\"https:\\\/\\\/simatek.com\\\/#website\",\"url\":\"https:\\\/\\\/simatek.com\\\/\",\"name\":\"Simatek\",\"description\":\"Your partner for emission control\",\"publisher\":{\"@id\":\"https:\\\/\\\/simatek.com\\\/#organization\"},\"potentialAction\":[{\"@type\":\"SearchAction\",\"target\":{\"@type\":\"EntryPoint\",\"urlTemplate\":\"https:\\\/\\\/simatek.com\\\/?s={search_term_string}\"},\"query-input\":{\"@type\":\"PropertyValueSpecification\",\"valueRequired\":true,\"valueName\":\"search_term_string\"}}],\"inLanguage\":\"fr-FR\"},{\"@type\":\"Organization\",\"@id\":\"https:\\\/\\\/simatek.com\\\/#organization\",\"name\":\"Simatek\",\"url\":\"https:\\\/\\\/simatek.com\\\/\",\"logo\":{\"@type\":\"ImageObject\",\"inLanguage\":\"fr-FR\",\"@id\":\"https:\\\/\\\/simatek.com\\\/#\\\/schema\\\/logo\\\/image\\\/\",\"url\":\"https:\\\/\\\/simatek.com\\\/wp-content\\\/uploads\\\/simatek-logo-text.svg\",\"contentUrl\":\"https:\\\/\\\/simatek.com\\\/wp-content\\\/uploads\\\/simatek-logo-text.svg\",\"width\":283,\"height\":80,\"caption\":\"Simatek\"},\"image\":{\"@id\":\"https:\\\/\\\/simatek.com\\\/#\\\/schema\\\/logo\\\/image\\\/\"}}]}<\/script>\n<!-- \/ Yoast SEO plugin. -->","yoast_head_json":{"title":"R\u00e9serve de propri\u00e9t\u00e9 - Simatek","robots":{"index":"index","follow":"follow","max-snippet":"max-snippet:-1","max-image-preview":"max-image-preview:large","max-video-preview":"max-video-preview:-1"},"canonical":"https:\/\/simatek.com\/fr\/a-propos-de\/reserve-de-propriete\/","og_locale":"fr_FR","og_type":"article","og_title":"Retention of Title | Simatek","og_description":"Retention of title Supplier retains ownership until full payment is made. For\u00a0customers with invoice address in Great Britain Title to the Product shall not pass to the Buyer notwithstanding delivery until the Buyer has paid the Supplier in full for the Product together with all sums due from the Buyer to the Supplier at the [&hellip;]","og_url":"https:\/\/simatek.com\/fr\/a-propos-de\/reserve-de-propriete\/","og_site_name":"Simatek","article_modified_time":"2026-01-19T11:08:56+00:00","twitter_card":"summary_large_image","twitter_misc":{"Dur\u00e9e de lecture estim\u00e9e":"4 minutes"},"schema":{"@context":"https:\/\/schema.org","@graph":[{"@type":"WebPage","@id":"https:\/\/simatek.com\/about\/retention-of-title\/","url":"https:\/\/simatek.com\/about\/retention-of-title\/","name":"R\u00e9serve de propri\u00e9t\u00e9 - Simatek","isPartOf":{"@id":"https:\/\/simatek.com\/#website"},"datePublished":"2024-09-04T06:44:12+00:00","dateModified":"2026-01-19T11:08:56+00:00","breadcrumb":{"@id":"https:\/\/simatek.com\/about\/retention-of-title\/#breadcrumb"},"inLanguage":"fr-FR","potentialAction":[{"@type":"ReadAction","target":["https:\/\/simatek.com\/about\/retention-of-title\/"]}]},{"@type":"BreadcrumbList","@id":"https:\/\/simatek.com\/about\/retention-of-title\/#breadcrumb","itemListElement":[{"@type":"ListItem","position":1,"name":"Home","item":"https:\/\/simatek.com\/"},{"@type":"ListItem","position":2,"name":"About","item":"https:\/\/simatek.com\/about\/"},{"@type":"ListItem","position":3,"name":"Retention of Title"}]},{"@type":"WebSite","@id":"https:\/\/simatek.com\/#website","url":"https:\/\/simatek.com\/","name":"Simatek","description":"Votre partenaire pour la maitrise des \u00e9missions","publisher":{"@id":"https:\/\/simatek.com\/#organization"},"potentialAction":[{"@type":"SearchAction","target":{"@type":"EntryPoint","urlTemplate":"https:\/\/simatek.com\/?s={search_term_string}"},"query-input":{"@type":"PropertyValueSpecification","valueRequired":true,"valueName":"search_term_string"}}],"inLanguage":"fr-FR"},{"@type":"Organization","@id":"https:\/\/simatek.com\/#organization","name":"Simatek","url":"https:\/\/simatek.com\/","logo":{"@type":"ImageObject","inLanguage":"fr-FR","@id":"https:\/\/simatek.com\/#\/schema\/logo\/image\/","url":"https:\/\/simatek.com\/wp-content\/uploads\/simatek-logo-text.svg","contentUrl":"https:\/\/simatek.com\/wp-content\/uploads\/simatek-logo-text.svg","width":283,"height":80,"caption":"Simatek"},"image":{"@id":"https:\/\/simatek.com\/#\/schema\/logo\/image\/"}}]}},"_links":{"self":[{"href":"https:\/\/simatek.com\/fr\/wp-json\/wp\/v2\/pages\/2639","targetHints":{"allow":["GET"]}}],"collection":[{"href":"https:\/\/simatek.com\/fr\/wp-json\/wp\/v2\/pages"}],"about":[{"href":"https:\/\/simatek.com\/fr\/wp-json\/wp\/v2\/types\/page"}],"author":[{"embeddable":true,"href":"https:\/\/simatek.com\/fr\/wp-json\/wp\/v2\/users\/1"}],"replies":[{"embeddable":true,"href":"https:\/\/simatek.com\/fr\/wp-json\/wp\/v2\/comments?post=2639"}],"version-history":[{"count":11,"href":"https:\/\/simatek.com\/fr\/wp-json\/wp\/v2\/pages\/2639\/revisions"}],"predecessor-version":[{"id":5871,"href":"https:\/\/simatek.com\/fr\/wp-json\/wp\/v2\/pages\/2639\/revisions\/5871"}],"up":[{"embeddable":true,"href":"https:\/\/simatek.com\/fr\/wp-json\/wp\/v2\/pages\/1064"}],"wp:attachment":[{"href":"https:\/\/simatek.com\/fr\/wp-json\/wp\/v2\/media?parent=2639"}],"curies":[{"name":"wp","href":"https:\/\/api.w.org\/{rel}","templated":true}]}}