{"id":4565,"date":"2025-06-19T13:53:47","date_gmt":"2025-06-19T11:53:47","guid":{"rendered":"https:\/\/simatek.com\/?page_id=4565"},"modified":"2026-02-10T08:46:47","modified_gmt":"2026-02-10T07:46:47","slug":"controleur-de-filtre-a-manches","status":"publish","type":"page","link":"https:\/\/simatek.com\/fr\/bag-filter-controller\/","title":{"rendered":"Contr\u00f4leurs de filtres \u00e0 manches"},"content":{"rendered":"\t\t<div data-elementor-type=\"wp-page\" data-elementor-id=\"4565\" class=\"elementor elementor-4565\" data-elementor-post-type=\"page\">\n\t\t\t\t<div class=\"has_ae_slider elementor-element elementor-element-7b1f33c e-flex e-con-boxed ae-bg-gallery-type-default e-con e-parent\" data-id=\"7b1f33c\" data-element_type=\"container\" data-e-type=\"container\" data-settings=\"{&quot;background_background&quot;:&quot;classic&quot;}\">\n\t\t\t\t\t<div class=\"e-con-inner\">\n\t\t\t\t<div class=\"elementor-element elementor-element-92a7297 elementor-widget elementor-widget-heading\" data-id=\"92a7297\" data-element_type=\"widget\" data-e-type=\"widget\" data-widget_type=\"heading.default\">\n\t\t\t\t<div class=\"elementor-widget-container\">\n\t\t\t\t\t<h1 class=\"elementor-heading-title elementor-size-default\">Bag Filter Controllers\n<\/h1>\t\t\t\t<\/div>\n\t\t\t\t<\/div>\n\t\t\t\t\t<\/div>\n\t\t\t\t<\/div>\n\t\t<div class=\"has_ae_slider elementor-element elementor-element-7441830 e-flex e-con-boxed ae-bg-gallery-type-default e-con e-parent\" data-id=\"7441830\" data-element_type=\"container\" data-e-type=\"container\" data-settings=\"{&quot;background_background&quot;:&quot;classic&quot;}\">\n\t\t\t\t\t<div class=\"e-con-inner\">\n\t\t\t\t<div class=\"elementor-element elementor-element-ef00066 elementor-align-left elementor-mobile-align-left elementor-widget elementor-widget-breadcrumbs\" data-id=\"ef00066\" data-element_type=\"widget\" data-e-type=\"widget\" data-widget_type=\"breadcrumbs.default\">\n\t\t\t\t<div class=\"elementor-widget-container\">\n\t\t\t\t\t<p id=\"breadcrumbs\"><span><span><a href=\"https:\/\/simatek.com\/\">Home<\/a><\/span><\/span><\/p>\t\t\t\t<\/div>\n\t\t\t\t<\/div>\n\t\t\t\t\t<\/div>\n\t\t\t\t<\/div>\n\t\t<div class=\"has_ae_slider elementor-element elementor-element-4050fef e-flex e-con-boxed ae-bg-gallery-type-default e-con e-parent\" data-id=\"4050fef\" data-element_type=\"container\" data-e-type=\"container\">\n\t\t\t\t\t<div class=\"e-con-inner\">\n\t\t\t\t<div class=\"elementor-element elementor-element-7873e01 elementor-widget elementor-widget-heading\" data-id=\"7873e01\" data-element_type=\"widget\" data-e-type=\"widget\" data-widget_type=\"heading.default\">\n\t\t\t\t<div class=\"elementor-widget-container\">\n\t\t\t\t\t<h2 class=\"elementor-heading-title elementor-size-default\">Bag filter Controllers \u2013 The key to increasing dust collection efficiency.\n<\/h2>\t\t\t\t<\/div>\n\t\t\t\t<\/div>\n\t\t\t\t\t<\/div>\n\t\t\t\t<\/div>\n\t\t<div class=\"has_ae_slider elementor-element elementor-element-4bb2d0c e-flex e-con-boxed ae-bg-gallery-type-default e-con e-parent\" data-id=\"4bb2d0c\" data-element_type=\"container\" data-e-type=\"container\">\n\t\t\t\t\t<div class=\"e-con-inner\">\n\t\t\t\t<div class=\"elementor-element elementor-element-f3b7fb4 elementor-grid-3 elementor-grid-tablet-1 elementor-grid-mobile-1 elementor-widget elementor-widget-loop-grid\" data-id=\"f3b7fb4\" data-element_type=\"widget\" data-e-type=\"widget\" data-settings=\"{&quot;template_id&quot;:&quot;2443&quot;,&quot;columns&quot;:3,&quot;columns_tablet&quot;:1,&quot;_skin&quot;:&quot;post&quot;,&quot;columns_mobile&quot;:&quot;1&quot;,&quot;edit_handle_selector&quot;:&quot;[data-elementor-type=\\&quot;loop-item\\&quot;]&quot;,&quot;row_gap&quot;:{&quot;unit&quot;:&quot;px&quot;,&quot;size&quot;:&quot;&quot;,&quot;sizes&quot;:[]},&quot;row_gap_tablet&quot;:{&quot;unit&quot;:&quot;px&quot;,&quot;size&quot;:&quot;&quot;,&quot;sizes&quot;:[]},&quot;row_gap_mobile&quot;:{&quot;unit&quot;:&quot;px&quot;,&quot;size&quot;:&quot;&quot;,&quot;sizes&quot;:[]}}\" data-widget_type=\"loop-grid.post\">\n\t\t\t\t<div class=\"elementor-widget-container\">\n\t\t\t\t\t\t\t<div class=\"elementor-loop-container elementor-grid\" role=\"list\">\n\t\t<style id=\"loop-2443\">.elementor-2443 .elementor-element.elementor-element-14503e0{--display:flex;--min-height:300px;--flex-direction:row;--container-widget-width:calc( ( 1 - var( --container-widget-flex-grow ) ) * 100% );--container-widget-height:100%;--container-widget-flex-grow:1;--container-widget-align-self:stretch;--flex-wrap-mobile:wrap;--justify-content:flex-start;--align-items:flex-start;--border-radius:6px 6px 6px 6px;--padding-top:20px;--padding-bottom:20px;--padding-left:20px;--padding-right:20px;}.elementor-2443 .elementor-element.elementor-element-14503e0:not(.elementor-motion-effects-element-type-background), .elementor-2443 .elementor-element.elementor-element-14503e0 > .elementor-motion-effects-container > .elementor-motion-effects-layer{background-color:#F1EFEF;}.elementor-widget-image .widget-image-caption{color:var( --e-global-color-text );font-family:var( --e-global-typography-text-font-family ), Sans-serif;font-size:var( --e-global-typography-text-font-size );font-style:var( --e-global-typography-text-font-style );text-decoration:var( --e-global-typography-text-text-decoration );}.elementor-2443 .elementor-element.elementor-element-c93d6f7{text-align:center;}.elementor-2443 .elementor-element.elementor-element-c93d6f7 img{width:300px;height:200px;object-fit:contain;object-position:center center;}.elementor-2443 .elementor-element.elementor-element-c93d6f7.elementor-element{--align-self:flex-start;}.elementor-2443 .elementor-element.elementor-element-20cbc9c{--display:flex;--flex-direction:column;--container-widget-width:100%;--container-widget-height:initial;--container-widget-flex-grow:0;--container-widget-align-self:initial;--flex-wrap-mobile:wrap;--justify-content:space-between;}.elementor-2443 .elementor-element.elementor-element-20cbc9c.e-con{--align-self:stretch;}.elementor-2443 .elementor-element.elementor-element-8fdac1d{--display:flex;--gap:6px 6px;--row-gap:6px;--column-gap:6px;}.elementor-widget-heading .elementor-heading-title{font-family:var( --e-global-typography-primary-font-family ), Sans-serif;font-style:var( --e-global-typography-primary-font-style );text-decoration:var( --e-global-typography-primary-text-decoration );color:var( --e-global-color-primary );}.elementor-2443 .elementor-element.elementor-element-e40b51a .elementor-heading-title{font-family:\"Open Sans\", Sans-serif;font-size:20px;font-weight:700;font-style:normal;text-decoration:none;-webkit-text-stroke-color:#000;stroke:#000;}.elementor-widget-text-editor{font-family:var( --e-global-typography-text-font-family ), Sans-serif;font-size:var( --e-global-typography-text-font-size );font-style:var( --e-global-typography-text-font-style );text-decoration:var( --e-global-typography-text-text-decoration );color:var( --e-global-color-text );}.elementor-widget-text-editor.elementor-drop-cap-view-stacked .elementor-drop-cap{background-color:var( --e-global-color-primary );}.elementor-widget-text-editor.elementor-drop-cap-view-framed .elementor-drop-cap, .elementor-widget-text-editor.elementor-drop-cap-view-default .elementor-drop-cap{color:var( --e-global-color-primary );border-color:var( --e-global-color-primary );}.elementor-2443 .elementor-element.elementor-element-62785f4{color:var( --e-global-color-text );}.elementor-widget-button .elementor-button{font-family:var( --e-global-typography-accent-font-family ), Sans-serif;font-size:var( --e-global-typography-accent-font-size );font-weight:var( --e-global-typography-accent-font-weight );font-style:var( --e-global-typography-accent-font-style );text-decoration:var( --e-global-typography-accent-text-decoration );letter-spacing:var( --e-global-typography-accent-letter-spacing );background-color:var( --e-global-color-accent );}.elementor-2443 .elementor-element.elementor-element-2a138e8 .elementor-button{font-family:var( --e-global-typography-accent-font-family ), Sans-serif;font-size:var( --e-global-typography-accent-font-size );font-weight:var( --e-global-typography-accent-font-weight );font-style:var( --e-global-typography-accent-font-style );text-decoration:var( --e-global-typography-accent-text-decoration );letter-spacing:var( --e-global-typography-accent-letter-spacing );fill:var( --e-global-color-4e7aee4c );color:var( --e-global-color-4e7aee4c );background-color:var( --e-global-color-154c8f3 );border-style:solid;border-width:2px 2px 2px 2px;border-color:var( --e-global-color-154c8f3 );}.elementor-2443 .elementor-element.elementor-element-2a138e8 .elementor-button:hover, .elementor-2443 .elementor-element.elementor-element-2a138e8 .elementor-button:focus{color:var( --e-global-color-4e7aee4c );background-color:var( --e-global-color-74b9bde );border-color:var( --e-global-color-74b9bde );}.elementor-2443 .elementor-element.elementor-element-2a138e8 .elementor-button:hover svg, .elementor-2443 .elementor-element.elementor-element-2a138e8 .elementor-button:focus svg{fill:var( --e-global-color-4e7aee4c );}@media(max-width:1024px){.elementor-widget-image .widget-image-caption{font-size:var( --e-global-typography-text-font-size );}.elementor-widget-text-editor{font-size:var( --e-global-typography-text-font-size );}.elementor-widget-button .elementor-button{font-size:var( --e-global-typography-accent-font-size );letter-spacing:var( --e-global-typography-accent-letter-spacing );}.elementor-2443 .elementor-element.elementor-element-2a138e8 .elementor-button{font-size:var( --e-global-typography-accent-font-size );letter-spacing:var( --e-global-typography-accent-letter-spacing );}}@media(max-width:767px){.elementor-widget-image .widget-image-caption{font-size:var( --e-global-typography-text-font-size );}.elementor-widget-text-editor{font-size:var( --e-global-typography-text-font-size );}.elementor-widget-button .elementor-button{font-size:var( --e-global-typography-accent-font-size );letter-spacing:var( --e-global-typography-accent-letter-spacing );}.elementor-2443 .elementor-element.elementor-element-2a138e8 .elementor-button{font-size:var( --e-global-typography-accent-font-size );letter-spacing:var( --e-global-typography-accent-letter-spacing );}}<\/style>\t\t<div data-elementor-type=\"loop-item\" data-elementor-id=\"2443\" class=\"elementor elementor-2443 e-loop-item e-loop-item-3391 post-3391 bag-filters type-bag-filters status-publish has-post-thumbnail hentry bag-filter-category-filter-controller\" data-elementor-post-type=\"elementor_library\" data-custom-edit-handle=\"1\">\n\t\t\t<div class=\"has_ae_slider elementor-element elementor-element-14503e0 e-con-full e-flex ae-bg-gallery-type-default e-con e-child\" data-id=\"14503e0\" data-element_type=\"container\" data-e-type=\"container\" data-settings=\"{&quot;background_background&quot;:&quot;classic&quot;}\">\n\t\t\t\t<div class=\"elementor-element elementor-element-c93d6f7 elementor-widget elementor-widget-image\" data-id=\"c93d6f7\" data-element_type=\"widget\" data-e-type=\"widget\" data-widget_type=\"image.default\">\n\t\t\t\t<div class=\"elementor-widget-container\">\n\t\t\t\t\t\t\t\t\t\t\t\t\t\t\t<img fetchpriority=\"high\" decoding=\"async\" width=\"252\" height=\"300\" src=\"https:\/\/simatek.com\/wp-content\/uploads\/TFCD16-removebg-preview-1-252x300.png\" class=\"attachment-medium size-medium wp-image-3401\" alt=\"\" srcset=\"https:\/\/simatek.com\/wp-content\/uploads\/TFCD16-removebg-preview-1-252x300.png 252w, https:\/\/simatek.com\/wp-content\/uploads\/TFCD16-removebg-preview-1.png 458w\" sizes=\"(max-width: 252px) 100vw, 252px\" \/>\t\t\t\t\t\t\t\t\t\t\t\t\t\t\t<\/div>\n\t\t\t\t<\/div>\n\t\t<div class=\"has_ae_slider elementor-element elementor-element-20cbc9c e-con-full e-flex ae-bg-gallery-type-default e-con e-child\" data-id=\"20cbc9c\" data-element_type=\"container\" data-e-type=\"container\">\n\t\t<div class=\"has_ae_slider elementor-element elementor-element-8fdac1d e-con-full e-flex ae-bg-gallery-type-default e-con e-child\" data-id=\"8fdac1d\" data-element_type=\"container\" data-e-type=\"container\">\n\t\t\t\t<div class=\"elementor-element elementor-element-e40b51a elementor-widget elementor-widget-heading\" data-id=\"e40b51a\" data-element_type=\"widget\" data-e-type=\"widget\" data-widget_type=\"heading.default\">\n\t\t\t\t<div class=\"elementor-widget-container\">\n\t\t\t\t\t<h2 class=\"elementor-heading-title elementor-size-default\"><a href=\"https:\/\/simatek.com\/fr\/bag-filters\/controllers\/\">Controllers<\/a><\/h2>\t\t\t\t<\/div>\n\t\t\t\t<\/div>\n\t\t\t\t<div class=\"elementor-element elementor-element-62785f4 elementor-widget elementor-widget-text-editor\" data-id=\"62785f4\" data-element_type=\"widget\" data-e-type=\"widget\" data-widget_type=\"text-editor.default\">\n\t\t\t\t<div class=\"elementor-widget-container\">\n\t\t\t\t\t\t\t\t\tRunning a pulse jet system correctly is very often the key to efficient and cost-effective baghouse operations.\t\t\t\t\t\t\t\t<\/div>\n\t\t\t\t<\/div>\n\t\t\t\t<\/div>\n\t\t\t\t<div class=\"elementor-element elementor-element-2a138e8 elementor-align-left elementor-mobile-align-center elementor-widget elementor-widget-button\" data-id=\"2a138e8\" data-element_type=\"widget\" data-e-type=\"widget\" data-widget_type=\"button.default\">\n\t\t\t\t<div class=\"elementor-widget-container\">\n\t\t\t\t\t\t\t\t\t<div class=\"elementor-button-wrapper\">\n\t\t\t\t\t<a class=\"elementor-button elementor-button-link elementor-size-sm\" href=\"https:\/\/simatek.com\/fr\/bag-filters\/controllers\/\">\n\t\t\t\t\t\t<span class=\"elementor-button-content-wrapper\">\n\t\t\t\t\t\t\t\t\t<span class=\"elementor-button-text\">View product<\/span>\n\t\t\t\t\t<\/span>\n\t\t\t\t\t<\/a>\n\t\t\t\t<\/div>\n\t\t\t\t\t\t\t\t<\/div>\n\t\t\t\t<\/div>\n\t\t\t\t<\/div>\n\t\t\t\t<\/div>\n\t\t\t\t<\/div>\n\t\t\t\t<div data-elementor-type=\"loop-item\" data-elementor-id=\"2443\" class=\"elementor elementor-2443 e-loop-item e-loop-item-3414 post-3414 bag-filters type-bag-filters status-publish has-post-thumbnail hentry bag-filter-category-filter-controller\" data-elementor-post-type=\"elementor_library\" data-custom-edit-handle=\"1\">\n\t\t\t<div class=\"has_ae_slider elementor-element elementor-element-14503e0 e-con-full e-flex ae-bg-gallery-type-default e-con e-child\" data-id=\"14503e0\" data-element_type=\"container\" data-e-type=\"container\" data-settings=\"{&quot;background_background&quot;:&quot;classic&quot;}\">\n\t\t\t\t<div class=\"elementor-element elementor-element-c93d6f7 elementor-widget elementor-widget-image\" data-id=\"c93d6f7\" data-element_type=\"widget\" data-e-type=\"widget\" data-widget_type=\"image.default\">\n\t\t\t\t<div class=\"elementor-widget-container\">\n\t\t\t\t\t\t\t\t\t\t\t\t\t\t\t<img decoding=\"async\" width=\"300\" height=\"200\" src=\"https:\/\/simatek.com\/wp-content\/uploads\/6-removebg-preview_0-1-300x200.png\" class=\"attachment-medium size-medium wp-image-3415\" alt=\"\" srcset=\"https:\/\/simatek.com\/wp-content\/uploads\/6-removebg-preview_0-1-300x200.png 300w, https:\/\/simatek.com\/wp-content\/uploads\/6-removebg-preview_0-1.png 612w\" sizes=\"(max-width: 300px) 100vw, 300px\" \/>\t\t\t\t\t\t\t\t\t\t\t\t\t\t\t<\/div>\n\t\t\t\t<\/div>\n\t\t<div class=\"has_ae_slider elementor-element elementor-element-20cbc9c e-con-full e-flex ae-bg-gallery-type-default e-con e-child\" data-id=\"20cbc9c\" data-element_type=\"container\" data-e-type=\"container\">\n\t\t<div class=\"has_ae_slider elementor-element elementor-element-8fdac1d e-con-full e-flex ae-bg-gallery-type-default e-con e-child\" data-id=\"8fdac1d\" data-element_type=\"container\" data-e-type=\"container\">\n\t\t\t\t<div class=\"elementor-element elementor-element-e40b51a elementor-widget elementor-widget-heading\" data-id=\"e40b51a\" data-element_type=\"widget\" data-e-type=\"widget\" data-widget_type=\"heading.default\">\n\t\t\t\t<div class=\"elementor-widget-container\">\n\t\t\t\t\t<h2 class=\"elementor-heading-title elementor-size-default\"><a href=\"https:\/\/simatek.com\/fr\/bag-filters\/simcontrol-advance\/\">SimControl Advance\u00ae<\/a><\/h2>\t\t\t\t<\/div>\n\t\t\t\t<\/div>\n\t\t\t\t<div class=\"elementor-element elementor-element-62785f4 elementor-widget elementor-widget-text-editor\" data-id=\"62785f4\" data-element_type=\"widget\" data-e-type=\"widget\" data-widget_type=\"text-editor.default\">\n\t\t\t\t<div class=\"elementor-widget-container\">\n\t\t\t\t\t\t\t\t\tModern system for parallel or serial com-munication to plant control system. The SCA analyses and adapts to all process conditions.\t\t\t\t\t\t\t\t<\/div>\n\t\t\t\t<\/div>\n\t\t\t\t<\/div>\n\t\t\t\t<div class=\"elementor-element elementor-element-2a138e8 elementor-align-left elementor-mobile-align-center elementor-widget elementor-widget-button\" data-id=\"2a138e8\" data-element_type=\"widget\" data-e-type=\"widget\" data-widget_type=\"button.default\">\n\t\t\t\t<div class=\"elementor-widget-container\">\n\t\t\t\t\t\t\t\t\t<div class=\"elementor-button-wrapper\">\n\t\t\t\t\t<a class=\"elementor-button elementor-button-link elementor-size-sm\" href=\"https:\/\/simatek.com\/fr\/bag-filters\/simcontrol-advance\/\">\n\t\t\t\t\t\t<span class=\"elementor-button-content-wrapper\">\n\t\t\t\t\t\t\t\t\t<span class=\"elementor-button-text\">View product<\/span>\n\t\t\t\t\t<\/span>\n\t\t\t\t\t<\/a>\n\t\t\t\t<\/div>\n\t\t\t\t\t\t\t\t<\/div>\n\t\t\t\t<\/div>\n\t\t\t\t<\/div>\n\t\t\t\t<\/div>\n\t\t\t\t<\/div>\n\t\t\t\t<\/div>\n\t\t\n\t\t\t\t\t\t<\/div>\n\t\t\t\t<\/div>\n\t\t\t\t\t<\/div>\n\t\t\t\t<\/div>\n\t\t\t\t<\/div>\n\t\t","protected":false},"excerpt":{"rendered":"<p>Contr\u00f4leurs de filtres \u00e0 manches Contr\u00f4leurs de filtres \u00e0 manches - La cl\u00e9 pour augmenter l'efficacit\u00e9 du d\u00e9poussi\u00e9rage.<\/p>","protected":false},"author":1,"featured_media":0,"parent":0,"menu_order":0,"comment_status":"closed","ping_status":"closed","template":"","meta":{"_acf_changed":false,"content-type":"","footnotes":""},"class_list":["post-4565","page","type-page","status-publish","hentry"],"acf":[],"yoast_head":"<!-- This site is optimized with the Yoast SEO plugin v27.3 - https:\/\/yoast.com\/product\/yoast-seo-wordpress\/ -->\n<title>Bag Filter Controllers | Reliable controllers for Filtration Solutions<\/title>\n<meta name=\"description\" content=\"Increase dust collection efficiency with advanced bag filter controllers designed for precise control and reliable industrial filtration.\" \/>\n<meta name=\"robots\" content=\"index, follow, max-snippet:-1, max-image-preview:large, max-video-preview:-1\" \/>\n<link rel=\"canonical\" href=\"https:\/\/simatek.com\/fr\/controleur-de-filtre-a-manches\/\" \/>\n<meta property=\"og:locale\" content=\"fr_FR\" \/>\n<meta property=\"og:type\" content=\"article\" \/>\n<meta property=\"og:title\" content=\"Bag Filter Controllers | Reliable controllers for Filtration Solutions\" \/>\n<meta property=\"og:description\" content=\"Increase dust collection efficiency with advanced bag filter controllers designed for precise control and reliable industrial filtration.\" \/>\n<meta property=\"og:url\" content=\"https:\/\/simatek.com\/fr\/controleur-de-filtre-a-manches\/\" \/>\n<meta property=\"og:site_name\" content=\"Simatek\" \/>\n<meta property=\"article:modified_time\" content=\"2026-02-10T07:46:47+00:00\" \/>\n<meta name=\"twitter:card\" content=\"summary_large_image\" \/>\n<meta name=\"twitter:label1\" content=\"Dur\u00e9e de lecture estim\u00e9e\" \/>\n\t<meta name=\"twitter:data1\" content=\"1 minute\" \/>\n<script type=\"application\/ld+json\" class=\"yoast-schema-graph\">{\"@context\":\"https:\\\/\\\/schema.org\",\"@graph\":[{\"@type\":\"WebPage\",\"@id\":\"https:\\\/\\\/simatek.com\\\/bag-filter-controller\\\/\",\"url\":\"https:\\\/\\\/simatek.com\\\/bag-filter-controller\\\/\",\"name\":\"Bag Filter Controllers | Reliable controllers for Filtration Solutions\",\"isPartOf\":{\"@id\":\"https:\\\/\\\/simatek.com\\\/#website\"},\"datePublished\":\"2025-06-19T11:53:47+00:00\",\"dateModified\":\"2026-02-10T07:46:47+00:00\",\"description\":\"Increase dust collection efficiency with advanced bag filter controllers designed for precise control and reliable industrial filtration.\",\"breadcrumb\":{\"@id\":\"https:\\\/\\\/simatek.com\\\/bag-filter-controller\\\/#breadcrumb\"},\"inLanguage\":\"fr-FR\",\"potentialAction\":[{\"@type\":\"ReadAction\",\"target\":[\"https:\\\/\\\/simatek.com\\\/bag-filter-controller\\\/\"]}]},{\"@type\":\"BreadcrumbList\",\"@id\":\"https:\\\/\\\/simatek.com\\\/bag-filter-controller\\\/#breadcrumb\",\"itemListElement\":[{\"@type\":\"ListItem\",\"position\":1,\"name\":\"Home\",\"item\":\"https:\\\/\\\/simatek.com\\\/\"},{\"@type\":\"ListItem\",\"position\":2,\"name\":\"Bag Filter Controllers\"}]},{\"@type\":\"WebSite\",\"@id\":\"https:\\\/\\\/simatek.com\\\/#website\",\"url\":\"https:\\\/\\\/simatek.com\\\/\",\"name\":\"Simatek\",\"description\":\"Your partner for emission control\",\"publisher\":{\"@id\":\"https:\\\/\\\/simatek.com\\\/#organization\"},\"potentialAction\":[{\"@type\":\"SearchAction\",\"target\":{\"@type\":\"EntryPoint\",\"urlTemplate\":\"https:\\\/\\\/simatek.com\\\/?s={search_term_string}\"},\"query-input\":{\"@type\":\"PropertyValueSpecification\",\"valueRequired\":true,\"valueName\":\"search_term_string\"}}],\"inLanguage\":\"fr-FR\"},{\"@type\":\"Organization\",\"@id\":\"https:\\\/\\\/simatek.com\\\/#organization\",\"name\":\"Simatek\",\"url\":\"https:\\\/\\\/simatek.com\\\/\",\"logo\":{\"@type\":\"ImageObject\",\"inLanguage\":\"fr-FR\",\"@id\":\"https:\\\/\\\/simatek.com\\\/#\\\/schema\\\/logo\\\/image\\\/\",\"url\":\"https:\\\/\\\/simatek.com\\\/wp-content\\\/uploads\\\/simatek-logo-text.svg\",\"contentUrl\":\"https:\\\/\\\/simatek.com\\\/wp-content\\\/uploads\\\/simatek-logo-text.svg\",\"width\":283,\"height\":80,\"caption\":\"Simatek\"},\"image\":{\"@id\":\"https:\\\/\\\/simatek.com\\\/#\\\/schema\\\/logo\\\/image\\\/\"}}]}<\/script>\n<!-- \/ Yoast SEO plugin. -->","yoast_head_json":{"title":"Contr\u00f4leurs de filtres \u00e0 manches | Contr\u00f4leurs fiables pour les solutions de filtration","description":"Augmentez l'efficacit\u00e9 du d\u00e9poussi\u00e9rage avec des contr\u00f4leurs de filtres \u00e0 manches avanc\u00e9s, con\u00e7us pour un contr\u00f4le pr\u00e9cis et une filtration industrielle fiable.","robots":{"index":"index","follow":"follow","max-snippet":"max-snippet:-1","max-image-preview":"max-image-preview:large","max-video-preview":"max-video-preview:-1"},"canonical":"https:\/\/simatek.com\/fr\/controleur-de-filtre-a-manches\/","og_locale":"fr_FR","og_type":"article","og_title":"Bag Filter Controllers | Reliable controllers for Filtration Solutions","og_description":"Increase dust collection efficiency with advanced bag filter controllers designed for precise control and reliable industrial filtration.","og_url":"https:\/\/simatek.com\/fr\/controleur-de-filtre-a-manches\/","og_site_name":"Simatek","article_modified_time":"2026-02-10T07:46:47+00:00","twitter_card":"summary_large_image","twitter_misc":{"Dur\u00e9e de lecture estim\u00e9e":"1 minute"},"schema":{"@context":"https:\/\/schema.org","@graph":[{"@type":"WebPage","@id":"https:\/\/simatek.com\/bag-filter-controller\/","url":"https:\/\/simatek.com\/bag-filter-controller\/","name":"Contr\u00f4leurs de filtres \u00e0 manches | Contr\u00f4leurs fiables pour les solutions de filtration","isPartOf":{"@id":"https:\/\/simatek.com\/#website"},"datePublished":"2025-06-19T11:53:47+00:00","dateModified":"2026-02-10T07:46:47+00:00","description":"Augmentez l'efficacit\u00e9 du d\u00e9poussi\u00e9rage avec des contr\u00f4leurs de filtres \u00e0 manches avanc\u00e9s, con\u00e7us pour un contr\u00f4le pr\u00e9cis et une filtration industrielle fiable.","breadcrumb":{"@id":"https:\/\/simatek.com\/bag-filter-controller\/#breadcrumb"},"inLanguage":"fr-FR","potentialAction":[{"@type":"ReadAction","target":["https:\/\/simatek.com\/bag-filter-controller\/"]}]},{"@type":"BreadcrumbList","@id":"https:\/\/simatek.com\/bag-filter-controller\/#breadcrumb","itemListElement":[{"@type":"ListItem","position":1,"name":"Home","item":"https:\/\/simatek.com\/"},{"@type":"ListItem","position":2,"name":"Bag Filter Controllers"}]},{"@type":"WebSite","@id":"https:\/\/simatek.com\/#website","url":"https:\/\/simatek.com\/","name":"Simatek","description":"Votre partenaire pour la maitrise des \u00e9missions","publisher":{"@id":"https:\/\/simatek.com\/#organization"},"potentialAction":[{"@type":"SearchAction","target":{"@type":"EntryPoint","urlTemplate":"https:\/\/simatek.com\/?s={search_term_string}"},"query-input":{"@type":"PropertyValueSpecification","valueRequired":true,"valueName":"search_term_string"}}],"inLanguage":"fr-FR"},{"@type":"Organization","@id":"https:\/\/simatek.com\/#organization","name":"Simatek","url":"https:\/\/simatek.com\/","logo":{"@type":"ImageObject","inLanguage":"fr-FR","@id":"https:\/\/simatek.com\/#\/schema\/logo\/image\/","url":"https:\/\/simatek.com\/wp-content\/uploads\/simatek-logo-text.svg","contentUrl":"https:\/\/simatek.com\/wp-content\/uploads\/simatek-logo-text.svg","width":283,"height":80,"caption":"Simatek"},"image":{"@id":"https:\/\/simatek.com\/#\/schema\/logo\/image\/"}}]}},"_links":{"self":[{"href":"https:\/\/simatek.com\/fr\/wp-json\/wp\/v2\/pages\/4565","targetHints":{"allow":["GET"]}}],"collection":[{"href":"https:\/\/simatek.com\/fr\/wp-json\/wp\/v2\/pages"}],"about":[{"href":"https:\/\/simatek.com\/fr\/wp-json\/wp\/v2\/types\/page"}],"author":[{"embeddable":true,"href":"https:\/\/simatek.com\/fr\/wp-json\/wp\/v2\/users\/1"}],"replies":[{"embeddable":true,"href":"https:\/\/simatek.com\/fr\/wp-json\/wp\/v2\/comments?post=4565"}],"version-history":[{"count":10,"href":"https:\/\/simatek.com\/fr\/wp-json\/wp\/v2\/pages\/4565\/revisions"}],"predecessor-version":[{"id":5793,"href":"https:\/\/simatek.com\/fr\/wp-json\/wp\/v2\/pages\/4565\/revisions\/5793"}],"wp:attachment":[{"href":"https:\/\/simatek.com\/fr\/wp-json\/wp\/v2\/media?parent=4565"}],"curies":[{"name":"wp","href":"https:\/\/api.w.org\/{rel}","templated":true}]}}